{"id":1210,"date":"2025-06-12T18:07:02","date_gmt":"2025-06-12T18:07:02","guid":{"rendered":"https:\/\/modeco.mywebwork.net\/produkt\/suede-rs-hexagon-red\/"},"modified":"2025-07-06T19:03:20","modified_gmt":"2025-07-06T17:03:20","slug":"ante-hexagonal-rojo","status":"publish","type":"product","link":"https:\/\/modeco-sklep.pl\/es\/suede-rs-hexagon-red\/","title":{"rendered":"ANTE RS HEXAGON ROJO"},"content":{"rendered":"<p data-rm-block-id=\"block-1\">TEJIDO SUEDE RS EMBOSSED<\/p>\n<p data-rm-block-id=\"block-2\"><strong>Propiedades:<\/strong><\/p>\n<ul>\n<li data-rm-block-id=\"block-3\">Suave al tacto<\/li>\n<li data-rm-block-id=\"block-4\">Transpirable<\/li>\n<li data-rm-block-id=\"block-5\">Estructura de lujo<\/li>\n<li data-rm-block-id=\"block-6\">Excelente durabilidad<\/li>\n<li data-rm-block-id=\"block-7\">Flexible y f\u00e1cil de moldear<\/li>\n<li data-rm-block-id=\"block-8\">Temperatura de superficie confortable, independientemente de la temperatura ambiente<\/li>\n<li data-rm-block-id=\"block-9\">F\u00e1cil de cuidar y mantener<\/li>\n<li data-rm-block-id=\"block-10\">Amplia adaptabilidad a diferentes especificaciones, funciones y aplicaciones<\/li>\n<\/ul>\n<p data-rm-block-id=\"block-11\"><strong>Especificaci\u00f3n:<\/strong><\/p>\n<ul>\n<li data-rm-block-id=\"block-12\">Anchura: 150 cm<\/li>\n<li data-rm-block-id=\"block-13\">Composici\u00f3n: 100% poli\u00e9ster<\/li>\n<\/ul>\n<p data-rm-block-id=\"block-14\">Aplicaci\u00f3n:<\/p>\n<ul>\n<li data-rm-block-id=\"block-15\">Tapicer\u00eda de los asientos<\/li>\n<li data-rm-block-id=\"block-16\">Paredes y techos de furgonetas<\/li>\n<\/ul>\n<p data-rm-block-id=\"block-18\"><strong>Detalles del producto:<\/strong><\/p>\n<p data-rm-block-id=\"block-19\">Al comprar 1 pieza, est\u00e1 comprando 1 metro lineal de tela ( 100 cm x 150 cm )<\/p>","protected":false},"excerpt":{"rendered":"<p>Tejido SUEDE RS EMBOSSED Propiedades: Suave al tacto Transpirable Textura lujosa Excelente durabilidad Flexible y f\u00e1cil de moldear Confortable temperatura superficial, independientemente de la temperatura ambiente F\u00e1cil de cuidar y mantener Amplia adaptabilidad a diferentes especificaciones, funciones y aplicaciones Especificaci\u00f3n: Ancho: 150 cm Composici\u00f3n: Poli\u00e9ster 100% Aplicaci\u00f3n: Tapicer\u00eda de asientos Paredes y techo en furgonetas Detalles....<\/p>","protected":false},"featured_media":654,"comment_status":"closed","ping_status":"closed","template":"","meta":{"_acf_changed":false,"_kad_blocks_custom_css":"","_kad_blocks_head_custom_js":"","_kad_blocks_body_custom_js":"","_kad_blocks_footer_custom_js":"","_kad_post_transparent":"","_kad_post_title":"","_kad_post_layout":"","_kad_post_sidebar_id":"","_kad_post_content_style":"","_kad_post_vertical_padding":"","_kad_post_feature":"","_kad_post_feature_position":"","_kad_post_header":false,"_kad_post_footer":false,"_kad_post_classname":""},"product_brand":[17],"product_cat":[61],"product_tag":[],"class_list":{"0":"post-1210","1":"product","2":"type-product","3":"status-publish","4":"has-post-thumbnail","6":"product_brand-modeco","7":"product_cat-suede-rs-embossed","9":"first","10":"instock","11":"purchasable","12":"product-type-simple","13":"entry","14":"content-bg","15":"loop-entry"},"acf":[],"taxonomy_info":{"product_brand":[{"value":17,"label":"MODECO"}],"product_cat":[{"value":61,"label":"SUEDE RS EMBOSSED"}]},"featured_image_src_large":["https:\/\/modeco-sklep.pl\/wp-content\/uploads\/2025\/06\/IMG20230318161326-scaled-1024x683.jpg",1024,683,true],"author_info":[],"comment_info":0,"_links":{"self":[{"href":"https:\/\/modeco-sklep.pl\/es\/wp-json\/wp\/v2\/product\/1210","targetHints":{"allow":["GET"]}}],"collection":[{"href":"https:\/\/modeco-sklep.pl\/es\/wp-json\/wp\/v2\/product"}],"about":[{"href":"https:\/\/modeco-sklep.pl\/es\/wp-json\/wp\/v2\/types\/product"}],"replies":[{"embeddable":true,"href":"https:\/\/modeco-sklep.pl\/es\/wp-json\/wp\/v2\/comments?post=1210"}],"wp:featuredmedia":[{"embeddable":true,"href":"https:\/\/modeco-sklep.pl\/es\/wp-json\/wp\/v2\/media\/654"}],"wp:attachment":[{"href":"https:\/\/modeco-sklep.pl\/es\/wp-json\/wp\/v2\/media?parent=1210"}],"wp:term":[{"taxonomy":"product_brand","embeddable":true,"href":"https:\/\/modeco-sklep.pl\/es\/wp-json\/wp\/v2\/product_brand?post=1210"},{"taxonomy":"product_cat","embeddable":true,"href":"https:\/\/modeco-sklep.pl\/es\/wp-json\/wp\/v2\/product_cat?post=1210"},{"taxonomy":"product_tag","embeddable":true,"href":"https:\/\/modeco-sklep.pl\/es\/wp-json\/wp\/v2\/product_tag?post=1210"}],"curies":[{"name":"wp","href":"https:\/\/api.w.org\/{rel}","templated":true}]}}