{"id":1202,"date":"2025-06-12T18:07:02","date_gmt":"2025-06-12T18:07:02","guid":{"rendered":"https:\/\/modeco.mywebwork.net\/produkt\/bmw-m-tech\/"},"modified":"2026-02-16T16:48:26","modified_gmt":"2026-02-16T15:48:26","slug":"bmw-m-tech","status":"publish","type":"product","link":"https:\/\/modeco-sklep.pl\/es\/bmw-m-tech\/","title":{"rendered":"BMW M-TECH"},"content":{"rendered":"<h1 style=\"background-color: transparent; box-sizing: border-box; color: #444444; display: block;\">TEJIDO BMW M-TECH<\/h1>\n<p style=\"background-color: transparent; box-sizing: border-box; color: #444444;\"><span style=\"font-size: 16px;\">Tejido laminado destinado a la tapicer\u00eda de autom\u00f3viles.\u00a0<\/span><\/p>\n<p style=\"background-color: transparent; box-sizing: border-box; color: #444444;\"><span style=\"font-size: 16px;\">Tejido de muy alta calidad sobre espuma de 4 mil\u00edmetros de grosor.<\/span><\/p>\n<p>La tela es una reproducci\u00f3n de alta calidad.<\/p>\n<p style=\"background-color: transparent; box-sizing: border-box; color: #444444;\"><span style=\"font-size: 16px;\">Ancho del tejido: 150 cm<\/span><\/p>\n<p style=\"background-color: transparent; box-sizing: border-box; color: #444444;\"><span style=\"font-size: 16px;\">Precio por 1 m\u00b2 (100 cm x 150 cm)\u00a0<\/span><\/p>","protected":false},"excerpt":{"rendered":"<p>BMW M-TECH Tejido laminado para tapicer\u00eda de autom\u00f3viles.  Tejido de muy alta calidad sobre espuma de 4 mil de grosor. La tela es una reproducci\u00f3n de alta calidad Ancho de la tela: 150 cm Precio por 1mb (100cm x 150cm).\u00a0<\/p>","protected":false},"featured_media":637,"comment_status":"closed","ping_status":"closed","template":"","meta":{"_acf_changed":false,"_kad_blocks_custom_css":"","_kad_blocks_head_custom_js":"","_kad_blocks_body_custom_js":"","_kad_blocks_footer_custom_js":"","_kad_post_transparent":"default","_kad_post_title":"","_kad_post_layout":"default","_kad_post_sidebar_id":"","_kad_post_content_style":"default","_kad_post_vertical_padding":"default","_kad_post_feature":"","_kad_post_feature_position":"","_kad_post_header":false,"_kad_post_footer":false,"_kad_post_classname":""},"product_brand":[17],"product_cat":[26],"product_tag":[],"class_list":{"0":"post-1202","1":"product","2":"type-product","3":"status-publish","4":"has-post-thumbnail","6":"product_brand-modeco","7":"product_cat-tkaniny-bmw","9":"first","10":"outofstock","11":"purchasable","12":"product-type-simple","13":"entry","14":"content-bg","15":"loop-entry"},"acf":[],"taxonomy_info":{"product_brand":[{"value":17,"label":"MODECO"}],"product_cat":[{"value":26,"label":"TKANINY DO BMW"}]},"featured_image_src_large":["https:\/\/modeco-sklep.pl\/wp-content\/uploads\/2025\/06\/IMG20230318142037-scaled-1024x683.jpg",1024,683,true],"author_info":[],"comment_info":0,"_links":{"self":[{"href":"https:\/\/modeco-sklep.pl\/es\/wp-json\/wp\/v2\/product\/1202","targetHints":{"allow":["GET"]}}],"collection":[{"href":"https:\/\/modeco-sklep.pl\/es\/wp-json\/wp\/v2\/product"}],"about":[{"href":"https:\/\/modeco-sklep.pl\/es\/wp-json\/wp\/v2\/types\/product"}],"replies":[{"embeddable":true,"href":"https:\/\/modeco-sklep.pl\/es\/wp-json\/wp\/v2\/comments?post=1202"}],"wp:featuredmedia":[{"embeddable":true,"href":"https:\/\/modeco-sklep.pl\/es\/wp-json\/wp\/v2\/media\/637"}],"wp:attachment":[{"href":"https:\/\/modeco-sklep.pl\/es\/wp-json\/wp\/v2\/media?parent=1202"}],"wp:term":[{"taxonomy":"product_brand","embeddable":true,"href":"https:\/\/modeco-sklep.pl\/es\/wp-json\/wp\/v2\/product_brand?post=1202"},{"taxonomy":"product_cat","embeddable":true,"href":"https:\/\/modeco-sklep.pl\/es\/wp-json\/wp\/v2\/product_cat?post=1202"},{"taxonomy":"product_tag","embeddable":true,"href":"https:\/\/modeco-sklep.pl\/es\/wp-json\/wp\/v2\/product_tag?post=1202"}],"curies":[{"name":"wp","href":"https:\/\/api.w.org\/{rel}","templated":true}]}}