{"id":1184,"date":"2025-06-12T18:06:51","date_gmt":"2025-06-12T18:06:51","guid":{"rendered":"https:\/\/modeco.mywebwork.net\/produkt\/como-perle\/"},"modified":"2025-06-15T07:23:10","modified_gmt":"2025-06-15T07:23:10","slug":"como-perlas","status":"publish","type":"product","link":"https:\/\/modeco-sklep.pl\/es\/como-perle\/","title":{"rendered":"COMO PERLE"},"content":{"rendered":"<p><span style=\"font-size:22px;\"><span style=\"line-height:107%\"><span style=\"font-family:\"><span style=\"line-height:107%\">COMO \u2013 Piel sint\u00e9tica con relieve cl\u00e1sico<\/span><\/span><\/span><\/span><\/p>\n<p><span style=\"font-size:18px;\"><span style=\"line-height:107%\"><span style=\"font-family:\">Material destinado a m\u00faltiples sectores, para uso exterior e interior.<\/span><\/span><br \/><span style=\"line-height:107%\"><span style=\"font-family:\">Excelente resistencia a las manchas y la suciedad.<\/span><\/span><br \/><span style=\"line-height:107%\"><span style=\"font-family:\">Alta resistencia a la abrasi\u00f3n<\/span><\/span><br \/><span style=\"line-height:107%\"><span style=\"font-family:\">100% resistente al agua<\/span><\/span><br \/><span style=\"line-height:107%\"><span style=\"font-family:\">Resistente a la saliva, el sudor, la sangre, los aceites solares, los desinfectantes, la sangre y la orina.<\/span><\/span><br \/><span style=\"line-height:107%\"><span style=\"font-family:\">Resistencia a bajas temperaturas (COLD CRACK a \u2013 29 \u00b0 C, 4,05 J, F5J, FLTM BN 128-01)<\/span><\/span><br \/><span style=\"line-height:107%\"><span style=\"font-family:\">Resistencia a la radiaci\u00f3n UV: DIN EN ISO 105 \u2013 B02, resistencia m\u00ednima a la luz 4-5<\/span><\/span><br \/><span style=\"line-height:107%\"><span style=\"font-family:\">Ancho del material: 137 cm<\/span><\/span><br \/><span style=\"line-height:107%\"><span style=\"font-family:\">Longitud del rollo: 30 m<\/span><\/span><br \/><span style=\"line-height:107%\"><span style=\"font-family:\">Certificados de resistencia al fuego:<\/span><\/span><\/span><\/p>\n<ul>\n<li style=\"margin-left:8px\"><span style=\"font-size:18px;\"><span style=\"line-height:107%\"><span style=\"font-family:\">DIN 4102 B2<\/span><\/span><\/span><\/li>\n<li style=\"margin-left:8px\"><span style=\"font-size:18px;\"><span style=\"line-height:107%\"><span style=\"font-family:\">\u00d6NORM B 3825<\/span><\/span><\/span><\/li>\n<li style=\"margin-left:8px\"><span style=\"font-size:18px;\"><span style=\"line-height:107%\"><span style=\"font-family:\">\u00d6NORM A 3800-1, Q1<\/span><\/span><\/span><\/li>\n<li style=\"margin-left:8px\"><span style=\"font-size:18px;\"><span style=\"line-height:107%\"><span style=\"font-family:\">EN 1021-1 \/ 2<\/span><\/span><\/span><\/li>\n<li style=\"margin-left:8px\"><span style=\"font-size:18px;\"><span style=\"line-height:107%\"><span style=\"font-family:\">UNI-9175<\/span><\/span><\/span><\/li>\n<li style=\"margin-left:8px\"><span style=\"font-size:18px;\"><span style=\"line-height:107%\"><span style=\"font-family:\">SAE J369 \/ MVSS302 <\/span><\/span><\/span><\/li>\n<li style=\"margin-left:8px\"><span style=\"font-size:18px;\"><span style=\"line-height:107%\"><span style=\"font-family:\">IMO, anexo 1, parte 8<\/span><\/span><\/span><\/li>\n<li style=\"margin-left:8px\"><span style=\"font-size:18px;\"><span style=\"line-height:107%\"><span style=\"font-family:\">MED 2014\/90 \/ UE <\/span><\/span><\/span><\/li>\n<li style=\"margin-bottom:11px; margin-left:8px\"><span style=\"font-size:18px;\"><span style=\"line-height:107%\"><span style=\"font-family:\">FAR 25\/853 Ap\u00e9ndice F Parte l, a, 1, ii<\/span><\/span><\/span><\/li>\n<\/ul>\n<p><span style=\"font-size:18px;\"><span style=\"line-height:107%\"><span style=\"font-family:\">El precio se refiere a 1 metro lineal (137 cm x 100 cm).<\/span><\/span><br \/><span style=\"line-height:107%\"><span style=\"font-family:\">Si compras varios metros, te enviamos el material entero, sin cortar.<\/span><\/span><\/span><br \/>\u00a0<\/p>","protected":false},"excerpt":{"rendered":"<p>COMO - Cuero sint\u00e9tico con relieve cl\u00e1sicoEl material est\u00e1 dise\u00f1ado para muchos sectores, para uso en exteriores e interiores.Excelente resistencia a las manchas y la suciedadAlta resistencia a la abrasi\u00f3n100% impermeableResistencia a la saliva, sudor, sangre, aceites curtientes, desinfectantes, sangre, orinaResistencia a bajas temperaturas ( CRACK FR\u00cdO a - 29 \u00b0 C, 4,05J, F5J, FLTM BN 128-01)Resistencia a la radiaci\u00f3n...<\/p>","protected":false},"featured_media":620,"comment_status":"closed","ping_status":"closed","template":"","meta":{"_acf_changed":false,"_kad_blocks_custom_css":"","_kad_blocks_head_custom_js":"","_kad_blocks_body_custom_js":"","_kad_blocks_footer_custom_js":"","_kad_post_transparent":"","_kad_post_title":"","_kad_post_layout":"","_kad_post_sidebar_id":"","_kad_post_content_style":"","_kad_post_vertical_padding":"","_kad_post_feature":"","_kad_post_feature_position":"","_kad_post_header":false,"_kad_post_footer":false,"_kad_post_classname":""},"product_brand":[],"product_cat":[57,56],"product_tag":[],"class_list":{"0":"post-1184","1":"product","2":"type-product","3":"status-publish","4":"has-post-thumbnail","6":"product_cat-como","7":"product_cat-wodoodporne-tkaniny-jachtowe","9":"first","10":"instock","11":"purchasable","12":"product-type-simple","13":"entry","14":"content-bg","15":"loop-entry"},"acf":[],"taxonomy_info":{"product_cat":[{"value":57,"label":"COMO"},{"value":56,"label":"TKANINY JACHTOWE"}]},"featured_image_src_large":["https:\/\/modeco-sklep.pl\/wp-content\/uploads\/2025\/06\/perle-1024x682.jpg",1024,682,true],"author_info":[],"comment_info":0,"_links":{"self":[{"href":"https:\/\/modeco-sklep.pl\/es\/wp-json\/wp\/v2\/product\/1184","targetHints":{"allow":["GET"]}}],"collection":[{"href":"https:\/\/modeco-sklep.pl\/es\/wp-json\/wp\/v2\/product"}],"about":[{"href":"https:\/\/modeco-sklep.pl\/es\/wp-json\/wp\/v2\/types\/product"}],"replies":[{"embeddable":true,"href":"https:\/\/modeco-sklep.pl\/es\/wp-json\/wp\/v2\/comments?post=1184"}],"wp:featuredmedia":[{"embeddable":true,"href":"https:\/\/modeco-sklep.pl\/es\/wp-json\/wp\/v2\/media\/620"}],"wp:attachment":[{"href":"https:\/\/modeco-sklep.pl\/es\/wp-json\/wp\/v2\/media?parent=1184"}],"wp:term":[{"taxonomy":"product_brand","embeddable":true,"href":"https:\/\/modeco-sklep.pl\/es\/wp-json\/wp\/v2\/product_brand?post=1184"},{"taxonomy":"product_cat","embeddable":true,"href":"https:\/\/modeco-sklep.pl\/es\/wp-json\/wp\/v2\/product_cat?post=1184"},{"taxonomy":"product_tag","embeddable":true,"href":"https:\/\/modeco-sklep.pl\/es\/wp-json\/wp\/v2\/product_tag?post=1184"}],"curies":[{"name":"wp","href":"https:\/\/api.w.org\/{rel}","templated":true}]}}