{"id":1106,"date":"2025-06-12T18:06:11","date_gmt":"2025-06-12T18:06:11","guid":{"rendered":"https:\/\/modeco.mywebwork.net\/produkt\/pepita-houndstooth-czarno-pomaranczowy-5mm-pianka\/"},"modified":"2025-07-20T14:22:53","modified_gmt":"2025-07-20T12:22:53","slug":"pepita-houndstooth-negro-naranja-5-mm-espuma","status":"publish","type":"product","link":"https:\/\/modeco-sklep.pl\/es\/pepita-houndstooth-czarno-pomaranczowy-5mm-pianka\/","title":{"rendered":"PEPITA HOUNDSTOOTH NEGRO\/NARANJA \u2013 ESPUMA DE 5 MM"},"content":{"rendered":"<h1 style=\"background-color: transparent; box-sizing: border-box; color: #444444; display: block;\">TEJIDO HOUNDSTOOTH  PORSCHE \/ RECARO<\/h1>\n<p style=\"background-color: transparent; box-sizing: border-box; color: #444444;\"><span style=\"font-size: 16px;\">Tejido laminado destinado a la tapicer\u00eda de autom\u00f3viles.<br \/>\nEl dise\u00f1o ic\u00f3nico  PEPITA HOUNDSTOOTH PORSCHE RECARO<br \/>\nColor: negro \/ naranja<\/span><\/p>\n<p style=\"background-color: transparent; box-sizing: border-box; color: #444444;\"><span style=\"font-size: 16px;\">Tejido de muy alta calidad sobre espuma de 5 mil\u00edmetros de grosor. <\/span><\/p>\n<p style=\"background-color: transparent; box-sizing: border-box; color: #444444;\"><span style=\"font-size: 16px;\">Ancho del tejido: 150 cm<\/span><\/p>\n<p style=\"background-color: transparent; box-sizing: border-box; color: #444444;\"><span style=\"font-size: 16px;\">Precio por 1 m\u00b2 (100 cm x 150 cm)\u00a0<\/span><\/p>\n<p style=\"background-color: transparent; box-sizing: border-box; color: #444444;\">","protected":false},"excerpt":{"rendered":"<p>TEJIDO HOUNDSTOOTH  PORSCHE \/ RECARO Tejido laminado destinado a la tapicer\u00eda de autom\u00f3viles. Dise\u00f1o ic\u00f3nico  PEPITA HOUNDSTOOTH PORSCHE RECARO Color: negro \/ naranja Tejido de muy alta calidad sobre espuma de 5 mil\u00edmetros de grosor. Ancho del material: 150 cm Precio por 1 m (100 cm x 150 cm)\u00a0<\/p>","protected":false},"featured_media":492,"comment_status":"closed","ping_status":"closed","template":"","meta":{"_acf_changed":false,"_kad_blocks_custom_css":"","_kad_blocks_head_custom_js":"","_kad_blocks_body_custom_js":"","_kad_blocks_footer_custom_js":"","_kad_post_transparent":"","_kad_post_title":"","_kad_post_layout":"","_kad_post_sidebar_id":"","_kad_post_content_style":"","_kad_post_vertical_padding":"","_kad_post_feature":"","_kad_post_feature_position":"","_kad_post_header":false,"_kad_post_footer":false,"_kad_post_classname":""},"product_brand":[17],"product_cat":[27],"product_tag":[],"class_list":{"0":"post-1106","1":"product","2":"type-product","3":"status-publish","4":"has-post-thumbnail","6":"product_brand-modeco","7":"product_cat-porsche-pepita-houndstooth","9":"first","10":"instock","11":"purchasable","12":"product-type-simple","13":"entry","14":"content-bg","15":"loop-entry"},"acf":[],"taxonomy_info":{"product_brand":[{"value":17,"label":"MODECO"}],"product_cat":[{"value":27,"label":"PORSCHE PEPITA &amp; HOUNDSTOOTH"}]},"featured_image_src_large":["https:\/\/modeco-sklep.pl\/wp-content\/uploads\/2025\/06\/IMG20230107143205-scaled-1024x683.jpg",1024,683,true],"author_info":[],"comment_info":0,"_links":{"self":[{"href":"https:\/\/modeco-sklep.pl\/es\/wp-json\/wp\/v2\/product\/1106","targetHints":{"allow":["GET"]}}],"collection":[{"href":"https:\/\/modeco-sklep.pl\/es\/wp-json\/wp\/v2\/product"}],"about":[{"href":"https:\/\/modeco-sklep.pl\/es\/wp-json\/wp\/v2\/types\/product"}],"replies":[{"embeddable":true,"href":"https:\/\/modeco-sklep.pl\/es\/wp-json\/wp\/v2\/comments?post=1106"}],"wp:featuredmedia":[{"embeddable":true,"href":"https:\/\/modeco-sklep.pl\/es\/wp-json\/wp\/v2\/media\/492"}],"wp:attachment":[{"href":"https:\/\/modeco-sklep.pl\/es\/wp-json\/wp\/v2\/media?parent=1106"}],"wp:term":[{"taxonomy":"product_brand","embeddable":true,"href":"https:\/\/modeco-sklep.pl\/es\/wp-json\/wp\/v2\/product_brand?post=1106"},{"taxonomy":"product_cat","embeddable":true,"href":"https:\/\/modeco-sklep.pl\/es\/wp-json\/wp\/v2\/product_cat?post=1106"},{"taxonomy":"product_tag","embeddable":true,"href":"https:\/\/modeco-sklep.pl\/es\/wp-json\/wp\/v2\/product_tag?post=1106"}],"curies":[{"name":"wp","href":"https:\/\/api.w.org\/{rel}","templated":true}]}}