{"id":7804,"date":"2026-04-16T22:15:05","date_gmt":"2026-04-16T20:15:05","guid":{"rendered":"https:\/\/modeco-sklep.pl\/?page_id=7804"},"modified":"2026-04-16T22:15:06","modified_gmt":"2026-04-16T20:15:06","slug":"cooperacion-b2b","status":"publish","type":"page","link":"https:\/\/modeco-sklep.pl\/es\/wspolpraca-b2b\/","title":{"rendered":"Cooperaci\u00f3n B2B"},"content":{"rendered":"<h4 class=\"wp-block-heading\"><\/h4>\n\n\n\n<p>Oferta dirigida a profesionales del autom\u00f3vil, talleres y mayoristas de tejidos.<\/p>\n\n\n\n<p>Estamos especializados en la venta de tejidos de automoci\u00f3n de alta calidad para su uso en tapicer\u00eda, restauraci\u00f3n de interiores de veh\u00edculos, fabricaci\u00f3n y proyectos a medida. Nuestros tejidos combinan durabilidad, est\u00e9tica y una amplia gama de patrones y colores, respondiendo a las necesidades tanto de desarrollos est\u00e1ndar como de proyectos m\u00e1s exigentes.<\/p>\n\n\n\n<p>Estamos deseando trabajar con usted:<\/p>\n\n\n\n<ul class=\"wp-block-list\">\n<li>tapiceros de coches<\/li>\n\n\n\n<li>talleres y servicios de automoci\u00f3n<\/li>\n\n\n\n<li>empresas especializadas en carrocer\u00edas de veh\u00edculos<\/li>\n\n\n\n<li>comercios y mayoristas<\/li>\n\n\n\n<li>empresas de renovaci\u00f3n del acabado de veh\u00edculos<\/li>\n<\/ul>\n\n\n\n<p>Ofrecemos:<\/p>\n\n\n\n<ul class=\"wp-block-list\">\n<li>condiciones comerciales competitivas para los socios B2B<\/li>\n\n\n\n<li>una amplia gama de tejidos en constante evoluci\u00f3n<\/li>\n\n\n\n<li>alta disponibilidad de productos clave<\/li>\n\n\n\n<li>apoyo en la selecci\u00f3n de materiales adecuados<\/li>\n\n\n\n<li>ejecuci\u00f3n eficaz y puntual de los pedidos<\/li>\n<\/ul>\n\n\n\n<p>Nos centramos en la cooperaci\u00f3n a largo plazo basada en la confianza, la calidad y un enfoque flexible de las necesidades de nuestros socios comerciales.<\/p>\n\n\n\n<p>Si est\u00e1 interesado en cooperar, p\u00f3ngase en contacto con nosotros: le prepararemos una oferta adaptada a las particularidades de su negocio.<\/p>\n\n\n\n<p><strong>Hubert Dolmatov<\/strong><\/p>\n\n\n\n<p>Correo electr\u00f3nico: <a href=\"mailto:hubert@modeco-tkaniny.pl\">hubert@modeco-tkaniny.pl<\/a><\/p>\n\n\n\n<p>Tel: +48 515594002<\/p>\n\n\n\n<p><strong>Urszula Borkowska (Clientes internacionales)<\/strong><\/p>\n\n\n\n<p>Correo electr\u00f3nico: <a href=\"mailto:urszula@modeco-tkaniny.pl\">urszula@modeco-tkaniny.pl<\/a><\/p>\n\n\n\n<p>Tel: +48 690520221 ( polaco e ingl\u00e9s )<\/p>\n\n\n\n<p><\/p>","protected":false},"excerpt":{"rendered":"<p>Oferta skierowana do profesjonalist\u00f3w z bran\u017cy motoryzacyjnej, sklep\u00f3w oraz hurtowni tkanin. Specjalizujemy si\u0119 w sprzeda\u017cy wysokiej jako\u015bci tkanin samochodowych, kt\u00f3re znajduj\u0105 zastosowanie w tapicerstwie, renowacji wn\u0119trz pojazd\u00f3w, produkcji oraz projektach indywidualnych. Nasze materia\u0142y \u0142\u0105cz\u0105 trwa\u0142o\u015b\u0107, estetyk\u0119 oraz szerok\u0105 gam\u0119 wzor\u00f3w i kolor\u00f3w, odpowiadaj\u0105c zar\u00f3wno na potrzeby standardowych realizacji, jak i bardziej wymagaj\u0105cych projekt\u00f3w. Do wsp\u00f3\u0142pracy&#8230;<\/p>","protected":false},"author":1938,"featured_media":0,"parent":0,"menu_order":0,"comment_status":"closed","ping_status":"closed","template":"","meta":{"_acf_changed":false,"_kad_blocks_custom_css":"","_kad_blocks_head_custom_js":"","_kad_blocks_body_custom_js":"","_kad_blocks_footer_custom_js":"","_kad_post_transparent":"","_kad_post_title":"","_kad_post_layout":"","_kad_post_sidebar_id":"","_kad_post_content_style":"","_kad_post_vertical_padding":"","_kad_post_feature":"","_kad_post_feature_position":"","_kad_post_header":false,"_kad_post_footer":false,"_kad_post_classname":"","footnotes":""},"class_list":["post-7804","page","type-page","status-publish","hentry"],"acf":[],"taxonomy_info":[],"featured_image_src_large":false,"author_info":{"display_name":"Maciej Borkowski","author_link":"https:\/\/modeco-sklep.pl\/es\/author\/maciek\/"},"comment_info":0,"_links":{"self":[{"href":"https:\/\/modeco-sklep.pl\/es\/wp-json\/wp\/v2\/pages\/7804","targetHints":{"allow":["GET"]}}],"collection":[{"href":"https:\/\/modeco-sklep.pl\/es\/wp-json\/wp\/v2\/pages"}],"about":[{"href":"https:\/\/modeco-sklep.pl\/es\/wp-json\/wp\/v2\/types\/page"}],"author":[{"embeddable":true,"href":"https:\/\/modeco-sklep.pl\/es\/wp-json\/wp\/v2\/users\/1938"}],"replies":[{"embeddable":true,"href":"https:\/\/modeco-sklep.pl\/es\/wp-json\/wp\/v2\/comments?post=7804"}],"version-history":[{"count":0,"href":"https:\/\/modeco-sklep.pl\/es\/wp-json\/wp\/v2\/pages\/7804\/revisions"}],"wp:attachment":[{"href":"https:\/\/modeco-sklep.pl\/es\/wp-json\/wp\/v2\/media?parent=7804"}],"curies":[{"name":"wp","href":"https:\/\/api.w.org\/{rel}","templated":true}]}}