{"id":3,"date":"2025-06-12T08:54:50","date_gmt":"2025-06-12T08:54:50","guid":{"rendered":"https:\/\/modeco.mywebwork.net\/?page_id=3"},"modified":"2025-07-02T11:18:08","modified_gmt":"2025-07-02T09:18:08","slug":"politica-de-privacidad","status":"publish","type":"page","link":"https:\/\/modeco-sklep.pl\/es\/polityka-prywatnosci\/","title":{"rendered":"Pol\u00edtica de privacidad"},"content":{"rendered":"<style>.kb-row-layout-id3_4cc467-89 > .kt-row-column-wrap{align-content:start;}:where(.kb-row-layout-id3_4cc467-89 > .kt-row-column-wrap) > .wp-block-kadence-column{justify-content:start;}.kb-row-layout-id3_4cc467-89 > .kt-row-column-wrap{column-gap:var(--global-kb-gap-md, 2rem);row-gap:var(--global-kb-gap-md, 2rem);padding-top:var(--global-kb-spacing-sm, 1.5rem);padding-bottom:var(--global-kb-spacing-sm, 1.5rem);grid-template-columns:minmax(0, calc(25% - ((var(--global-kb-gap-md, 2rem) * 1 )\/2)))minmax(0, calc(75% - ((var(--global-kb-gap-md, 2rem) * 1 )\/2)));}.kb-row-layout-id3_4cc467-89 > .kt-row-layout-overlay{opacity:0.30;}@media all and (max-width: 1024px){.kb-row-layout-id3_4cc467-89 > .kt-row-column-wrap{grid-template-columns:minmax(0, 1fr) minmax(0, 2fr);}}@media all and (max-width: 767px){.kb-row-layout-id3_4cc467-89 > .kt-row-column-wrap{grid-template-columns:minmax(0, 1fr);}}<\/style><div class=\"kb-row-layout-wrap kb-row-layout-id3_4cc467-89 alignnone wp-block-kadence-rowlayout\"><div class=\"kt-row-column-wrap kt-has-2-columns kt-row-layout-right-golden kt-tab-layout-inherit kt-mobile-layout-row kt-row-valign-top\">\n<style>#wrapper.site{overflow:clip;}.kadence-column3_33f255-b7 > .kt-inside-inner-col,.kadence-column3_33f255-b7 > .kt-inside-inner-col:before{border-top-left-radius:0px;border-top-right-radius:0px;border-bottom-right-radius:0px;border-bottom-left-radius:0px;}.kadence-column3_33f255-b7 > .kt-inside-inner-col{column-gap:var(--global-kb-gap-sm, 1rem);}.kadence-column3_33f255-b7 > .kt-inside-inner-col{flex-direction:column;}.kadence-column3_33f255-b7 > .kt-inside-inner-col > .aligncenter{width:100%;}.kadence-column3_33f255-b7 > .kt-inside-inner-col:before{opacity:0.3;}.kadence-column3_33f255-b7{position:relative;}@media all and (max-width: 1024px){.kadence-column3_33f255-b7 > .kt-inside-inner-col{flex-direction:column;justify-content:center;}}@media all and (max-width: 767px){.kadence-column3_33f255-b7 > .kt-inside-inner-col{flex-direction:column;justify-content:center;}}<\/style>\n<div class=\"wp-block-kadence-column kadence-column3_33f255-b7 kb-section-is-sticky\"><div class=\"kt-inside-inner-col\"><style>.kb-table-of-content-nav.kb-table-of-content-id3_59e028-0d .kb-table-of-content-wrap{padding-top:0px;padding-right:0px;padding-bottom:0px;padding-left:0px;}.kb-table-of-content-nav.kb-table-of-content-id3_59e028-0d .kb-table-of-contents-title-wrap{padding-top:0px;padding-right:0px;padding-bottom:0px;padding-left:0px;}.kb-table-of-content-nav.kb-table-of-content-id3_59e028-0d .kb-table-of-contents-title{font-weight:regular;font-style:normal;}.kb-table-of-content-nav.kb-table-of-content-id3_59e028-0d .kb-table-of-content-wrap .kb-table-of-content-list{font-weight:regular;font-style:normal;margin-top:var(--global-kb-spacing-sm, 1.5rem);margin-right:0px;margin-bottom:0px;margin-left:0px;}<\/style><\/div><\/div>\n\n\n<style>.kadence-column3_b313d0-d1 > .kt-inside-inner-col,.kadence-column3_b313d0-d1 > .kt-inside-inner-col:before{border-top-left-radius:0px;border-top-right-radius:0px;border-bottom-right-radius:0px;border-bottom-left-radius:0px;}.kadence-column3_b313d0-d1 > .kt-inside-inner-col{column-gap:var(--global-kb-gap-sm, 1rem);}.kadence-column3_b313d0-d1 > .kt-inside-inner-col{flex-direction:column;}.kadence-column3_b313d0-d1 > .kt-inside-inner-col > .aligncenter{width:100%;}.kadence-column3_b313d0-d1 > .kt-inside-inner-col:before{opacity:0.3;}.kadence-column3_b313d0-d1{position:relative;}@media all and (max-width: 1024px){.kadence-column3_b313d0-d1 > .kt-inside-inner-col{flex-direction:column;justify-content:center;}}@media all and (max-width: 767px){.kadence-column3_b313d0-d1 > .kt-inside-inner-col{flex-direction:column;justify-content:center;}}<\/style>\n<div class=\"wp-block-kadence-column kadence-column3_b313d0-d1\"><div class=\"kt-inside-inner-col\">\n<p>1. La presente Pol\u00edtica de privacidad establece las normas para la recopilaci\u00f3n, el tratamiento y el uso de los datos personales obtenidos por la tienda online modeco-design.pl (en adelante, \u201ela Tienda\u201d).<br>2. El propietario de la tienda y, al mismo tiempo, el administrador de los datos es MODECO S.C. J. Borkowski, U. Borkowska, M. Borkowski, 15-585 Bia\u0142ystok, ul. Zab\u0142udowska 41, NIP: 966-208-73-64, tel\u00e9fono: 85 7431343, direcci\u00f3n de correo electr\u00f3nico:\u00a0<a href=\"mailto:modeco.biuro@op.pl\">modeco.biuro@op.pl<\/a><br>3. MODECO pone especial cuidado en respetar la privacidad de los clientes que visitan la tienda online.<br>4. Todas las definiciones incluidas en la presente Pol\u00edtica de privacidad hacen referencia a las Condiciones generales de la tienda online disponibles en la p\u00e1gina web modeco-sklep.pl.<\/p>\n\n\n\n<h3 class=\"wp-block-heading\"><br><strong>\u00a7 1 \u00bfC\u00f3mo recopilamos los datos?<\/strong><\/h3>\n\n\n\n<p><br>1. MODECO recopila informaci\u00f3n sobre personas f\u00edsicas que ejercen una actividad econ\u00f3mica o profesional por cuenta propia (en adelante, \u00abEmpresarios\u00bb), as\u00ed como datos de personas f\u00edsicas que realizan actos jur\u00eddicos no relacionados directamente con su actividad, en adelante denominados conjuntamente \u00abClientes\u00bb.<br>2. Los datos personales de los Clientes se recopilan cuando el Cliente se registra en la Tienda creando una Cuenta de Cliente.<br>3. Al registrar una cuenta en la Tienda, el Cliente solo tiene que proporcionar su direcci\u00f3n de correo electr\u00f3nico, nombre y apellidos, y establecer una contrase\u00f1a de acceso a la cuenta en la Tienda.<br>Si el cliente que tiene una cuenta en la tienda desea realizar una compra, se le pedir\u00e1 que proporcione los siguientes datos:<br>a) nombre y apellidos<br>b) direcci\u00f3n de correo electr\u00f3nico<br>c) direcci\u00f3n de entrega (calle, n\u00famero de casa\/apartamento, c\u00f3digo postal y localidad);<br>d) datos del pagador (calle, n\u00famero de casa\/apartamento, c\u00f3digo postal y localidad);<br>e) n\u00famero de tel\u00e9fono<br>f) en el caso de los empresarios, el \u00e1mbito de datos anterior se ampl\u00eda adicionalmente con la raz\u00f3n social del empresario y su n\u00famero de identificaci\u00f3n fiscal.<br><br>4. El Cliente puede modificar estos datos por s\u00ed mismo tras iniciar sesi\u00f3n en su Cuenta de Cliente.<br>5. En caso de contacto personal del Cliente con la tienda (mensaje electr\u00f3nico, tel\u00e9fono, etc.), se facilitar\u00e1 la siguiente informaci\u00f3n:<br>a) direcci\u00f3n de correo electr\u00f3nico;<br>b) nombre y apellidos;<br>c) direcci\u00f3n de entrega (calle, n\u00famero de casa\/apartamento, c\u00f3digo postal y localidad);<br>d) datos del pagador (calle, n\u00famero de casa\/apartamento, c\u00f3digo postal y localidad);<br>e) n\u00famero de tel\u00e9fono<br>f) en el caso de los empresarios, el \u00e1mbito de datos anterior se ampl\u00eda adicionalmente con la raz\u00f3n social del empresario y su n\u00famero de identificaci\u00f3n fiscal.<br><br>6. Al utilizar las p\u00e1ginas web de la Tienda, se recopila autom\u00e1ticamente informaci\u00f3n adicional (la direcci\u00f3n IP asignada a su ordenador o la direcci\u00f3n IP externa de su proveedor de Internet, el nombre de dominio, el tipo de navegador, la hora de acceso y el tipo de sistema operativo).<br>7. Tambi\u00e9n se pueden recopilar datos de navegaci\u00f3n de los clientes, incluida informaci\u00f3n sobre los enlaces y referencias en los que deciden hacer clic u otras acciones realizadas en nuestra tienda online.<\/p>\n\n\n\n<h3 class=\"wp-block-heading\"><br><strong>\u00a7 2 \u00bfC\u00f3mo utilizamos los datos recopilados?<\/strong><\/h3>\n\n\n\n<p><br>1. En caso de registrar una cuenta de cliente en la tienda, los datos de los clientes se utilizan con el fin de: crear una cuenta de cliente individual y gestionar dicha cuenta, as\u00ed como garantizar la posibilidad de realizar compras en la tienda, incluyendo la ejecuci\u00f3n de los pedidos realizados y su entrega.<br>En caso de realizar una compra en la Tienda, los datos personales pueden ser transferidos al Proveedor, es decir, a la empresa de mensajer\u00eda.<br>2. Los datos de navegaci\u00f3n pueden utilizarse con el fin de proporcionar un mejor servicio a los clientes, analizar datos estad\u00edsticos y adaptar la Tienda Online a las preferencias de los clientes, as\u00ed como para administrar la Tienda Online.<\/p>\n\n\n\n<h3 class=\"wp-block-heading\"><br><strong>\u00a7 3 Mecanismo de cookies, direcci\u00f3n IP<\/strong><\/h3>\n\n\n\n<p><br>1. La tienda online utiliza peque\u00f1os archivos llamados cookies. MODECO los almacena en el ordenador del visitante de la tienda online, siempre que el navegador web lo permita. Las cookies suelen contener el nombre del dominio del que proceden, su \u201efecha de caducidad\u201d y un n\u00famero individual aleatorio que identifica al archivo. La informaci\u00f3n recopilada mediante este tipo de archivos ayuda a adaptar los productos ofrecidos por MODECO a las preferencias individuales y las necesidades reales de los visitantes de la Tienda online. Tambi\u00e9n permite elaborar estad\u00edsticas generales sobre las visitas a los productos presentados en la Tienda online.<br><br>2. MODECO utiliza dos tipos de cookies:<br>a) Cookies de sesi\u00f3n: al finalizar la sesi\u00f3n del navegador o al apagar el ordenador, la informaci\u00f3n almacenada se elimina de la memoria del dispositivo. El mecanismo de las cookies de sesi\u00f3n no permite recopilar ning\u00fan dato personal ni informaci\u00f3n confidencial del ordenador de los clientes.<br>b) Cookies permanentes: se almacenan en la memoria del dispositivo final del Cliente y permanecen all\u00ed hasta que se eliminan. El mecanismo de cookies permanentes, enviado por la Tienda, permite almacenar datos que permiten el correcto funcionamiento de la Tienda y sus funciones.<br><br>3. MODECO utiliza cookies propias con los siguientes fines:<br>a) autenticar al Cliente en la Tienda Online y garantizar la sesi\u00f3n del Cliente en la Tienda Online (despu\u00e9s de iniciar sesi\u00f3n), gracias a lo cual el Cliente no tiene que volver a introducir su nombre de usuario y contrase\u00f1a en cada subp\u00e1gina de la Tienda Online;<br>b) an\u00e1lisis e investigaciones, as\u00ed como auditor\u00edas de audiencia, y en particular para crear estad\u00edsticas an\u00f3nimas que ayuden a comprender c\u00f3mo los clientes utilizan el sitio web de la tienda, lo que permite mejorar su estructura y contenido.<br><br>4. El mecanismo de cookies es seguro para los ordenadores de los clientes de la tienda online. En particular, no es posible que los ordenadores de los clientes se infecten con virus u otro software no deseado o malicioso a trav\u00e9s de este medio. No obstante, los clientes tienen la posibilidad de restringir o desactivar el acceso de las cookies a sus ordenadores en sus navegadores. Si se utiliza esta opci\u00f3n, se podr\u00e1 utilizar la Tienda Online, salvo aquellas funciones que, por su naturaleza, requieran el uso de cookies.<br><br>6. A continuaci\u00f3n, le mostramos c\u00f3mo puede cambiar la configuraci\u00f3n de los navegadores web m\u00e1s populares en lo que respecta al uso de cookies:<br>a) navegador\u00a0<a href=\"https:\/\/support.microsoft.com\/pl-pl\/kb\/278835\" target=\"_blank\" rel=\"noreferrer noopener\">Internet Explorer<\/a>;<br>b) navegador\u00a0<a href=\"http:\/\/support.mozilla.org\/pl\/kb\/ciasteczka\" target=\"_blank\" rel=\"noreferrer noopener\">Mozilla Firefox<\/a>;<br>c) navegador\u00a0<a href=\"http:\/\/support.google.com\/chrome\/bin\/answer.py?hl=pl&amp;answer=95647\" target=\"_blank\" rel=\"noreferrer noopener\">Chrome<\/a>;<br>d) navegador\u00a0<a href=\"https:\/\/support.apple.com\/pl-pl\/HT201265\" target=\"_blank\" rel=\"noreferrer noopener\">Safari<\/a>;<br>e) navegador\u00a0<a href=\"http:\/\/help.opera.com\/Linux\/9.22\/pl\/cookies.html\" target=\"_blank\" rel=\"noreferrer noopener\">\u00d3pera<\/a>.<br><br>7. MODECO puede recopilar sus direcciones IP. La direcci\u00f3n IP es un n\u00famero asignado al ordenador del visitante de la Tienda por el proveedor de servicios de Internet. El n\u00famero IP permite el acceso a Internet. En la mayor\u00eda de los casos, se asigna al ordenador de forma din\u00e1mica, es decir, cambia cada vez que se conecta a Internet y, por lo tanto, se considera generalmente como informaci\u00f3n de identificaci\u00f3n no personal. MODECO utiliza la direcci\u00f3n IP para diagnosticar problemas t\u00e9cnicos con el servidor, elaboraci\u00f3n de an\u00e1lisis estad\u00edsticos (por ejemplo, para determinar desde qu\u00e9 regiones se registran m\u00e1s visitas), como informaci\u00f3n \u00fatil para la administraci\u00f3n y mejora de la Tienda, as\u00ed como con fines de seguridad y para la posible identificaci\u00f3n de programas autom\u00e1ticos no deseados que sobrecargan el servidor y permiten ver el contenido de la Tienda.<br><br>8. La tienda contiene enlaces y referencias a otras p\u00e1ginas web. MODECO no se hace responsable de las normas de protecci\u00f3n de la privacidad que se aplican en ellas. Por este motivo, le recomendamos que, despu\u00e9s de acceder a trav\u00e9s de la tienda a una p\u00e1gina gestionada por otro administrador, se familiarice con la pol\u00edtica de privacidad que se aplica en ella.<\/p>\n\n\n\n<h3 class=\"wp-block-heading\"><br><strong>\u00a7 4 Acceso a los datos<\/strong><\/h3>\n\n\n\n<p><br>1. Solo los empleados autorizados de MODECO tienen acceso directo a los datos personales recopilados por la Tienda.<br><br>2. Sus datos tambi\u00e9n pueden ser facilitados a entidades autorizadas a recibirlos en virtud de la legislaci\u00f3n vigente, en particular a las autoridades judiciales competentes y a las entidades indicadas en el apartado \u201e\u00bfC\u00f3mo utilizamos los datos recopilados?\u201d.\u201d<br><br>3. MODECO garantiza a los Clientes que disponen de una Cuenta de Cliente el acceso ininterrumpido a sus datos y la posibilidad de modificarlos en cualquier momento. Para realizar modificaciones, es necesario iniciar sesi\u00f3n en la Cuenta de Cliente en la Tienda. El Cliente tiene la posibilidad de eliminar sus datos personales del fichero en caso de rescisi\u00f3n del contrato de prestaci\u00f3n de servicios por v\u00eda electr\u00f3nica. MODECO puede negarse a eliminar los datos del Cliente si este ha infringido las Condiciones Generales vigentes en la Tienda y la conservaci\u00f3n de los datos es necesaria para aclarar las circunstancias y determinar la responsabilidad, en particular para que MODECO pueda reclamar al Cliente en cuesti\u00f3n.<br><br>4. Si se suscribe al bolet\u00edn informativo, tiene la posibilidad de eliminar su direcci\u00f3n de correo electr\u00f3nico de la lista de distribuci\u00f3n seleccionando la funci\u00f3n correspondiente despu\u00e9s de iniciar sesi\u00f3n en su cuenta de cliente en la tienda.<\/p>\n\n\n\n<h3 class=\"wp-block-heading\"><br><strong>\u00a7 5 Garant\u00edas<\/strong><\/h3>\n\n\n\n<p>1. MODECO aplica medidas de seguridad para proteger los datos contra la p\u00e9rdida, el uso indebido y la modificaci\u00f3n. MODECO se compromete a proteger todos sus datos de acuerdo con las normas de seguridad y confidencialidad.<br><br>2. MODECO utiliza una protecci\u00f3n en forma de certificado SSL de seguridad de datos personales.<br><br>3. Los datos personales en MODECO est\u00e1n protegidos de conformidad con la Ley de 29 de agosto de 1997 sobre la protecci\u00f3n de datos personales (Bolet\u00edn Oficial 2015.2135, con modificaciones posteriores) de manera que se impida el acceso a ellos por parte de terceros.<br><br>4. En caso de que el Cliente que posee una Cuenta de Cliente en la Tienda haya perdido de cualquier forma su contrase\u00f1a de acceso, la Tienda permite generar una nueva contrase\u00f1a para la Cuenta de Cliente en la Tienda. Sin embargo, la Tienda no env\u00eda recordatorios de contrase\u00f1a. La contrase\u00f1a del Cliente se almacena en la base de datos de forma encriptada, de manera que no se pueda leer. Para generar una nueva contrase\u00f1a, es necesario introducir la direcci\u00f3n de correo electr\u00f3nico en el formulario disponible en el enlace \u201eNo recuerdo mi nombre de usuario o contrase\u00f1a\u201d, que se encuentra junto al formulario de inicio de sesi\u00f3n en la cuenta de cliente en la Tienda. La nueva contrase\u00f1a se enviar\u00e1 autom\u00e1ticamente solo a la direcci\u00f3n de correo electr\u00f3nico proporcionada durante el registro o guardada en la \u00faltima modificaci\u00f3n del perfil.<br><br>5. MODECO nunca env\u00eda ninguna correspondencia, incluida la correspondencia electr\u00f3nica, solicitando datos de inicio de sesi\u00f3n, en particular la contrase\u00f1a de acceso a la Cuenta del Cliente. Esta informaci\u00f3n tampoco se facilita por correo postal, correo electr\u00f3nico o tel\u00e9fono.<\/p>\n\n\n\n<h3 class=\"wp-block-heading\"><br><strong>\u00a7 6 Cambios en la Pol\u00edtica de privacidad<\/strong><\/h3>\n\n\n\n<p><br>1. MODECO se reserva el derecho a introducir cambios en la Pol\u00edtica de privacidad. El d\u00eda en que se realicen los cambios, actualizaremos la fecha de la \u00faltima modificaci\u00f3n que se indica a continuaci\u00f3n.<br><br>2. Cualquier pregunta adicional relacionada con la Pol\u00edtica de privacidad debe dirigirse a: modeco.biuro@op.pl<\/p>\n<\/div><\/div>\n\n<\/div><\/div>","protected":false},"excerpt":{"rendered":"<p>1.Niniejsza Polityka Prywatno\u015bci okre\u015bla zasady gromadzenia, przetwarzania i wykorzystywania danych osobowych pozyskanych przez Sklep Internetowy modeco-design.pl (zwany dalej: \u201eSklepem\u201d).2.W\u0142a\u015bcicielem Sklepu i jednocze\u015bnie administratorem danych jest MODECO S.C. J.Borkowski, U.Borkowska, M.Borkowski, 15-585 Bia\u0142ystok, ul. Zab\u0142udowska 41, Nip: 966-208-73-64, Telefon: 85 7431343, Adres email:\u00a0modeco.biuro@op.pl3. MODECO dok\u0142ada szczeg\u00f3lnej staranno\u015bci do poszanowania prywatno\u015bci Klient\u00f3w odwiedzaj\u0105cych Sklep Internetowy.4.Wszystkie definicje zawarte&#8230;<\/p>","protected":false},"author":1940,"featured_media":0,"parent":0,"menu_order":0,"comment_status":"closed","ping_status":"closed","template":"","meta":{"_acf_changed":false,"_kad_blocks_custom_css":"","_kad_blocks_head_custom_js":"","_kad_blocks_body_custom_js":"","_kad_blocks_footer_custom_js":"","_kad_post_transparent":"","_kad_post_title":"","_kad_post_layout":"","_kad_post_sidebar_id":"","_kad_post_content_style":"","_kad_post_vertical_padding":"","_kad_post_feature":"","_kad_post_feature_position":"","_kad_post_header":false,"_kad_post_footer":false,"_kad_post_classname":"","footnotes":""},"class_list":["post-3","page","type-page","status-publish","hentry"],"acf":[],"taxonomy_info":[],"featured_image_src_large":false,"author_info":{"display_name":"Modeco Sklep","author_link":"https:\/\/modeco-sklep.pl\/es\/author\/modeco\/"},"comment_info":0,"_links":{"self":[{"href":"https:\/\/modeco-sklep.pl\/es\/wp-json\/wp\/v2\/pages\/3","targetHints":{"allow":["GET"]}}],"collection":[{"href":"https:\/\/modeco-sklep.pl\/es\/wp-json\/wp\/v2\/pages"}],"about":[{"href":"https:\/\/modeco-sklep.pl\/es\/wp-json\/wp\/v2\/types\/page"}],"author":[{"embeddable":true,"href":"https:\/\/modeco-sklep.pl\/es\/wp-json\/wp\/v2\/users\/1940"}],"replies":[{"embeddable":true,"href":"https:\/\/modeco-sklep.pl\/es\/wp-json\/wp\/v2\/comments?post=3"}],"version-history":[{"count":0,"href":"https:\/\/modeco-sklep.pl\/es\/wp-json\/wp\/v2\/pages\/3\/revisions"}],"wp:attachment":[{"href":"https:\/\/modeco-sklep.pl\/es\/wp-json\/wp\/v2\/media?parent=3"}],"curies":[{"name":"wp","href":"https:\/\/api.w.org\/{rel}","templated":true}]}}