{"id":12,"date":"2025-06-13T06:04:42","date_gmt":"2025-06-13T06:04:42","guid":{"rendered":"https:\/\/modeco.mywebwork.net\/?page_id=12"},"modified":"2025-06-13T06:04:43","modified_gmt":"2025-06-13T06:04:43","slug":"devoluciones-reclamaciones","status":"publish","type":"page","link":"https:\/\/modeco-sklep.pl\/es\/zwroty-reklamacje\/","title":{"rendered":"Devoluciones y reclamaciones"},"content":{"rendered":"<p><strong>INFORMACI\u00d3N SOBRE RECLAMACIONES<\/strong><\/p>\n\n\n\n<p>Si el producto adquirido es defectuoso o no se ajusta al pedido, puede presentar una reclamaci\u00f3n en el marco de la garant\u00eda.<\/p>\n\n\n\n<p>La reclamaci\u00f3n debe enviarse a la direcci\u00f3n de la empresa. Se debe adjuntar una reclamaci\u00f3n por escrito al paquete.<\/p>\n\n\n\n<p>Para que la reclamaci\u00f3n pueda tramitarse con rapidez, el env\u00edo debe incluir:<\/p>\n\n\n\n<ul class=\"wp-block-list\">\n<li>producto anunciado,<\/li>\n\n\n\n<li>el formulario de reclamaci\u00f3n cumplimentado,<\/li>\n\n\n\n<li>prueba de compra o datos de la persona en cuyo nombre se ha realizado el pedido.<\/li>\n<\/ul>\n\n\n\n<p>En un plazo de 14 d\u00edas a partir de la fecha de recepci\u00f3n del env\u00edo con la mercanc\u00eda defectuosa, responderemos a la reclamaci\u00f3n presentada y le informaremos sobre los pasos a seguir.<\/p>\n\n\n\n<p><strong>INFORMACI\u00d3N SOBRE DEVOLUCIONES DE MERCANC\u00cdAS<\/strong><\/p>\n\n\n\n<p>No se admiten devoluciones de materiales comprados por metros. Cada pedido de este tipo se trata de forma individual.<\/p>\n\n\n\n<p>La devoluci\u00f3n de la mercanc\u00eda solo se aplica a las barras completas de material compradas. En este caso<br>Garantizamos el derecho a rescindir el contrato y, por lo tanto, a devolver la mercanc\u00eda solicitada,  en un plazo de 14 d\u00edas a partir de la recepci\u00f3n del env\u00edo, sin necesidad de indicar el motivo.<\/p>\n\n\n\n<p>La devoluci\u00f3n debe realizarse enviando por cuenta propia el producto no deseado junto con el formulario \u201eDesistimiento del contrato\u201d debidamente cumplimentado.\u201d<\/p>\n\n\n\n<p><strong>Datos de contacto para devoluciones y reclamaciones:<\/strong><\/p>\n\n\n\n<p>MODECO<br>Bia\u0142ystok 15-585, calle Zab\u0142udowska 41<\/p>","protected":false},"excerpt":{"rendered":"<p>INFORMACJE DOTYCZ\u0104CE REKLAMACJI Je\u017celi zakupiony towar jest wadliwy lub niezgodny z zam\u00f3wieniem mog\u0105 Pa\u0144stwo z\u0142o\u017cy\u0107 reklamacj\u0119 w ramach r\u0119kojmi. Reklamacja powinna zosta\u0107 dokonana na adres firmowy. Do paczki nale\u017cy do\u0142\u0105czy\u0107 pisemn\u0105 reklamacj\u0119. W celu sprawnego rozpatrzenia reklamacji, przesy\u0142ka powinna zawiera\u0107: W terminie do 14 dni od daty otrzymania przesy\u0142ki z wadliwym towarem, ustosunkujemy si\u0119 do&#8230;<\/p>","protected":false},"author":1940,"featured_media":0,"parent":0,"menu_order":0,"comment_status":"closed","ping_status":"closed","template":"","meta":{"_acf_changed":false,"_kad_blocks_custom_css":"","_kad_blocks_head_custom_js":"","_kad_blocks_body_custom_js":"","_kad_blocks_footer_custom_js":"","_kad_post_transparent":"","_kad_post_title":"","_kad_post_layout":"","_kad_post_sidebar_id":"","_kad_post_content_style":"","_kad_post_vertical_padding":"","_kad_post_feature":"","_kad_post_feature_position":"","_kad_post_header":false,"_kad_post_footer":false,"_kad_post_classname":"","footnotes":""},"class_list":["post-12","page","type-page","status-publish","hentry"],"acf":[],"taxonomy_info":[],"featured_image_src_large":false,"author_info":{"display_name":"Modeco Sklep","author_link":"https:\/\/modeco-sklep.pl\/es\/author\/modeco\/"},"comment_info":0,"_links":{"self":[{"href":"https:\/\/modeco-sklep.pl\/es\/wp-json\/wp\/v2\/pages\/12","targetHints":{"allow":["GET"]}}],"collection":[{"href":"https:\/\/modeco-sklep.pl\/es\/wp-json\/wp\/v2\/pages"}],"about":[{"href":"https:\/\/modeco-sklep.pl\/es\/wp-json\/wp\/v2\/types\/page"}],"author":[{"embeddable":true,"href":"https:\/\/modeco-sklep.pl\/es\/wp-json\/wp\/v2\/users\/1940"}],"replies":[{"embeddable":true,"href":"https:\/\/modeco-sklep.pl\/es\/wp-json\/wp\/v2\/comments?post=12"}],"version-history":[{"count":0,"href":"https:\/\/modeco-sklep.pl\/es\/wp-json\/wp\/v2\/pages\/12\/revisions"}],"wp:attachment":[{"href":"https:\/\/modeco-sklep.pl\/es\/wp-json\/wp\/v2\/media?parent=12"}],"curies":[{"name":"wp","href":"https:\/\/api.w.org\/{rel}","templated":true}]}}