{"id":7196,"date":"2026-01-03T15:22:54","date_gmt":"2026-01-03T14:22:54","guid":{"rendered":"https:\/\/modeco-sklep.pl\/?post_type=product&#038;p=7196"},"modified":"2026-01-03T15:23:58","modified_gmt":"2026-01-03T14:23:58","slug":"slim-supreme-suede-bronze","status":"publish","type":"product","link":"https:\/\/modeco-sklep.pl\/en\/slim-supreme-suede-bronze\/","title":{"rendered":"SLIM SUPREME SUEDE \u2013 BRONZE"},"content":{"rendered":"<h4><strong>Car fabric SLIM SUPREME SUEDE STRETCH<\/strong><\/h4>\n<h4>Special SUEDE material<br \/>\nIt has short, soft bristles that change direction when dragged with the hand,. It is flexible, adapts perfectly to the shape of the parts, The material has a special backing, no sponge. The material has a special backing and is not spongy. The material has a special backing and is not spongy. Also suitable for bonding door sides, dashboards and decorative elements.<\/h4>\n<h4>\u2705 <strong>Flexible and easy to install<\/strong><br \/>\n\u2705 <strong>Fabric width: 150 cm<\/strong><\/h4>\n<h2 style=\"color: #444444; display: block; box-sizing: border-box; background-color: transparent;\"><span style=\"font-size: 11pt;\"><span style=\"line-height: normal;\"><span style=\"font-size: 12.0pt;\"><span style=\"color: #444444;\">The price is for 1 running metre ( 100 x 150cm)<\/span><\/span><\/span><\/span><br \/>\n<span style=\"font-size: 11pt;\"><span style=\"line-height: normal;\"><span style=\"font-size: 12.0pt;\"><span style=\"color: #444444;\">When purchasing several metres, we try to send the material in one piece.<\/span><\/span><\/span><\/span><\/h2>\n<p>&nbsp;<\/p>","protected":false},"excerpt":{"rendered":"<p>Car fabric SLIM SUPREME SUEDE STRETCH The special SUEDE fabric has short, soft bristles that change direction when dragged with the hand,. It is flexible, adapts perfectly to the shape of the parts, The material has a special backing, no sponge. The material has a special backing and is not spongy. The material has a special backing and is not spongy. Also used for gluing door sides, dashboards, decorative elements....<\/p>","protected":false},"featured_media":7197,"comment_status":"closed","ping_status":"closed","template":"","meta":{"_acf_changed":false,"_kad_blocks_custom_css":"","_kad_blocks_head_custom_js":"","_kad_blocks_body_custom_js":"","_kad_blocks_footer_custom_js":"","_kad_post_transparent":"default","_kad_post_title":"","_kad_post_layout":"default","_kad_post_sidebar_id":"","_kad_post_content_style":"default","_kad_post_vertical_padding":"default","_kad_post_feature":"","_kad_post_feature_position":"","_kad_post_header":false,"_kad_post_footer":false,"_kad_post_classname":""},"product_brand":[17],"product_cat":[117,158,125],"product_tag":[],"class_list":{"0":"post-7196","1":"product","2":"type-product","3":"status-publish","4":"has-post-thumbnail","6":"product_brand-modeco","7":"product_cat-material-na-slupki","8":"product_cat-supreme-suede-stretch-tkaniny-na-podsufitki-samochodowe","9":"product_cat-material-na-slupki-supreme-suede-podsufitki","11":"first","12":"instock","13":"purchasable","14":"product-type-simple","15":"entry","16":"content-bg","17":"loop-entry"},"acf":[],"taxonomy_info":{"product_brand":[{"value":17,"label":"MODECO"}],"product_cat":[{"value":117,"label":"MATERIA\u0141 NA S\u0141UPKI ( bez pianki)"},{"value":158,"label":"SUPREME SUEDE STRETCH"},{"value":125,"label":"SUPREME SUEDE STRETCH SLIM - S\u0141UPKI"}]},"featured_image_src_large":["https:\/\/modeco-sklep.pl\/wp-content\/uploads\/2026\/01\/ChatGPT-Image-3-sty-2026-15_23_38-1024x683.png",1024,683,true],"author_info":[],"comment_info":0,"_links":{"self":[{"href":"https:\/\/modeco-sklep.pl\/en\/wp-json\/wp\/v2\/product\/7196","targetHints":{"allow":["GET"]}}],"collection":[{"href":"https:\/\/modeco-sklep.pl\/en\/wp-json\/wp\/v2\/product"}],"about":[{"href":"https:\/\/modeco-sklep.pl\/en\/wp-json\/wp\/v2\/types\/product"}],"replies":[{"embeddable":true,"href":"https:\/\/modeco-sklep.pl\/en\/wp-json\/wp\/v2\/comments?post=7196"}],"wp:featuredmedia":[{"embeddable":true,"href":"https:\/\/modeco-sklep.pl\/en\/wp-json\/wp\/v2\/media\/7197"}],"wp:attachment":[{"href":"https:\/\/modeco-sklep.pl\/en\/wp-json\/wp\/v2\/media?parent=7196"}],"wp:term":[{"taxonomy":"product_brand","embeddable":true,"href":"https:\/\/modeco-sklep.pl\/en\/wp-json\/wp\/v2\/product_brand?post=7196"},{"taxonomy":"product_cat","embeddable":true,"href":"https:\/\/modeco-sklep.pl\/en\/wp-json\/wp\/v2\/product_cat?post=7196"},{"taxonomy":"product_tag","embeddable":true,"href":"https:\/\/modeco-sklep.pl\/en\/wp-json\/wp\/v2\/product_tag?post=7196"}],"curies":[{"name":"wp","href":"https:\/\/api.w.org\/{rel}","templated":true}]}}