{"id":1864,"date":"2025-06-30T21:57:34","date_gmt":"2025-06-30T19:57:34","guid":{"rendered":"https:\/\/modeco-sklep.pl\/?post_type=product&#038;p=1864"},"modified":"2026-04-13T14:32:11","modified_gmt":"2026-04-13T12:32:11","slug":"slim-supreme-suede-black","status":"publish","type":"product","link":"https:\/\/modeco-sklep.pl\/en\/slim-supreme-suede-black\/","title":{"rendered":"SLIM SUPREME SUEDE - BLACK"},"content":{"rendered":"<h4><strong>Car fabric SLIM SUPREME SUEDE STRETCH<\/strong><\/h4>\n<h4>Special SUEDE material<br \/>\nIt has short, soft bristles that change direction when dragged with the hand,. It is flexible, adapts perfectly to the shape of the parts, The material has a special backing, no sponge. The material has a special backing and is not spongy. The material has a special backing and is not spongy. Also suitable for bonding door sides, dashboards and decorative elements.<\/h4>\n<h4>\u2705 <strong>Flexible and easy to install<\/strong><br \/>\n\u2705 <strong>Fabric width: 150 cm<\/strong><\/h4>\n<h2 style=\"color: #444444; display: block; box-sizing: border-box; background-color: transparent;\"><span style=\"font-size: 11pt;\"><span style=\"line-height: normal;\"><span style=\"font-size: 12.0pt;\"><span style=\"color: #444444;\">The price is for 1 running metre ( 100 x 150cm)<\/span><\/span><\/span><\/span><br \/>\n<span style=\"font-size: 11pt;\"><span style=\"line-height: normal;\"><span style=\"font-size: 12.0pt;\"><span style=\"color: #444444;\">When purchasing several metres, we try to send the material in one piece.<\/span><\/span><\/span><\/span><\/h2>\n<p>&nbsp;<\/p>\n<p><img loading=\"lazy\" decoding=\"async\" class=\"aligncenter size-full wp-image-1866\" src=\"http:\/\/modeco-sklep.pl\/wp-content\/uploads\/2025\/06\/503504808_122245990520225869_8151499975418716095_n.jpg\" alt=\"\" width=\"2016\" height=\"1027\" srcset=\"https:\/\/modeco-sklep.pl\/wp-content\/uploads\/2025\/06\/503504808_122245990520225869_8151499975418716095_n.jpg 2016w, https:\/\/modeco-sklep.pl\/wp-content\/uploads\/2025\/06\/503504808_122245990520225869_8151499975418716095_n-300x153.jpg 300w, https:\/\/modeco-sklep.pl\/wp-content\/uploads\/2025\/06\/503504808_122245990520225869_8151499975418716095_n-1024x522.jpg 1024w, https:\/\/modeco-sklep.pl\/wp-content\/uploads\/2025\/06\/503504808_122245990520225869_8151499975418716095_n-768x391.jpg 768w, https:\/\/modeco-sklep.pl\/wp-content\/uploads\/2025\/06\/503504808_122245990520225869_8151499975418716095_n-1536x782.jpg 1536w, https:\/\/modeco-sklep.pl\/wp-content\/uploads\/2025\/06\/503504808_122245990520225869_8151499975418716095_n-18x9.jpg 18w, https:\/\/modeco-sklep.pl\/wp-content\/uploads\/2025\/06\/503504808_122245990520225869_8151499975418716095_n-150x76.jpg 150w\" sizes=\"auto, (max-width: 2016px) 100vw, 2016px\" \/><\/p>\n<p><img loading=\"lazy\" decoding=\"async\" class=\"aligncenter size-full wp-image-1867\" src=\"http:\/\/modeco-sklep.pl\/wp-content\/uploads\/2025\/06\/494630829_122239667888225869_607770240109107977_n.jpg\" alt=\"\" width=\"2000\" height=\"1500\" srcset=\"https:\/\/modeco-sklep.pl\/wp-content\/uploads\/2025\/06\/494630829_122239667888225869_607770240109107977_n.jpg 2000w, https:\/\/modeco-sklep.pl\/wp-content\/uploads\/2025\/06\/494630829_122239667888225869_607770240109107977_n-300x225.jpg 300w, https:\/\/modeco-sklep.pl\/wp-content\/uploads\/2025\/06\/494630829_122239667888225869_607770240109107977_n-1024x768.jpg 1024w, https:\/\/modeco-sklep.pl\/wp-content\/uploads\/2025\/06\/494630829_122239667888225869_607770240109107977_n-768x576.jpg 768w, https:\/\/modeco-sklep.pl\/wp-content\/uploads\/2025\/06\/494630829_122239667888225869_607770240109107977_n-1536x1152.jpg 1536w, https:\/\/modeco-sklep.pl\/wp-content\/uploads\/2025\/06\/494630829_122239667888225869_607770240109107977_n-16x12.jpg 16w, https:\/\/modeco-sklep.pl\/wp-content\/uploads\/2025\/06\/494630829_122239667888225869_607770240109107977_n-133x100.jpg 133w\" sizes=\"auto, (max-width: 2000px) 100vw, 2000px\" \/><\/p>\n<p>&nbsp;<\/p>\n<p>&nbsp;<\/p>\n<p>&nbsp;<\/p>\n<p>&nbsp;<\/p>","protected":false},"excerpt":{"rendered":"<p>Car fabric SLIM SUPREME SUEDE STRETCH The special SUEDE fabric has short, soft bristles that change direction when dragged with the hand,. It is flexible, adapts perfectly to the shape of the parts, The material has a special backing, no sponge. The material has a special backing and is not spongy. The material has a special backing and is not spongy. Also used for gluing door sides, dashboards, decorative elements....<\/p>","protected":false},"featured_media":7158,"comment_status":"closed","ping_status":"closed","template":"","meta":{"_acf_changed":false,"_kad_blocks_custom_css":"","_kad_blocks_head_custom_js":"","_kad_blocks_body_custom_js":"","_kad_blocks_footer_custom_js":"","_kad_post_transparent":"default","_kad_post_title":"","_kad_post_layout":"default","_kad_post_sidebar_id":"","_kad_post_content_style":"default","_kad_post_vertical_padding":"default","_kad_post_feature":"","_kad_post_feature_position":"","_kad_post_header":false,"_kad_post_footer":false,"_kad_post_classname":""},"product_brand":[17],"product_cat":[117,158,125,18],"product_tag":[],"class_list":{"0":"post-1864","1":"product","2":"type-product","3":"status-publish","4":"has-post-thumbnail","6":"product_brand-modeco","7":"product_cat-material-na-slupki","8":"product_cat-supreme-suede-stretch-tkaniny-na-podsufitki-samochodowe","9":"product_cat-material-na-slupki-supreme-suede-podsufitki","10":"product_cat-tkaniny-na-podsufitki-samochodowe","12":"first","13":"outofstock","14":"purchasable","15":"product-type-simple","16":"entry","17":"content-bg","18":"loop-entry"},"acf":[],"taxonomy_info":{"product_brand":[{"value":17,"label":"MODECO"}],"product_cat":[{"value":117,"label":"MATERIA\u0141 NA S\u0141UPKI ( bez pianki)"},{"value":158,"label":"SUPREME SUEDE STRETCH"},{"value":125,"label":"SUPREME SUEDE STRETCH SLIM - S\u0141UPKI"},{"value":18,"label":"TKANINY NA PODSUFITKI"}]},"featured_image_src_large":["https:\/\/modeco-sklep.pl\/wp-content\/uploads\/2025\/06\/ChatGPT-Image-1-sty-2026-19_09_08-1024x683.png",1024,683,true],"author_info":[],"comment_info":0,"_links":{"self":[{"href":"https:\/\/modeco-sklep.pl\/en\/wp-json\/wp\/v2\/product\/1864","targetHints":{"allow":["GET"]}}],"collection":[{"href":"https:\/\/modeco-sklep.pl\/en\/wp-json\/wp\/v2\/product"}],"about":[{"href":"https:\/\/modeco-sklep.pl\/en\/wp-json\/wp\/v2\/types\/product"}],"replies":[{"embeddable":true,"href":"https:\/\/modeco-sklep.pl\/en\/wp-json\/wp\/v2\/comments?post=1864"}],"wp:featuredmedia":[{"embeddable":true,"href":"https:\/\/modeco-sklep.pl\/en\/wp-json\/wp\/v2\/media\/7158"}],"wp:attachment":[{"href":"https:\/\/modeco-sklep.pl\/en\/wp-json\/wp\/v2\/media?parent=1864"}],"wp:term":[{"taxonomy":"product_brand","embeddable":true,"href":"https:\/\/modeco-sklep.pl\/en\/wp-json\/wp\/v2\/product_brand?post=1864"},{"taxonomy":"product_cat","embeddable":true,"href":"https:\/\/modeco-sklep.pl\/en\/wp-json\/wp\/v2\/product_cat?post=1864"},{"taxonomy":"product_tag","embeddable":true,"href":"https:\/\/modeco-sklep.pl\/en\/wp-json\/wp\/v2\/product_tag?post=1864"}],"curies":[{"name":"wp","href":"https:\/\/api.w.org\/{rel}","templated":true}]}}