{"id":1526,"date":"2025-06-13T06:07:08","date_gmt":"2025-06-13T06:07:08","guid":{"rendered":"https:\/\/modeco.mywebwork.net\/?page_id=1526"},"modified":"2025-10-11T22:22:32","modified_gmt":"2025-10-11T20:22:32","slug":"about-us","status":"publish","type":"page","link":"https:\/\/modeco-sklep.pl\/en\/o-nas\/","title":{"rendered":"About us"},"content":{"rendered":"<p>MODECO's head office and logistics centre is located in the capital of Podlaskie Voivodeship, the charming city of Bialystok. It is here that we receive and process orders from various parts of the country and international markets.&nbsp;<\/p>\n\n\n\n<p>We specialise in the production and distribution of fabrics dedicated to the automotive, marine and aviation industries. These are particularly demanding industries, which is why we are constantly searching for increasingly innovative solutions based on modern technologies.&nbsp;<\/p>\n\n\n<style>.kb-image1526_71fa73-2a.kb-image-is-ratio-size, .kb-image1526_71fa73-2a .kb-image-is-ratio-size{max-width:1449px;width:100%;}.wp-block-kadence-column > .kt-inside-inner-col > .kb-image1526_71fa73-2a.kb-image-is-ratio-size, .wp-block-kadence-column > .kt-inside-inner-col > .kb-image1526_71fa73-2a .kb-image-is-ratio-size{align-self:unset;}.kb-image1526_71fa73-2a{max-width:1449px;}.image-is-svg.kb-image1526_71fa73-2a{-webkit-flex:0 1 100%;flex:0 1 100%;}.image-is-svg.kb-image1526_71fa73-2a img{width:100%;}.kb-image1526_71fa73-2a .kb-image-has-overlay:after{opacity:0.3;}<\/style>\n<figure class=\"wp-block-kadence-image kb-image1526_71fa73-2a size-full kb-image-is-ratio-size\"><div class=\"kb-is-ratio-image kb-image-ratio-land41\"><img loading=\"lazy\" decoding=\"async\" width=\"2000\" height=\"1124\" src=\"http:\/\/modeco-sklep.pl\/wp-content\/uploads\/2025\/10\/baner.jpg\" alt=\"\" class=\"kb-img wp-image-6538\" srcset=\"https:\/\/modeco-sklep.pl\/wp-content\/uploads\/2025\/10\/baner.jpg 2000w, https:\/\/modeco-sklep.pl\/wp-content\/uploads\/2025\/10\/baner-300x169.jpg 300w, https:\/\/modeco-sklep.pl\/wp-content\/uploads\/2025\/10\/baner-1024x575.jpg 1024w, https:\/\/modeco-sklep.pl\/wp-content\/uploads\/2025\/10\/baner-768x432.jpg 768w, https:\/\/modeco-sklep.pl\/wp-content\/uploads\/2025\/10\/baner-1536x863.jpg 1536w, https:\/\/modeco-sklep.pl\/wp-content\/uploads\/2025\/10\/baner-18x10.jpg 18w, https:\/\/modeco-sklep.pl\/wp-content\/uploads\/2025\/10\/baner-150x84.jpg 150w\" sizes=\"auto, (max-width: 2000px) 100vw, 2000px\" \/><\/div><\/figure>\n\n\n\n<p>MODECO's range includes a wide selection of high quality and durable materials, including:<\/p>\n\n\n\n<ul class=\"wp-block-list\">\n<li>&nbsp;&nbsp;&nbsp;&nbsp;headliner fabrics<\/li>\n\n\n\n<li>&nbsp;&nbsp;&nbsp;&nbsp;synthetic leathers<\/li>\n\n\n\n<li>&nbsp;&nbsp;&nbsp;&nbsp;car seat fabrics<\/li>\n\n\n\n<li>&nbsp;&nbsp;&nbsp;&nbsp;carpets<\/li>\n<\/ul>\n\n\n\n<p>Our products are the perfect combination of modern design and functionality. We value originality, which is why, in the case of selected products, we offer the possibility of individual finishing, tailored to the requirements of a particular customer.<\/p>\n\n\n\n<p>Our long-standing presence on the market, extensive experience and comprehensive service make us a partner you can count on to carry out even the most demanding projects. We look forward to working with you!<\/p>","protected":false},"excerpt":{"rendered":"<p>Siedziba i centrum logistyczne firmy MODECO znajduje si\u0119 w stolicy wojew\u00f3dztwa podlaskiego, uroczym mie\u015bcie&nbsp; &#8211; Bia\u0142ymstoku. To tutaj przyjmujemy i realizujemy zam\u00f3wienia pochodz\u0105ce z r\u00f3\u017cnych cz\u0119\u015bci kraju i rynk\u00f3w mi\u0119dzynarodowych.&nbsp; Nasz\u0105 specjalno\u015bci\u0105 jest produkcja i dystrybucja tkanin dedykowanych bran\u017cy automotive, marine, aviation. S\u0105 to bran\u017ce szczeg\u00f3lnie wymagaj\u0105ce, dlatego nie ustajemy w poszukiwaniu coraz bardziej innowacyjnych&#8230;<\/p>","protected":false},"author":1940,"featured_media":1935,"parent":0,"menu_order":0,"comment_status":"closed","ping_status":"closed","template":"","meta":{"_acf_changed":false,"_kad_blocks_custom_css":"","_kad_blocks_head_custom_js":"","_kad_blocks_body_custom_js":"","_kad_blocks_footer_custom_js":"","_kad_post_transparent":"","_kad_post_title":"","_kad_post_layout":"","_kad_post_sidebar_id":"","_kad_post_content_style":"","_kad_post_vertical_padding":"","_kad_post_feature":"","_kad_post_feature_position":"","_kad_post_header":false,"_kad_post_footer":false,"_kad_post_classname":"","footnotes":""},"class_list":["post-1526","page","type-page","status-publish","has-post-thumbnail","hentry"],"acf":[],"taxonomy_info":[],"featured_image_src_large":["https:\/\/modeco-sklep.pl\/wp-content\/uploads\/2025\/07\/modeco-1024x629.jpeg",1024,629,true],"author_info":{"display_name":"Modeco Sklep","author_link":"https:\/\/modeco-sklep.pl\/en\/author\/modeco\/"},"comment_info":0,"_links":{"self":[{"href":"https:\/\/modeco-sklep.pl\/en\/wp-json\/wp\/v2\/pages\/1526","targetHints":{"allow":["GET"]}}],"collection":[{"href":"https:\/\/modeco-sklep.pl\/en\/wp-json\/wp\/v2\/pages"}],"about":[{"href":"https:\/\/modeco-sklep.pl\/en\/wp-json\/wp\/v2\/types\/page"}],"author":[{"embeddable":true,"href":"https:\/\/modeco-sklep.pl\/en\/wp-json\/wp\/v2\/users\/1940"}],"replies":[{"embeddable":true,"href":"https:\/\/modeco-sklep.pl\/en\/wp-json\/wp\/v2\/comments?post=1526"}],"version-history":[{"count":0,"href":"https:\/\/modeco-sklep.pl\/en\/wp-json\/wp\/v2\/pages\/1526\/revisions"}],"wp:featuredmedia":[{"embeddable":true,"href":"https:\/\/modeco-sklep.pl\/en\/wp-json\/wp\/v2\/media\/1935"}],"wp:attachment":[{"href":"https:\/\/modeco-sklep.pl\/en\/wp-json\/wp\/v2\/media?parent=1526"}],"curies":[{"name":"wp","href":"https:\/\/api.w.org\/{rel}","templated":true}]}}