{"id":1522,"date":"2025-06-13T06:05:44","date_gmt":"2025-06-13T06:05:44","guid":{"rendered":"https:\/\/modeco.mywebwork.net\/?page_id=1522"},"modified":"2026-04-16T22:11:11","modified_gmt":"2026-04-16T20:11:11","slug":"delivery","status":"publish","type":"page","link":"https:\/\/modeco-sklep.pl\/en\/dostawa\/","title":{"rendered":"Delivery"},"content":{"rendered":"<h4 class=\"wp-block-heading\">SHIPPING IN POLAND VIA GLS COURIER SERVICE<\/h4>\n\n\n\n<p>Delivery time from order fulfilment: 2-3 working days<\/p>\n\n\n\n<p>Standard shipping cost within Poland - 45 PLN<\/p>\n\n\n\n<p><strong>INTERNATIONAL SHIPPING ( EUROPEAN UNION)<\/strong><\/p>\n\n\n\n<p>Delivery time from order fulfilment: 5-14 working days<\/p>\n\n\n\n<p>Cost of standard overseas postage to EU countries: 35 Euros<\/p>\n\n\n\n<p><strong>SPECIAL OVERSIZE SHIPMENTS \/ PALLETS<\/strong><\/p>\n\n\n\n<p>Cost and terms of delivery are agreed individually<\/p>\n\n\n\n<p><\/p>","protected":false},"excerpt":{"rendered":"<p>WYSY\u0141KA W POLSCE ZA PO\u015aREDNICTWEM FIRMY KURIERSKIEJ GLS Czas dostawy od zrealizowania zam\u00f3wienia: 2-3 dni roboczych Koszt standardowej przesy\u0142ki na terenie Polski \u2013 45 z\u0142 WYSY\u0141KA ZAGRANICZNA ( UNIA EUROPEJSKA ) Czas dostawy od zrealizowania zam\u00f3wienia: 5-14 dni roboczych Koszt standardowej przesy\u0142ki zagranicznej do &nbsp;kraj\u00f3w Unii Europejskiej: 35 Euro PRZESY\u0141KI SPECJALNE GABARYTOWE \/ PALETY Koszt&#8230;<\/p>","protected":false},"author":1940,"featured_media":0,"parent":0,"menu_order":0,"comment_status":"closed","ping_status":"closed","template":"","meta":{"_acf_changed":false,"_kad_blocks_custom_css":"","_kad_blocks_head_custom_js":"","_kad_blocks_body_custom_js":"","_kad_blocks_footer_custom_js":"","_kad_post_transparent":"","_kad_post_title":"","_kad_post_layout":"","_kad_post_sidebar_id":"","_kad_post_content_style":"","_kad_post_vertical_padding":"","_kad_post_feature":"","_kad_post_feature_position":"","_kad_post_header":false,"_kad_post_footer":false,"_kad_post_classname":"","footnotes":""},"class_list":["post-1522","page","type-page","status-publish","hentry"],"acf":[],"taxonomy_info":[],"featured_image_src_large":false,"author_info":{"display_name":"Modeco Sklep","author_link":"https:\/\/modeco-sklep.pl\/en\/author\/modeco\/"},"comment_info":0,"_links":{"self":[{"href":"https:\/\/modeco-sklep.pl\/en\/wp-json\/wp\/v2\/pages\/1522","targetHints":{"allow":["GET"]}}],"collection":[{"href":"https:\/\/modeco-sklep.pl\/en\/wp-json\/wp\/v2\/pages"}],"about":[{"href":"https:\/\/modeco-sklep.pl\/en\/wp-json\/wp\/v2\/types\/page"}],"author":[{"embeddable":true,"href":"https:\/\/modeco-sklep.pl\/en\/wp-json\/wp\/v2\/users\/1940"}],"replies":[{"embeddable":true,"href":"https:\/\/modeco-sklep.pl\/en\/wp-json\/wp\/v2\/comments?post=1522"}],"version-history":[{"count":0,"href":"https:\/\/modeco-sklep.pl\/en\/wp-json\/wp\/v2\/pages\/1522\/revisions"}],"wp:attachment":[{"href":"https:\/\/modeco-sklep.pl\/en\/wp-json\/wp\/v2\/media?parent=1522"}],"curies":[{"name":"wp","href":"https:\/\/api.w.org\/{rel}","templated":true}]}}