{"id":7558,"date":"2026-02-13T10:57:12","date_gmt":"2026-02-13T09:57:12","guid":{"rendered":"https:\/\/modeco-sklep.pl\/?post_type=product&#038;p=7558"},"modified":"2026-02-13T11:05:19","modified_gmt":"2026-02-13T10:05:19","slug":"farbkatalog-fur-beliebte-dachhimmelmaterialien","status":"publish","type":"product","link":"https:\/\/modeco-sklep.pl\/de\/katalog-kolorystyczny-materialow-na-podsufitki-popular\/","title":{"rendered":"Farbkatalog f\u00fcr Polstermaterialien MATERIALS - POPULAR"},"content":{"rendered":"<p class=\"isSelectedEnd\"><strong>Farbmuster f\u00fcr den Autohimmel\u00a0<\/strong><\/p>\n<p class=\"isSelectedEnd\">Praktisches Musterexemplar, um die gesamte Farbpalette f\u00fcr Autohimmel zu sehen<\/p>\n<p>Muster mit beliebten, vom Kunden gew\u00e4hlten Materialfarben<\/p>\n<p class=\"isSelectedEnd\">Codes sind enthalten:<\/p>\n<p>N9, B1086, 8K111, 9F93, 7K31, K880, 9F52, 9K522, K860, 7K30, K773, K782, 8K149, N15, G02, K789, K786, G01, 8K51,K785, K775, 7Q02, 8K207, 8K78, K354, K856, K865, K896, K889, K869, N14, 8K185, K877, K858, 8K370<\/p>\n<p class=\"isSelectedEnd\">Jedes Beispiel hat das Format <strong>10 \u00d7 15 cm<\/strong>, die eine genaue Beurteilung von Farbe, Textur und Elastizit\u00e4t des Materials erm\u00f6glicht.<\/p>\n<p>Ideal f\u00fcr Fachleute f\u00fcr die Reparatur von Autohimmeln<\/p>\n<p>&nbsp;<\/p>\n<p>&nbsp;<\/p>\n<p>&nbsp;<\/p>\n<p>&nbsp;<\/p>","protected":false},"excerpt":{"rendered":"<p>Farbmuster f\u00fcr Autohimmel Ein praktisches Muster, mit dem Sie die gesamte Farbpalette f\u00fcr Autohimmel erkunden k\u00f6nnen Ein Muster mit beliebten, von Kunden ausgew\u00e4hlten Materialfarben Enthalten sind die Codes: N9, B1086, 8K111, 9F93, 7K31, K880, 9F52, 9K522, K860, 7K30, K773, K782, 8K149, N15, G02, K789, K786, G01, 8K51,K785, K775, 7Q02, 8K207, 8K78,...<\/p>","protected":false},"featured_media":7557,"comment_status":"open","ping_status":"closed","template":"","meta":{"_acf_changed":false,"_kad_blocks_custom_css":"","_kad_blocks_head_custom_js":"","_kad_blocks_body_custom_js":"","_kad_blocks_footer_custom_js":"","_kad_post_transparent":"default","_kad_post_title":"","_kad_post_layout":"default","_kad_post_sidebar_id":"","_kad_post_content_style":"default","_kad_post_vertical_padding":"default","_kad_post_feature":"","_kad_post_feature_position":"","_kad_post_header":false,"_kad_post_footer":false,"_kad_post_classname":""},"product_brand":[17],"product_cat":[165],"product_tag":[],"class_list":{"0":"post-7558","1":"product","2":"type-product","3":"status-publish","4":"has-post-thumbnail","6":"product_brand-modeco","7":"product_cat-probniki-tkaniny-na-podsufitki-samochodowe","9":"first","10":"instock","11":"shipping-taxable","12":"purchasable","13":"product-type-simple","14":"entry","15":"content-bg","16":"loop-entry"},"acf":[],"taxonomy_info":{"product_brand":[{"value":17,"label":"MODECO"}],"product_cat":[{"value":165,"label":"PR\u00d3BNIKI"}]},"featured_image_src_large":["https:\/\/modeco-sklep.pl\/wp-content\/uploads\/2026\/02\/20260101_135954-scaled-1-1024x768.jpg",1024,768,true],"author_info":[],"comment_info":0,"_links":{"self":[{"href":"https:\/\/modeco-sklep.pl\/de\/wp-json\/wp\/v2\/product\/7558","targetHints":{"allow":["GET"]}}],"collection":[{"href":"https:\/\/modeco-sklep.pl\/de\/wp-json\/wp\/v2\/product"}],"about":[{"href":"https:\/\/modeco-sklep.pl\/de\/wp-json\/wp\/v2\/types\/product"}],"replies":[{"embeddable":true,"href":"https:\/\/modeco-sklep.pl\/de\/wp-json\/wp\/v2\/comments?post=7558"}],"wp:featuredmedia":[{"embeddable":true,"href":"https:\/\/modeco-sklep.pl\/de\/wp-json\/wp\/v2\/media\/7557"}],"wp:attachment":[{"href":"https:\/\/modeco-sklep.pl\/de\/wp-json\/wp\/v2\/media?parent=7558"}],"wp:term":[{"taxonomy":"product_brand","embeddable":true,"href":"https:\/\/modeco-sklep.pl\/de\/wp-json\/wp\/v2\/product_brand?post=7558"},{"taxonomy":"product_cat","embeddable":true,"href":"https:\/\/modeco-sklep.pl\/de\/wp-json\/wp\/v2\/product_cat?post=7558"},{"taxonomy":"product_tag","embeddable":true,"href":"https:\/\/modeco-sklep.pl\/de\/wp-json\/wp\/v2\/product_tag?post=7558"}],"curies":[{"name":"wp","href":"https:\/\/api.w.org\/{rel}","templated":true}]}}