{"id":7555,"date":"2026-02-13T10:33:22","date_gmt":"2026-02-13T09:33:22","guid":{"rendered":"https:\/\/modeco-sklep.pl\/?post_type=product&#038;p=7555"},"modified":"2026-02-13T10:40:59","modified_gmt":"2026-02-13T09:40:59","slug":"wildleder-stretch-farbkatalog","status":"publish","type":"product","link":"https:\/\/modeco-sklep.pl\/de\/katalog-kolorystyczny-suede-stretch\/","title":{"rendered":"SUEDE STRETCH Farbkatalog"},"content":{"rendered":"<p class=\"isSelectedEnd\"><strong>SUPREME SUEDE STRETCH Stoff Farbmuster<\/strong><\/p>\n<p class=\"isSelectedEnd\">Ein praktisches Musterst\u00fcck, mit dem Sie sich vor dem Kauf ein Bild von der gesamten Farbpalette der SUPREME SUEDE STRETCH Stoffe machen k\u00f6nnen.<\/p>\n<p class=\"isSelectedEnd\">Enthalten sind:<\/p>\n<ul data-spread=\"false\">\n<li>\n<p class=\"isSelectedEnd\">alle verf\u00fcgbaren Materialfarben,<\/p>\n<\/li>\n<li>\n<p class=\"isSelectedEnd\">zus\u00e4tzliche Materialprobe in der Version <strong>SLIM<\/strong>.<\/p>\n<\/li>\n<\/ul>\n<p class=\"isSelectedEnd\">Jedes Beispiel hat das Format <strong>15 \u00d7 20 cm<\/strong>, die eine genaue Beurteilung von Farbe, Textur und Elastizit\u00e4t des Materials erm\u00f6glicht.<\/p>\n<p>Ideal f\u00fcr alle, die vor der Bestellung die richtige Farb- und Materialvariante ausw\u00e4hlen m\u00f6chten.<\/p>\n<p>&nbsp;<\/p>\n<p>&nbsp;<\/p>\n<p>&nbsp;<\/p>","protected":false},"excerpt":{"rendered":"<p>SUPREME SUEDE STRETCH Stoff-Farbmuster Ein praktisches Muster, mit dem Sie sich vor dem Kauf ein Bild von der gesamten Palette der SUPREME SUEDE STRETCH Stofffarben machen k\u00f6nnen. Enthalten sind: alle verf\u00fcgbaren Stofffarben, zus\u00e4tzliches Stoffmuster in SLIM-Ausf\u00fchrung. Jedes Muster hat ein Format von 15 \u00d7 20 cm, so dass Sie Farbe, Textur und Elastizit\u00e4t des Stoffes genau beurteilen k\u00f6nnen. Die ideale L\u00f6sung...<\/p>","protected":false},"featured_media":7554,"comment_status":"open","ping_status":"closed","template":"","meta":{"_acf_changed":false,"_kad_blocks_custom_css":"","_kad_blocks_head_custom_js":"","_kad_blocks_body_custom_js":"","_kad_blocks_footer_custom_js":"","_kad_post_transparent":"default","_kad_post_title":"","_kad_post_layout":"default","_kad_post_sidebar_id":"","_kad_post_content_style":"default","_kad_post_vertical_padding":"default","_kad_post_feature":"","_kad_post_feature_position":"","_kad_post_header":false,"_kad_post_footer":false,"_kad_post_classname":""},"product_brand":[17],"product_cat":[164,165],"product_tag":[],"class_list":{"0":"post-7555","1":"product","2":"type-product","3":"status-publish","4":"has-post-thumbnail","6":"product_brand-modeco","7":"product_cat-probniki","8":"product_cat-probniki-tkaniny-na-podsufitki-samochodowe","10":"first","11":"instock","12":"shipping-taxable","13":"purchasable","14":"product-type-simple","15":"entry","16":"content-bg","17":"loop-entry"},"acf":[],"taxonomy_info":{"product_brand":[{"value":17,"label":"MODECO"}],"product_cat":[{"value":164,"label":"PR\u00d3BNIKI"},{"value":165,"label":"PR\u00d3BNIKI"}]},"featured_image_src_large":["https:\/\/modeco-sklep.pl\/wp-content\/uploads\/2026\/02\/20260101_140713-1024x768.png",1024,768,true],"author_info":[],"comment_info":0,"_links":{"self":[{"href":"https:\/\/modeco-sklep.pl\/de\/wp-json\/wp\/v2\/product\/7555","targetHints":{"allow":["GET"]}}],"collection":[{"href":"https:\/\/modeco-sklep.pl\/de\/wp-json\/wp\/v2\/product"}],"about":[{"href":"https:\/\/modeco-sklep.pl\/de\/wp-json\/wp\/v2\/types\/product"}],"replies":[{"embeddable":true,"href":"https:\/\/modeco-sklep.pl\/de\/wp-json\/wp\/v2\/comments?post=7555"}],"wp:featuredmedia":[{"embeddable":true,"href":"https:\/\/modeco-sklep.pl\/de\/wp-json\/wp\/v2\/media\/7554"}],"wp:attachment":[{"href":"https:\/\/modeco-sklep.pl\/de\/wp-json\/wp\/v2\/media?parent=7555"}],"wp:term":[{"taxonomy":"product_brand","embeddable":true,"href":"https:\/\/modeco-sklep.pl\/de\/wp-json\/wp\/v2\/product_brand?post=7555"},{"taxonomy":"product_cat","embeddable":true,"href":"https:\/\/modeco-sklep.pl\/de\/wp-json\/wp\/v2\/product_cat?post=7555"},{"taxonomy":"product_tag","embeddable":true,"href":"https:\/\/modeco-sklep.pl\/de\/wp-json\/wp\/v2\/product_tag?post=7555"}],"curies":[{"name":"wp","href":"https:\/\/api.w.org\/{rel}","templated":true}]}}