{"id":6392,"date":"2025-10-05T20:51:35","date_gmt":"2025-10-05T18:51:35","guid":{"rendered":"https:\/\/modeco-sklep.pl\/?post_type=product&#038;p=6392"},"modified":"2025-10-05T20:52:13","modified_gmt":"2025-10-05T18:52:13","slug":"rattan-zimt","status":"publish","type":"product","link":"https:\/\/modeco-sklep.pl\/de\/rattan-cinnamon\/","title":{"rendered":"RATTAN ZIMT"},"content":{"rendered":"<h3 data-start=\"167\" data-end=\"230\"><strong data-start=\"171\" data-end=\"230\"> Rattan \u2013 ein Stil, der dem Interieur Charakter verleiht<\/strong><\/h3>\n<h4 data-start=\"232\" data-end=\"616\">Verleihen Sie Ihrem Auto einen einzigartigen Stil mit dem \u00d6ko-Leder Rattan \u2013 einem Material, das die klassische Eleganz von Flechtwerk mit moderner Langlebigkeit und Komfort verbindet.<br data-start=\"409\" data-end=\"412\" \/>Das zart gepr\u00e4gte Muster, das von nat\u00fcrlichem Rattan inspiriert ist, verleiht dem Innenraum eine einzigartige Tiefe und ein luxuri\u00f6ses Aussehen und passt perfekt zu klassischen und modernen Autopolsterungen.<\/h4>\n<h4 data-start=\"618\" data-end=\"879\">Es ist eine ausgezeichnete Wahl f\u00fcr alle, die Design, Langlebigkeit und einfache Pflege sch\u00e4tzen. Das \u00d6ko-Leder Rattan ist abriebfest, UV-best\u00e4ndig und temperaturbest\u00e4ndig \u2013 es eignet sich sowohl f\u00fcr die Restaurierung von Oldtimern als auch f\u00fcr moderne Custom-Projekte.<\/h4>\n<p>&nbsp;<\/p>\n<p>&nbsp;<\/p>\n<p><strong data-start=\"733\" data-end=\"760\">Technische Merkmale:<\/strong><\/p>\n<p data-start=\"1022\" data-end=\"1051\"><strong data-start=\"1022\" data-end=\"1032\">Zusammensetzung:<\/strong> 100% Vinyl (PVC)<\/p>\n<p data-start=\"1054\" data-end=\"1083\"><strong data-start=\"1054\" data-end=\"1066\">Grundierung:<\/strong> 100% Polyester<\/p>\n<p data-start=\"1086\" data-end=\"1111\"><strong data-start=\"1086\" data-end=\"1100\">Grammatur:<\/strong> 850 g\/m\u00b2<\/p>\n<p data-start=\"1114\" data-end=\"1142\"><strong data-start=\"1114\" data-end=\"1128\">Breite:<\/strong> 140 cm \u00b1 2%<\/p>\n<p data-start=\"1145\" data-end=\"1189\"><strong data-start=\"1145\" data-end=\"1180\">UV-Best\u00e4ndigkeit:<\/strong> hoch<\/p>\n<p data-start=\"1192\" data-end=\"1212\"><strong data-start=\"1192\" data-end=\"1210\">Flammhemmend:<\/strong><\/p>\n<p data-start=\"1217\" data-end=\"1238\">UNE 1021 Teil 1 und 2<\/p>\n<p data-start=\"1243\" data-end=\"1250\">AM 18<\/p>\n<p data-start=\"1255\" data-end=\"1259\">M2<\/p>\n<p data-start=\"1264\" data-end=\"1293\">BS 5852 (Zigarette und Streichholz)<\/p>\n<p data-start=\"1296\" data-end=\"1378\"><strong data-start=\"1296\" data-end=\"1321\">Verschlei\u00dffestigkeit:<\/strong> hoch \u2013 Material speziell f\u00fcr Autopolster<\/p>\n<p data-start=\"1381\" data-end=\"1454\"><strong data-start=\"1381\" data-end=\"1403\">Einfache Pflege:<\/strong> kann mit handels\u00fcblichen Reinigungsmitteln f\u00fcr Kunstleder gereinigt werden<\/p>\n<p>&nbsp;<\/p>\n<p>Der Preis gilt f\u00fcr 1 laufenden Meter (100 x 140 cm)<\/p>","protected":false},"excerpt":{"rendered":"<p>Rattan \u2013 ein Stil, der dem Innenraum Charakter verleiht Heben Sie Ihr Auto mit dem einzigartigen Stil von Rattan-Kunstleder hervor \u2013 einem Material, das die klassische Eleganz von Flechtwerk mit moderner Langlebigkeit und Komfort verbindet.Das zart gepr\u00e4gte Muster, inspiriert von nat\u00fcrlichem Rattan, verleiht dem Innenraum eine einzigartige Tiefe und ein luxuri\u00f6ses Aussehen und passt perfekt zu klassischen und modernen Designs von Autopolstern. Es ist die perfekte Wahl f\u00fcr...<\/p>","protected":false},"featured_media":6393,"comment_status":"open","ping_status":"closed","template":"","meta":{"_acf_changed":false,"_kad_blocks_custom_css":"","_kad_blocks_head_custom_js":"","_kad_blocks_body_custom_js":"","_kad_blocks_footer_custom_js":"","_kad_post_transparent":"","_kad_post_title":"","_kad_post_layout":"","_kad_post_sidebar_id":"","_kad_post_content_style":"","_kad_post_vertical_padding":"","_kad_post_feature":"","_kad_post_feature_position":"","_kad_post_header":false,"_kad_post_footer":false,"_kad_post_classname":""},"product_brand":[17],"product_cat":[135],"product_tag":[],"class_list":{"0":"post-6392","1":"product","2":"type-product","3":"status-publish","4":"has-post-thumbnail","6":"product_brand-modeco","7":"product_cat-rattan","9":"first","10":"instock","11":"shipping-taxable","12":"purchasable","13":"product-type-simple","14":"entry","15":"content-bg","16":"loop-entry"},"acf":[],"taxonomy_info":{"product_brand":[{"value":17,"label":"MODECO"}],"product_cat":[{"value":135,"label":"RATTAN"}]},"featured_image_src_large":["https:\/\/modeco-sklep.pl\/wp-content\/uploads\/2025\/10\/cinnamon-1-1024x683.jpg",1024,683,true],"author_info":[],"comment_info":0,"_links":{"self":[{"href":"https:\/\/modeco-sklep.pl\/de\/wp-json\/wp\/v2\/product\/6392","targetHints":{"allow":["GET"]}}],"collection":[{"href":"https:\/\/modeco-sklep.pl\/de\/wp-json\/wp\/v2\/product"}],"about":[{"href":"https:\/\/modeco-sklep.pl\/de\/wp-json\/wp\/v2\/types\/product"}],"replies":[{"embeddable":true,"href":"https:\/\/modeco-sklep.pl\/de\/wp-json\/wp\/v2\/comments?post=6392"}],"wp:featuredmedia":[{"embeddable":true,"href":"https:\/\/modeco-sklep.pl\/de\/wp-json\/wp\/v2\/media\/6393"}],"wp:attachment":[{"href":"https:\/\/modeco-sklep.pl\/de\/wp-json\/wp\/v2\/media?parent=6392"}],"wp:term":[{"taxonomy":"product_brand","embeddable":true,"href":"https:\/\/modeco-sklep.pl\/de\/wp-json\/wp\/v2\/product_brand?post=6392"},{"taxonomy":"product_cat","embeddable":true,"href":"https:\/\/modeco-sklep.pl\/de\/wp-json\/wp\/v2\/product_cat?post=6392"},{"taxonomy":"product_tag","embeddable":true,"href":"https:\/\/modeco-sklep.pl\/de\/wp-json\/wp\/v2\/product_tag?post=6392"}],"curies":[{"name":"wp","href":"https:\/\/api.w.org\/{rel}","templated":true}]}}