{"id":6373,"date":"2025-10-05T20:35:36","date_gmt":"2025-10-05T18:35:36","guid":{"rendered":"https:\/\/modeco-sklep.pl\/?post_type=product&#038;p=6373"},"modified":"2025-10-05T20:36:11","modified_gmt":"2025-10-05T18:36:11","slug":"oldtimer-nappa-sandstein","status":"publish","type":"product","link":"https:\/\/modeco-sklep.pl\/de\/oldtimer-nappa-sandstone\/","title":{"rendered":"OLDTIMER NAPPA \u2013 SANDSTEIN"},"content":{"rendered":"<h3><strong data-start=\"92\" data-end=\"152\">\u00d6ko-Leder Nappa Oldtimer \u2013 Klassik in moderner Ausf\u00fchrung<\/strong><\/h3>\n<h3><br data-start=\"152\" data-end=\"155\" \/>Verleihen Sie Ihrem Klassiker mit Kunstleder neuen Glanz <strong data-start=\"212\" data-end=\"230\">Nappa Oldtimer<\/strong>. Dieses Material wurde speziell f\u00fcr Oldtimer entwickelt und verbindet Retro-Eleganz mit der Langlebigkeit moderner Technologien. Es f\u00fchlt sich weich an, hat eine tiefe Struktur und sieht aus wie echtes Leder \u2013 ideal f\u00fcr die Renovierung von Oldtimer-Innenr\u00e4umen. Es ist abriebfest, UV-best\u00e4ndig und leicht zu reinigen.<\/h3>\n<p>&nbsp;<\/p>\n<p><strong data-start=\"733\" data-end=\"760\">Technische Merkmale:<\/strong><\/p>\n<p data-start=\"763\" data-end=\"800\"><strong data-start=\"763\" data-end=\"773\">Zusammensetzung:<\/strong> 72% Vinyl (PVC) \u2013 28% PU<\/p>\n<p data-start=\"803\" data-end=\"845\"><strong data-start=\"803\" data-end=\"815\">Grundierung:<\/strong> 100% Polyester-Mikrofaser<\/p>\n<p data-start=\"848\" data-end=\"873\"><strong data-start=\"848\" data-end=\"862\">Grammatur:<\/strong> 853 g\/m\u00b2<\/p>\n<p data-start=\"876\" data-end=\"904\"><strong data-start=\"876\" data-end=\"890\">Breite:<\/strong> 140 cm \u00b1 2%<\/p>\n<p data-start=\"907\" data-end=\"964\"><strong data-start=\"907\" data-end=\"934\">Abriebfestigkeit:<\/strong> &gt;100.000 Zyklen (Martindale)<\/p>\n<p data-start=\"967\" data-end=\"1041\"><strong data-start=\"967\" data-end=\"1002\">UV-Best\u00e4ndigkeit:<\/strong> hoch - bewahrt Farbe und Textur<\/p>\n<p data-start=\"1044\" data-end=\"1099\"><strong data-start=\"1044\" data-end=\"1062\">Flammhemmend:<\/strong> optionale feuerfeste Ausf\u00fchrung<\/p>\n<p data-start=\"1104\" data-end=\"1124\">UNE 1021 Teile 1-2<\/p>\n<p data-start=\"1129\" data-end=\"1158\">BS 5852 (Zigarette und Streichholz)<\/p>\n<p data-start=\"1161\" data-end=\"1209\"><strong data-start=\"1161\" data-end=\"1189\">Betriebstemperaturbereich:<\/strong> von -30\u00b0C bis +80\u00b0C<\/p>\n<p data-start=\"1212\" data-end=\"1282\"><strong data-start=\"1212\" data-end=\"1234\">Leichte Reinigung:<\/strong> resistent gegen Schmutz und Pflegemittel<\/p>\n<p>&nbsp;<\/p>\n<p>Der Preis gilt f\u00fcr 1 laufenden Meter (100 x 140 cm)<\/p>","protected":false},"excerpt":{"rendered":"<p>\u00d6ko-Leder Nappa Oldtimer \u2013 Klassik in moderner Ausf\u00fchrung Verleihen Sie Ihrem Oldtimer mit dem \u00d6ko-Leder Nappa Oldtimer seinen fr\u00fcheren Glanz zur\u00fcck. Dieses Material wurde speziell f\u00fcr Oldtimer entwickelt und verbindet Retro-Eleganz mit der Langlebigkeit moderner Technologien. Weich im Griff, mit tiefer Struktur und authentischem Aussehen von Naturleder \u2013 perfekt f\u00fcr die Renovierung von Oldtimer-Innenr\u00e4umen. Abriebfest, best\u00e4ndig gegen UV-Strahlung...<\/p>","protected":false},"featured_media":6374,"comment_status":"open","ping_status":"closed","template":"","meta":{"_acf_changed":false,"_kad_blocks_custom_css":"","_kad_blocks_head_custom_js":"","_kad_blocks_body_custom_js":"","_kad_blocks_footer_custom_js":"","_kad_post_transparent":"","_kad_post_title":"","_kad_post_layout":"","_kad_post_sidebar_id":"","_kad_post_content_style":"","_kad_post_vertical_padding":"","_kad_post_feature":"","_kad_post_feature_position":"","_kad_post_header":false,"_kad_post_footer":false,"_kad_post_classname":""},"product_brand":[17],"product_cat":[155],"product_tag":[],"class_list":{"0":"post-6373","1":"product","2":"type-product","3":"status-publish","4":"has-post-thumbnail","6":"product_brand-modeco","7":"product_cat-oldtimer-nappa","9":"first","10":"instock","11":"shipping-taxable","12":"purchasable","13":"product-type-simple","14":"entry","15":"content-bg","16":"loop-entry"},"acf":[],"taxonomy_info":{"product_brand":[{"value":17,"label":"MODECO"}],"product_cat":[{"value":155,"label":"OLDTIMER NAPPA"}]},"featured_image_src_large":["https:\/\/modeco-sklep.pl\/wp-content\/uploads\/2025\/10\/SANDSTONE-1024x683.jpg",1024,683,true],"author_info":[],"comment_info":0,"_links":{"self":[{"href":"https:\/\/modeco-sklep.pl\/de\/wp-json\/wp\/v2\/product\/6373","targetHints":{"allow":["GET"]}}],"collection":[{"href":"https:\/\/modeco-sklep.pl\/de\/wp-json\/wp\/v2\/product"}],"about":[{"href":"https:\/\/modeco-sklep.pl\/de\/wp-json\/wp\/v2\/types\/product"}],"replies":[{"embeddable":true,"href":"https:\/\/modeco-sklep.pl\/de\/wp-json\/wp\/v2\/comments?post=6373"}],"wp:featuredmedia":[{"embeddable":true,"href":"https:\/\/modeco-sklep.pl\/de\/wp-json\/wp\/v2\/media\/6374"}],"wp:attachment":[{"href":"https:\/\/modeco-sklep.pl\/de\/wp-json\/wp\/v2\/media?parent=6373"}],"wp:term":[{"taxonomy":"product_brand","embeddable":true,"href":"https:\/\/modeco-sklep.pl\/de\/wp-json\/wp\/v2\/product_brand?post=6373"},{"taxonomy":"product_cat","embeddable":true,"href":"https:\/\/modeco-sklep.pl\/de\/wp-json\/wp\/v2\/product_cat?post=6373"},{"taxonomy":"product_tag","embeddable":true,"href":"https:\/\/modeco-sklep.pl\/de\/wp-json\/wp\/v2\/product_tag?post=6373"}],"curies":[{"name":"wp","href":"https:\/\/api.w.org\/{rel}","templated":true}]}}