{"id":6345,"date":"2025-10-05T19:55:52","date_gmt":"2025-10-05T17:55:52","guid":{"rendered":"https:\/\/modeco-sklep.pl\/?post_type=product&#038;p=6345"},"modified":"2025-10-05T19:56:45","modified_gmt":"2025-10-05T17:56:45","slug":"grizzly-pecan-2","status":"publish","type":"product","link":"https:\/\/modeco-sklep.pl\/de\/grizzly-pecan-2\/","title":{"rendered":"GRIZZLY PECAN"},"content":{"rendered":"<h3><strong data-start=\"628\" data-end=\"665\">GRIZZLY  \u2013 Langlebigkeit und Komfort in einem<\/strong><\/h3>\n<h3>Die Kollektion aus hochwertigem Kunstleder ist von echtem Leder kaum zu unterscheiden. Das Material ist extrem strapazierf\u00e4hig und abriebfest, was es besonders langlebig macht. Kunstleder hat eine ausgepr\u00e4gte, nat\u00fcrlich wirkende Struktur und eine angenehm anzufassende Oberfl\u00e4che.\u00a0 GRIZZLY  ist au\u00dferdem wasser- und salzwasserbest\u00e4ndig und eignet sich daher perfekt als Bezugsstoff f\u00fcr Gartenm\u00f6bel, Yachten, Motorboote und Kreuzfahrtschiffe.<\/h3>\n<h3 data-start=\"174\" data-end=\"210\"><\/h3>\n<h3 data-start=\"174\" data-end=\"210\"><strong data-start=\"177\" data-end=\"210\">Technische Eigenschaften<\/strong><\/h3>\n<p data-start=\"212\" data-end=\"725\"><strong data-start=\"212\" data-end=\"221\">Gewicht:<\/strong> 950 g\/m\u00b2 \u00b1 5%<br data-start=\"235\" data-end=\"238\" \/><strong data-start=\"238\" data-end=\"250\">Dicke:<\/strong> 1,35 \u2013 1,55 mm<br data-start=\"265\" data-end=\"268\" \/><strong data-start=\"268\" data-end=\"278\">Zusammensetzung:<\/strong> PVC \u2013 79%, CO \u2013 21%<br data-start=\"298\" data-end=\"301\" \/><strong data-start=\"301\" data-end=\"328\">Abriebfestigkeit:<\/strong> \u2265 400.000 Martindale-Zyklen (ISO 5470-2)<br data-start=\"368\" data-end=\"371\" \/><strong data-start=\"371\" data-end=\"396\">Alkoholvertr\u00e4glichkeit:<\/strong> \u2713 (Graustufen)<br data-start=\"415\" data-end=\"418\" data-is-only-node=\"\" \/><strong data-start=\"418\" data-end=\"440\">Feuerbest\u00e4ndigkeit:<\/strong><br data-start=\"440\" data-end=\"443\" \/>FMVSS 302<br data-start=\"452\" data-end=\"455\" \/>EN 1021-1+2<br data-start=\"466\" data-end=\"469\" \/>NFP 92-507 M2<br data-start=\"482\" data-end=\"485\" \/>BS 5852 (Klassifizierung Kinderbett)<br data-start=\"514\" data-end=\"517\" \/>IMO 2010 FTC-Code Teil 8<br data-start=\"541\" data-end=\"544\" \/>UNI 9175 (Klassifizierung 1.IM)<br data-start=\"572\" data-end=\"575\" \/>\u00d6NORM A 3800 \u2013 1<br data-start=\"591\" data-end=\"594\" \/>\u00d6NORM B 3825<br data-start=\"606\" data-end=\"609\" \/><strong data-start=\"609\" data-end=\"660\">Antibakterielle \/ antimykotische Eigenschaften:<\/strong> \u2713<br data-start=\"692\" data-end=\"695\" \/><strong data-start=\"695\" data-end=\"709\">Breite:<\/strong> 1,37 \u2013 1,40 m<\/p>\n<p>&nbsp;<\/p>\n<h3>Der Preis gilt f\u00fcr 1 Laufmeter (100 x 137 cm).<\/h3>","protected":false},"excerpt":{"rendered":"<p>GRIZZLY  \u2013 Langlebigkeit und Komfort in einem Die Kollektion aus hochwertigem Kunstleder ist von echtem Leder kaum zu unterscheiden. Das Material ist besonders strapazierf\u00e4hig und abriebfest, was es extrem langlebig macht. Das Kunstleder hat eine ausgepr\u00e4gte, nat\u00fcrlich wirkende Struktur und eine angenehm anzufassende Oberfl\u00e4che.\u00a0 GRIZZLY  ist au\u00dferdem wasserfest und salzwasserbest\u00e4ndig, ...<\/p>","protected":false},"featured_media":6346,"comment_status":"open","ping_status":"closed","template":"","meta":{"_acf_changed":false,"_kad_blocks_custom_css":"","_kad_blocks_head_custom_js":"","_kad_blocks_body_custom_js":"","_kad_blocks_footer_custom_js":"","_kad_post_transparent":"","_kad_post_title":"","_kad_post_layout":"","_kad_post_sidebar_id":"","_kad_post_content_style":"","_kad_post_vertical_padding":"","_kad_post_feature":"","_kad_post_feature_position":"","_kad_post_header":false,"_kad_post_footer":false,"_kad_post_classname":""},"product_brand":[17],"product_cat":[136],"product_tag":[],"class_list":{"0":"post-6345","1":"product","2":"type-product","3":"status-publish","4":"has-post-thumbnail","6":"product_brand-modeco","7":"product_cat-grizzly-skory-syntetyczne-vinyle","9":"first","10":"instock","11":"shipping-taxable","12":"purchasable","13":"product-type-simple","14":"entry","15":"content-bg","16":"loop-entry"},"acf":[],"taxonomy_info":{"product_brand":[{"value":17,"label":"MODECO"}],"product_cat":[{"value":136,"label":"GRIZZLY"}]},"featured_image_src_large":["https:\/\/modeco-sklep.pl\/wp-content\/uploads\/2025\/10\/PECAN.jpg",1000,667,false],"author_info":[],"comment_info":0,"_links":{"self":[{"href":"https:\/\/modeco-sklep.pl\/de\/wp-json\/wp\/v2\/product\/6345","targetHints":{"allow":["GET"]}}],"collection":[{"href":"https:\/\/modeco-sklep.pl\/de\/wp-json\/wp\/v2\/product"}],"about":[{"href":"https:\/\/modeco-sklep.pl\/de\/wp-json\/wp\/v2\/types\/product"}],"replies":[{"embeddable":true,"href":"https:\/\/modeco-sklep.pl\/de\/wp-json\/wp\/v2\/comments?post=6345"}],"wp:featuredmedia":[{"embeddable":true,"href":"https:\/\/modeco-sklep.pl\/de\/wp-json\/wp\/v2\/media\/6346"}],"wp:attachment":[{"href":"https:\/\/modeco-sklep.pl\/de\/wp-json\/wp\/v2\/media?parent=6345"}],"wp:term":[{"taxonomy":"product_brand","embeddable":true,"href":"https:\/\/modeco-sklep.pl\/de\/wp-json\/wp\/v2\/product_brand?post=6345"},{"taxonomy":"product_cat","embeddable":true,"href":"https:\/\/modeco-sklep.pl\/de\/wp-json\/wp\/v2\/product_cat?post=6345"},{"taxonomy":"product_tag","embeddable":true,"href":"https:\/\/modeco-sklep.pl\/de\/wp-json\/wp\/v2\/product_tag?post=6345"}],"curies":[{"name":"wp","href":"https:\/\/api.w.org\/{rel}","templated":true}]}}