{"id":6314,"date":"2025-10-03T10:23:06","date_gmt":"2025-10-03T08:23:06","guid":{"rendered":"https:\/\/modeco-sklep.pl\/?post_type=product&#038;p=6314"},"modified":"2026-02-04T11:27:36","modified_gmt":"2026-02-04T10:27:36","slug":"nappa-rio-wildleder-schwarz","status":"publish","type":"product","link":"https:\/\/modeco-sklep.pl\/de\/nappa-rio-suede-black\/","title":{"rendered":"NAPPA RIO SUEDE SCHWARZ"},"content":{"rendered":"<h3><strong data-start=\"132\" data-end=\"150\">NAPPA Rio Wildleder<\/strong> ist eine Vinyl-Alternative zu Mikrofaser. Dank seiner samtigen Struktur erinnert es an den Vintage-Effekt, der f\u00fcr echtes Nubuk charakteristisch ist, und beh\u00e4lt gleichzeitig seine hohen technischen Eigenschaften bei. Es ist \u00e4u\u00dferst vielseitig und eignet sich sowohl f\u00fcr den Innen- als auch f\u00fcr den Au\u00dfenbereich. Die reichhaltige Farbpalette und die universelle Verwendbarkeit machen es ideal f\u00fcr alle Arten von Polsterungen.<\/h3>\n<p>&nbsp;<\/p>\n<h3 data-start=\"556\" data-end=\"590\"><strong data-start=\"560\" data-end=\"590\">Technische Merkmale:<\/strong><\/h3>\n<p data-start=\"569\" data-end=\"581\"><strong data-start=\"569\" data-end=\"579\">Zusammensetzung: <\/strong>88% Vinyl, 1% PU, 7% PES, 4% CO<\/p>\n<p data-start=\"569\" data-end=\"581\"><strong data-start=\"628\" data-end=\"651\">Breite (\u00b1 3 cm):<\/strong> 140 cm<br data-start=\"658\" data-end=\"661\" \/><strong data-start=\"661\" data-end=\"682\">Grammatur (\u00b1 5%):<\/strong> 670 g\/m\u00b2<br data-start=\"691\" data-end=\"694\" \/><strong data-start=\"694\" data-end=\"717\">Dicke (\u00b1 0,1 mm):<\/strong> 0,9 mm<\/p>\n<ul data-start=\"591\" data-end=\"1287\">\n<li data-start=\"591\" data-end=\"661\">\n<p data-start=\"593\" data-end=\"661\"><strong data-start=\"593\" data-end=\"605\">Haltbarkeit<\/strong>: Abriebfestigkeit <em data-start=\"630\" data-end=\"658\">\u2265 80.000 Martindale-Zyklen<\/em>.<\/p>\n<\/li>\n<li data-start=\"662\" data-end=\"842\">\n<p data-start=\"664\" data-end=\"714\"><strong data-start=\"664\" data-end=\"682\">Sicherheit<\/strong>: erf\u00fcllt die Normen f\u00fcr Schwerentflammbarkeit<\/p>\n<ul data-start=\"717\" data-end=\"842\">\n<li data-start=\"717\" data-end=\"753\">\n<p data-start=\"719\" data-end=\"753\">EU: <em data-start=\"723\" data-end=\"751\">UNI EN ISO 1021 Teil 1 &amp; 2<\/em><\/p>\n<\/li>\n<li data-start=\"756\" data-end=\"787\">\n<p data-start=\"758\" data-end=\"787\">IT: <em data-start=\"762\" data-end=\"785\">Klasse 1IM \u2013 UNI 9175<\/em><\/p>\n<\/li>\n<li data-start=\"790\" data-end=\"819\">\n<p data-start=\"792\" data-end=\"819\">UK: <em data-start=\"796\" data-end=\"817\">BS5892 Quelle 0 &amp; 1<\/em><\/p>\n<\/li>\n<li data-start=\"822\" data-end=\"842\">\n<p data-start=\"824\" data-end=\"842\">US: <em data-start=\"828\" data-end=\"840\">CAL TB 117<\/em><\/p>\n<\/li>\n<\/ul>\n<\/li>\n<li data-start=\"843\" data-end=\"908\">\n<p data-start=\"845\" data-end=\"908\"><strong data-start=\"845\" data-end=\"856\">Hygiene<\/strong>: antibakteriell und schimmelresistent (<em data-start=\"893\" data-end=\"904\">ISO 846 B<\/em>).<\/p>\n<\/li>\n<li data-start=\"909\" data-end=\"1119\">\n<p data-start=\"911\" data-end=\"937\"><strong data-start=\"911\" data-end=\"934\">Chemische Best\u00e4ndigkeit<\/strong>:<\/p>\n<ul data-start=\"940\" data-end=\"1119\">\n<li data-start=\"940\" data-end=\"973\">\n<p data-start=\"942\" data-end=\"973\">auf Aceton (<em data-start=\"953\" data-end=\"970\">UNI 4818 \u2013 S. 16<\/em>)<\/p>\n<\/li>\n<li data-start=\"976\" data-end=\"1031\">\n<p data-start=\"978\" data-end=\"1031\">f\u00fcr Bleichmittel \u2013 3% NaClO (<em data-start=\"1003\" data-end=\"1028\">UNI EN ISO 105-X12:2003<\/em>)<\/p>\n<\/li>\n<li data-start=\"1034\" data-end=\"1076\">\n<p data-start=\"1036\" data-end=\"1076\">auf Alkohol (<em data-start=\"1048\" data-end=\"1073\">UNI EN ISO 105-X12:2003<\/em>)<\/p>\n<\/li>\n<li data-start=\"1079\" data-end=\"1119\">\n<p data-start=\"1081\" data-end=\"1119\">auf den Urin (<em data-start=\"1090\" data-end=\"1115\">UNI EN ISO 105-X12:2003<\/em>).<\/p>\n<\/li>\n<\/ul>\n<\/li>\n<li data-start=\"1120\" data-end=\"1287\">\n<p data-start=\"1122\" data-end=\"1151\"><strong data-start=\"1122\" data-end=\"1148\">Umweltvertr\u00e4glichkeit<\/strong>:<\/p>\n<ul data-start=\"1154\" data-end=\"1287\">\n<li data-start=\"1154\" data-end=\"1200\">\n<p data-start=\"1156\" data-end=\"1200\">auf Salzwasser (<em data-start=\"1171\" data-end=\"1196\">UNI EN ISO 105-E02:2013<\/em>).<\/p>\n<\/li>\n<li data-start=\"1203\" data-end=\"1287\">\n<p data-start=\"1205\" data-end=\"1287\">Feuchtigkeit und tropische Bedingungen \u2013 Hydrolysetest (<em data-start=\"1258\" data-end=\"1283\">UNI EN ISO 1419\/C-1995E<\/em>).<\/p>\n<\/li>\n<\/ul>\n<\/li>\n<\/ul>\n<p>&nbsp;<\/p>\n<p>&nbsp;<\/p>\n<h3><strong data-start=\"628\" data-end=\"665\">Der Preis gilt f\u00fcr einen laufenden Meter (100 x 140 cm).<\/strong><\/h3>","protected":false},"excerpt":{"rendered":"<p>NAPPA Rio Suede ist eine Vinyl-Alternative zu Mikrofaser. Dank seiner samtigen Struktur erinnert es an den Vintage-Effekt, der f\u00fcr echtes Nubuk charakteristisch ist, und beh\u00e4lt gleichzeitig seine hohen technischen Eigenschaften bei. Es ist \u00e4u\u00dferst vielseitig und eignet sich sowohl f\u00fcr den Innen- als auch f\u00fcr den Au\u00dfenbereich. Die reichhaltige Farbpalette und die universelle Verwendbarkeit machen es ideal f\u00fcr alle Arten von Polsterungen.   Eigenschaften\u2026<\/p>","protected":false},"featured_media":7441,"comment_status":"open","ping_status":"closed","template":"","meta":{"_acf_changed":false,"_kad_blocks_custom_css":"","_kad_blocks_head_custom_js":"","_kad_blocks_body_custom_js":"","_kad_blocks_footer_custom_js":"","_kad_post_transparent":"default","_kad_post_title":"","_kad_post_layout":"default","_kad_post_sidebar_id":"","_kad_post_content_style":"default","_kad_post_vertical_padding":"default","_kad_post_feature":"","_kad_post_feature_position":"","_kad_post_header":false,"_kad_post_footer":false,"_kad_post_classname":""},"product_brand":[17],"product_cat":[128,51],"product_tag":[],"class_list":{"0":"post-6314","1":"product","2":"type-product","3":"status-publish","4":"has-post-thumbnail","6":"product_brand-modeco","7":"product_cat-nappa-rio-suede","8":"product_cat-motocyklowe","10":"first","11":"instock","12":"shipping-taxable","13":"purchasable","14":"product-type-simple","15":"entry","16":"content-bg","17":"loop-entry"},"acf":[],"taxonomy_info":{"product_brand":[{"value":17,"label":"MODECO"}],"product_cat":[{"value":128,"label":"NAPPA RIO SUEDE"},{"value":51,"label":"MATERIA\u0141Y NA SIEDZENIA MOTOCYKLOWE"}]},"featured_image_src_large":["https:\/\/modeco-sklep.pl\/wp-content\/uploads\/2025\/10\/20260204_112048-1024x768.jpg",1024,768,true],"author_info":[],"comment_info":0,"_links":{"self":[{"href":"https:\/\/modeco-sklep.pl\/de\/wp-json\/wp\/v2\/product\/6314","targetHints":{"allow":["GET"]}}],"collection":[{"href":"https:\/\/modeco-sklep.pl\/de\/wp-json\/wp\/v2\/product"}],"about":[{"href":"https:\/\/modeco-sklep.pl\/de\/wp-json\/wp\/v2\/types\/product"}],"replies":[{"embeddable":true,"href":"https:\/\/modeco-sklep.pl\/de\/wp-json\/wp\/v2\/comments?post=6314"}],"wp:featuredmedia":[{"embeddable":true,"href":"https:\/\/modeco-sklep.pl\/de\/wp-json\/wp\/v2\/media\/7441"}],"wp:attachment":[{"href":"https:\/\/modeco-sklep.pl\/de\/wp-json\/wp\/v2\/media?parent=6314"}],"wp:term":[{"taxonomy":"product_brand","embeddable":true,"href":"https:\/\/modeco-sklep.pl\/de\/wp-json\/wp\/v2\/product_brand?post=6314"},{"taxonomy":"product_cat","embeddable":true,"href":"https:\/\/modeco-sklep.pl\/de\/wp-json\/wp\/v2\/product_cat?post=6314"},{"taxonomy":"product_tag","embeddable":true,"href":"https:\/\/modeco-sklep.pl\/de\/wp-json\/wp\/v2\/product_tag?post=6314"}],"curies":[{"name":"wp","href":"https:\/\/api.w.org\/{rel}","templated":true}]}}