{"id":6296,"date":"2025-10-02T23:19:46","date_gmt":"2025-10-02T21:19:46","guid":{"rendered":"https:\/\/modeco-sklep.pl\/?post_type=product&#038;p=6296"},"modified":"2025-10-02T23:20:19","modified_gmt":"2025-10-02T21:20:19","slug":"como-weis-2","status":"publish","type":"product","link":"https:\/\/modeco-sklep.pl\/de\/como-white-2\/","title":{"rendered":"COMO WHITE"},"content":{"rendered":"<h3 data-start=\"202\" data-end=\"270\"><strong data-start=\"206\" data-end=\"268\">COMO \u2013 f\u00fcr den Personentransport zertifizierte Polsterung<\/strong><\/h3>\n<p data-start=\"271\" data-end=\"503\"><strong data-start=\"271\" data-end=\"279\">COMO<\/strong> ist ein hochwertiges, extrem strapazierf\u00e4higes Kunstleder mit klassischer Pr\u00e4gung, das speziell f\u00fcr die anspruchsvollen Bedingungen im Personenverkehr entwickelt wurde. Es verbindet elegantes Aussehen mit h\u00f6chsten Standards in Sachen Sicherheit und Widerstandsf\u00e4higkeit.<\/p>\n<p data-start=\"505\" data-end=\"540\">\u2714 <strong data-start=\"507\" data-end=\"537\">Sicherheitszertifikate<\/strong>:<\/p>\n<ul data-start=\"541\" data-end=\"761\">\n<li data-start=\"541\" data-end=\"662\">\n<p data-start=\"543\" data-end=\"662\"><strong data-start=\"543\" data-end=\"571\">N 118:2017 Stra\u00dfenfahrzeuge<\/strong> \u2013 zugelassen f\u00fcr den Einsatz in Bussen und Fahrzeugen des \u00f6ffentlichen Nahverkehrs<\/p>\n<\/li>\n<li data-start=\"663\" data-end=\"761\">\n<p data-start=\"665\" data-end=\"761\"><strong data-start=\"665\" data-end=\"707\">FAR 25\/853 Anhang F Teil I, a, 1, II<\/strong> \u2013 erf\u00fcllt strenge Normen f\u00fcr Flugzeuginnenr\u00e4ume<\/p>\n<\/li>\n<\/ul>\n<p data-start=\"763\" data-end=\"954\">\u2714 <strong data-start=\"765\" data-end=\"817\">Flammhemmend und widerstandsf\u00e4hig gegen intensive Beanspruchung<\/strong><br data-start=\"817\" data-end=\"820\" \/>\u2714 <strong data-start=\"822\" data-end=\"868\">Ideal f\u00fcr Busse, Z\u00fcge und Flugzeuge<\/strong><br data-start=\"868\" data-end=\"871\" \/>\u2714 <strong data-start=\"873\" data-end=\"915\">Pflegeleicht und besonders langlebig<\/strong> \u2013 beh\u00e4lt sein Aussehen \u00fcber viele Jahre hinweg<\/p>\n<p data-start=\"956\" data-end=\"1038\"><strong data-start=\"956\" data-end=\"1036\">COMO \u2013 zertifizierte Qualit\u00e4t, die den Komfort und die Sicherheit auf Reisen erh\u00f6ht.<\/strong><\/p>\n<p><span style=\"font-size: 18px;\"><br \/>\n<span style=\"line-height: 107%;\">Materialbreite: 137 cm<\/span><\/span><\/p>\n<p><span style=\"line-height: 107%;\">Feuerhemmungszertifikate:<\/span><\/p>\n<div id=\"dropdown-block-b6f7f6c73de6916731e6-0\" class=\"accordion-item__dropdown accordion-item__dropdown--open\" role=\"region\" aria-labelledby=\"button-block-b6f7f6c73de6916731e6-0\">\n<div class=\"accordion-item__description\">\n<ul>\n<li data-rte-preserve-empty=\"true\">BS 5852 \u2013 1979<\/li>\n<li data-rte-preserve-empty=\"true\">EN 1021 1-2<\/li>\n<li data-rte-preserve-empty=\"true\">IMO MED<\/li>\n<li data-rte-preserve-empty=\"true\">FTP-Code 2010 Teil 8<\/li>\n<li data-rte-preserve-empty=\"true\">FAR 25\/853 Anhang F Teil I, a, 1, II<\/li>\n<li data-rte-preserve-empty=\"true\">N 118:2017 Stra\u00dfenfahrzeuge<\/li>\n<\/ul>\n<\/div>\n<p><span style=\"font-size: 18px;\"><span style=\"line-height: 107%;\">Der Preis gilt f\u00fcr 1 Laufmeter (137 cm x 100 cm).<\/span><\/span><\/p>\n<\/div>\n<p><span style=\"font-size: 18px;\"><br \/>\n<span style=\"line-height: 107%;\">Beim Kauf von mehreren Metern versenden wir das Material als Ganzes, wir schneiden es nicht zurecht.<\/span><\/span><\/p>","protected":false},"excerpt":{"rendered":"<p>COMO \u2013 f\u00fcr den Personentransport zertifizierte Polsterung COMO ist ein hochwertiges, extrem strapazierf\u00e4higes Kunstleder mit klassischer Pr\u00e4gung, das speziell f\u00fcr die anspruchsvollen Bedingungen im Personentransport entwickelt wurde. Es verbindet elegantes Aussehen mit h\u00f6chsten Standards in Sachen Sicherheit und Widerstandsf\u00e4higkeit. \u2714 Sicherheitszertifikate: N 118:2017 Road Vehicles \u2013 zugelassen f\u00fcr den Einsatz in Bussen und Fahrzeugen des \u00f6ffentlichen Nahverkehrs...<\/p>","protected":false},"featured_media":6297,"comment_status":"closed","ping_status":"closed","template":"","meta":{"_acf_changed":false,"_kad_blocks_custom_css":"","_kad_blocks_head_custom_js":"","_kad_blocks_body_custom_js":"","_kad_blocks_footer_custom_js":"","_kad_post_transparent":"","_kad_post_title":"","_kad_post_layout":"","_kad_post_sidebar_id":"","_kad_post_content_style":"","_kad_post_vertical_padding":"","_kad_post_feature":"","_kad_post_feature_position":"","_kad_post_header":false,"_kad_post_footer":false,"_kad_post_classname":""},"product_brand":[17],"product_cat":[129],"product_tag":[],"class_list":{"0":"post-6296","1":"product","2":"type-product","3":"status-publish","4":"has-post-thumbnail","6":"product_brand-modeco","7":"product_cat-como-skory-syntetyczne-vinyle","9":"first","10":"instock","11":"purchasable","12":"product-type-simple","13":"entry","14":"content-bg","15":"loop-entry"},"acf":[],"taxonomy_info":{"product_brand":[{"value":17,"label":"MODECO"}],"product_cat":[{"value":129,"label":"COMO N 118:2017"}]},"featured_image_src_large":["https:\/\/modeco-sklep.pl\/wp-content\/uploads\/2025\/10\/weiss_thumb.jpg",420,280,false],"author_info":[],"comment_info":0,"_links":{"self":[{"href":"https:\/\/modeco-sklep.pl\/de\/wp-json\/wp\/v2\/product\/6296","targetHints":{"allow":["GET"]}}],"collection":[{"href":"https:\/\/modeco-sklep.pl\/de\/wp-json\/wp\/v2\/product"}],"about":[{"href":"https:\/\/modeco-sklep.pl\/de\/wp-json\/wp\/v2\/types\/product"}],"replies":[{"embeddable":true,"href":"https:\/\/modeco-sklep.pl\/de\/wp-json\/wp\/v2\/comments?post=6296"}],"wp:featuredmedia":[{"embeddable":true,"href":"https:\/\/modeco-sklep.pl\/de\/wp-json\/wp\/v2\/media\/6297"}],"wp:attachment":[{"href":"https:\/\/modeco-sklep.pl\/de\/wp-json\/wp\/v2\/media?parent=6296"}],"wp:term":[{"taxonomy":"product_brand","embeddable":true,"href":"https:\/\/modeco-sklep.pl\/de\/wp-json\/wp\/v2\/product_brand?post=6296"},{"taxonomy":"product_cat","embeddable":true,"href":"https:\/\/modeco-sklep.pl\/de\/wp-json\/wp\/v2\/product_cat?post=6296"},{"taxonomy":"product_tag","embeddable":true,"href":"https:\/\/modeco-sklep.pl\/de\/wp-json\/wp\/v2\/product_tag?post=6296"}],"curies":[{"name":"wp","href":"https:\/\/api.w.org\/{rel}","templated":true}]}}