{"id":6227,"date":"2025-10-02T20:04:44","date_gmt":"2025-10-02T18:04:44","guid":{"rendered":"https:\/\/modeco-sklep.pl\/?post_type=product&#038;p=6227"},"modified":"2025-10-02T20:05:31","modified_gmt":"2025-10-02T18:05:31","slug":"nappa-rio-caffelate","status":"publish","type":"product","link":"https:\/\/modeco-sklep.pl\/de\/nappa-rio-caffelate\/","title":{"rendered":"NAPPA RIO CAFFELATE"},"content":{"rendered":"<h3><strong data-start=\"628\" data-end=\"665\">NAPPA RIO \u2013 Langlebigkeit und Komfort in einem<\/strong><\/h3>\n<h3><br data-start=\"665\" data-end=\"668\" \/>Das \u00d6ko-Leder Nappa RIO wurde speziell f\u00fcr die Premium-Automobilindustrie entwickelt. Es zeichnet sich durch hervorragende Elastizit\u00e4t, Abriebfestigkeit und einfache Reinigung aus. Dank seiner modernen Struktur sorgt es f\u00fcr ein elegantes Aussehen und h\u00f6chsten Komfort \u2013 ideal f\u00fcr Sitze, T\u00fcrverkleidungen und dekorative Elemente im Fahrzeuginnenraum.<\/h3>\n<p>&nbsp;<\/p>\n<h3 data-start=\"556\" data-end=\"590\"><strong data-start=\"560\" data-end=\"590\">Technische Merkmale:<\/strong><\/h3>\n<p data-start=\"569\" data-end=\"581\"><strong data-start=\"569\" data-end=\"579\">Zusammensetzung: <\/strong>88% Vinyl, 1% PU, 7% PES, 4% CO<\/p>\n<p data-start=\"569\" data-end=\"581\"><strong data-start=\"628\" data-end=\"651\">Breite (\u00b1 3 cm):<\/strong> 140 cm<br data-start=\"658\" data-end=\"661\" \/><strong data-start=\"661\" data-end=\"682\">Grammatur (\u00b1 5%):<\/strong> 670 g\/m\u00b2<br data-start=\"691\" data-end=\"694\" \/><strong data-start=\"694\" data-end=\"717\">Dicke (\u00b1 0,1 mm):<\/strong> 0,9 mm<\/p>\n<ul data-start=\"591\" data-end=\"1287\">\n<li data-start=\"591\" data-end=\"661\">\n<p data-start=\"593\" data-end=\"661\"><strong data-start=\"593\" data-end=\"605\">Haltbarkeit<\/strong>: Abriebfestigkeit <em data-start=\"630\" data-end=\"658\">\u2265 100.000 Martindale-Zyklen<\/em>.<\/p>\n<\/li>\n<li data-start=\"662\" data-end=\"842\">\n<p data-start=\"664\" data-end=\"714\"><strong data-start=\"664\" data-end=\"682\">Sicherheit<\/strong>: erf\u00fcllt die Normen f\u00fcr Schwerentflammbarkeit<\/p>\n<ul data-start=\"717\" data-end=\"842\">\n<li data-start=\"717\" data-end=\"753\">\n<p data-start=\"719\" data-end=\"753\">EU: <em data-start=\"723\" data-end=\"751\">UNI EN ISO 1021 Teil 1 &amp; 2<\/em><\/p>\n<\/li>\n<li data-start=\"756\" data-end=\"787\">\n<p data-start=\"758\" data-end=\"787\">IT: <em data-start=\"762\" data-end=\"785\">Klasse 1IM \u2013 UNI 9175<\/em><\/p>\n<\/li>\n<li data-start=\"790\" data-end=\"819\">\n<p data-start=\"792\" data-end=\"819\">UK: <em data-start=\"796\" data-end=\"817\">BS5892 Quelle 0 &amp; 1<\/em><\/p>\n<\/li>\n<li data-start=\"822\" data-end=\"842\">\n<p data-start=\"824\" data-end=\"842\">US: <em data-start=\"828\" data-end=\"840\">CAL TB 117<\/em><\/p>\n<\/li>\n<\/ul>\n<\/li>\n<li data-start=\"843\" data-end=\"908\">\n<p data-start=\"845\" data-end=\"908\"><strong data-start=\"845\" data-end=\"856\">Hygiene<\/strong>: antibakteriell und schimmelresistent (<em data-start=\"893\" data-end=\"904\">ISO 846 B<\/em>).<\/p>\n<\/li>\n<li data-start=\"909\" data-end=\"1119\">\n<p data-start=\"911\" data-end=\"937\"><strong data-start=\"911\" data-end=\"934\">Chemische Best\u00e4ndigkeit<\/strong>:<\/p>\n<ul data-start=\"940\" data-end=\"1119\">\n<li data-start=\"940\" data-end=\"973\">\n<p data-start=\"942\" data-end=\"973\">auf Aceton (<em data-start=\"953\" data-end=\"970\">UNI 4818 \u2013 S. 16<\/em>)<\/p>\n<\/li>\n<li data-start=\"976\" data-end=\"1031\">\n<p data-start=\"978\" data-end=\"1031\">f\u00fcr Bleichmittel \u2013 3% NaClO (<em data-start=\"1003\" data-end=\"1028\">UNI EN ISO 105-X12:2003<\/em>)<\/p>\n<\/li>\n<li data-start=\"1034\" data-end=\"1076\">\n<p data-start=\"1036\" data-end=\"1076\">auf Alkohol (<em data-start=\"1048\" data-end=\"1073\">UNI EN ISO 105-X12:2003<\/em>)<\/p>\n<\/li>\n<li data-start=\"1079\" data-end=\"1119\">\n<p data-start=\"1081\" data-end=\"1119\">auf den Urin (<em data-start=\"1090\" data-end=\"1115\">UNI EN ISO 105-X12:2003<\/em>).<\/p>\n<\/li>\n<\/ul>\n<\/li>\n<li data-start=\"1120\" data-end=\"1287\">\n<p data-start=\"1122\" data-end=\"1151\"><strong data-start=\"1122\" data-end=\"1148\">Umweltvertr\u00e4glichkeit<\/strong>:<\/p>\n<ul data-start=\"1154\" data-end=\"1287\">\n<li data-start=\"1154\" data-end=\"1200\">\n<p data-start=\"1156\" data-end=\"1200\">auf Salzwasser (<em data-start=\"1171\" data-end=\"1196\">UNI EN ISO 105-E02:2013<\/em>).<\/p>\n<\/li>\n<li data-start=\"1203\" data-end=\"1287\">\n<p data-start=\"1205\" data-end=\"1287\">Feuchtigkeit und tropische Bedingungen \u2013 Hydrolysetest (<em data-start=\"1258\" data-end=\"1283\">UNI EN ISO 1419\/C-1995E<\/em>).<\/p>\n<\/li>\n<\/ul>\n<\/li>\n<\/ul>\n<p>&nbsp;<\/p>\n<p>&nbsp;<\/p>\n<h3><strong data-start=\"628\" data-end=\"665\">Der Preis gilt f\u00fcr einen laufenden Meter (100 x 140 cm).<\/strong><\/h3>","protected":false},"excerpt":{"rendered":"<p>NAPPA RIO \u2013 Langlebigkeit und Komfort in einem Das \u00d6ko-Leder Nappa RIO wurde speziell f\u00fcr die Premium-Automobilindustrie entwickelt. Es zeichnet sich durch hervorragende Elastizit\u00e4t, Abriebfestigkeit und einfache Reinigung aus. Dank seiner modernen Struktur sorgt es f\u00fcr ein elegantes Aussehen und h\u00f6chsten Komfort \u2013 ideal f\u00fcr Sitze, T\u00fcrverkleidungen und dekorative Elemente im Fahrzeuginnenraum  \u2026<\/p>","protected":false},"featured_media":6228,"comment_status":"open","ping_status":"closed","template":"","meta":{"_acf_changed":false,"_kad_blocks_custom_css":"","_kad_blocks_head_custom_js":"","_kad_blocks_body_custom_js":"","_kad_blocks_footer_custom_js":"","_kad_post_transparent":"","_kad_post_title":"","_kad_post_layout":"","_kad_post_sidebar_id":"","_kad_post_content_style":"","_kad_post_vertical_padding":"","_kad_post_feature":"","_kad_post_feature_position":"","_kad_post_header":false,"_kad_post_footer":false,"_kad_post_classname":""},"product_brand":[17],"product_cat":[127],"product_tag":[],"class_list":{"0":"post-6227","1":"product","2":"type-product","3":"status-publish","4":"has-post-thumbnail","6":"product_brand-modeco","7":"product_cat-inca-rio","9":"first","10":"instock","11":"shipping-taxable","12":"purchasable","13":"product-type-simple","14":"entry","15":"content-bg","16":"loop-entry"},"acf":[],"taxonomy_info":{"product_brand":[{"value":17,"label":"MODECO"}],"product_cat":[{"value":127,"label":"NAPPA-RIO"}]},"featured_image_src_large":["https:\/\/modeco-sklep.pl\/wp-content\/uploads\/2025\/10\/13715-1024x683.jpg",1024,683,true],"author_info":[],"comment_info":0,"_links":{"self":[{"href":"https:\/\/modeco-sklep.pl\/de\/wp-json\/wp\/v2\/product\/6227","targetHints":{"allow":["GET"]}}],"collection":[{"href":"https:\/\/modeco-sklep.pl\/de\/wp-json\/wp\/v2\/product"}],"about":[{"href":"https:\/\/modeco-sklep.pl\/de\/wp-json\/wp\/v2\/types\/product"}],"replies":[{"embeddable":true,"href":"https:\/\/modeco-sklep.pl\/de\/wp-json\/wp\/v2\/comments?post=6227"}],"wp:featuredmedia":[{"embeddable":true,"href":"https:\/\/modeco-sklep.pl\/de\/wp-json\/wp\/v2\/media\/6228"}],"wp:attachment":[{"href":"https:\/\/modeco-sklep.pl\/de\/wp-json\/wp\/v2\/media?parent=6227"}],"wp:term":[{"taxonomy":"product_brand","embeddable":true,"href":"https:\/\/modeco-sklep.pl\/de\/wp-json\/wp\/v2\/product_brand?post=6227"},{"taxonomy":"product_cat","embeddable":true,"href":"https:\/\/modeco-sklep.pl\/de\/wp-json\/wp\/v2\/product_cat?post=6227"},{"taxonomy":"product_tag","embeddable":true,"href":"https:\/\/modeco-sklep.pl\/de\/wp-json\/wp\/v2\/product_tag?post=6227"}],"curies":[{"name":"wp","href":"https:\/\/api.w.org\/{rel}","templated":true}]}}