{"id":6167,"date":"2025-09-15T22:35:38","date_gmt":"2025-09-15T20:35:38","guid":{"rendered":"https:\/\/modeco-sklep.pl\/?post_type=product&#038;p=6167"},"modified":"2025-09-15T22:36:28","modified_gmt":"2025-09-15T20:36:28","slug":"premium-wildleder-quadratisch-schwarz-nichts-rot","status":"publish","type":"product","link":"https:\/\/modeco-sklep.pl\/de\/premium-suede-square-czarny-nic-czerwona\/","title":{"rendered":"PREMIUM SUEDE SQUARE SCHWARZ \/ ROTER FADEN"},"content":{"rendered":"<h3><strong>PREMIUM-WILDLEDER<\/strong><\/h3>\n<h3>Laminiertes Gewebe f\u00fcr Autopolster<\/h3>\n<p>Material f\u00fcr Autositze, T\u00fcrverkleidungen, W\u00e4nde und Decken f\u00fcr den Ausbau von Transportern\/Bussen<\/p>\n<h3>\u2705 Hochwertiges Material auf speziellem 5 mm dickem Schaumstoff.<br \/>\n\u2705 Schaumstoff mit hoher Dichte \u2013 formbest\u00e4ndig.<br \/>\n\u2705 Exklusives Material vom Typ SUEDE<br \/>\n\u2705 Kurzes Haar, das seine Richtung \u00e4ndert, wenn man mit der Hand dar\u00fcberstreicht<\/h3>\n<h3><strong>Produktdetails:<\/strong><\/h3>\n<ul>\n<li>\n<h3>1 St\u00fcck = 1 Laufmeter Stoff (100 cm x 150 cm).<\/h3>\n<\/li>\n<li>\n<h3>Breite: 150 cm.<\/h3>\n<\/li>\n<li>\n<h3>Bei gr\u00f6\u00dferen Bestellungen versenden wir das Material in einem St\u00fcck.<\/h3>\n<\/li>\n<\/ul>\n<p>&nbsp;<\/p>\n<p style=\"color: #444444; box-sizing: border-box; background-color: transparent;\">","protected":false},"excerpt":{"rendered":"<p>PREMIUM SUEDE Laminierter Stoff f\u00fcr Autopolsterung Material f\u00fcr Autositze, T\u00fcrverkleidungen, W\u00e4nde und Decken f\u00fcr den Ausbau von Transportern\/Bussen \u2705 Hochwertiges Material auf speziellem 5 mm dickem Schaumstoff. \u2705 Schaumstoff mit hoher Dichte \u2013 formbest\u00e4ndig. \u2705 Exklusives Material vom Typ SUEDE \u2705 Kurzer Flor, der nach dem Streichen die Richtung \u00e4ndert...<\/p>","protected":false},"featured_media":6096,"comment_status":"closed","ping_status":"closed","template":"","meta":{"_acf_changed":false,"_kad_blocks_custom_css":"","_kad_blocks_head_custom_js":"","_kad_blocks_body_custom_js":"","_kad_blocks_footer_custom_js":"","_kad_post_transparent":"","_kad_post_title":"","_kad_post_layout":"","_kad_post_sidebar_id":"","_kad_post_content_style":"","_kad_post_vertical_padding":"","_kad_post_feature":"","_kad_post_feature_position":"","_kad_post_header":false,"_kad_post_footer":false,"_kad_post_classname":""},"product_brand":[17],"product_cat":[148],"product_tag":[],"class_list":{"0":"post-6167","1":"product","2":"type-product","3":"status-publish","4":"has-post-thumbnail","6":"product_brand-modeco","7":"product_cat-square-design","9":"first","10":"instock","11":"purchasable","12":"product-type-simple","13":"entry","14":"content-bg","15":"loop-entry"},"acf":[],"taxonomy_info":{"product_brand":[{"value":17,"label":"MODECO"}],"product_cat":[{"value":148,"label":"SQUARE DESIGN"}]},"featured_image_src_large":["https:\/\/modeco-sklep.pl\/wp-content\/uploads\/2025\/06\/20250912_171335-1024x683.jpg",1024,683,true],"author_info":[],"comment_info":0,"_links":{"self":[{"href":"https:\/\/modeco-sklep.pl\/de\/wp-json\/wp\/v2\/product\/6167","targetHints":{"allow":["GET"]}}],"collection":[{"href":"https:\/\/modeco-sklep.pl\/de\/wp-json\/wp\/v2\/product"}],"about":[{"href":"https:\/\/modeco-sklep.pl\/de\/wp-json\/wp\/v2\/types\/product"}],"replies":[{"embeddable":true,"href":"https:\/\/modeco-sklep.pl\/de\/wp-json\/wp\/v2\/comments?post=6167"}],"wp:featuredmedia":[{"embeddable":true,"href":"https:\/\/modeco-sklep.pl\/de\/wp-json\/wp\/v2\/media\/6096"}],"wp:attachment":[{"href":"https:\/\/modeco-sklep.pl\/de\/wp-json\/wp\/v2\/media?parent=6167"}],"wp:term":[{"taxonomy":"product_brand","embeddable":true,"href":"https:\/\/modeco-sklep.pl\/de\/wp-json\/wp\/v2\/product_brand?post=6167"},{"taxonomy":"product_cat","embeddable":true,"href":"https:\/\/modeco-sklep.pl\/de\/wp-json\/wp\/v2\/product_cat?post=6167"},{"taxonomy":"product_tag","embeddable":true,"href":"https:\/\/modeco-sklep.pl\/de\/wp-json\/wp\/v2\/product_tag?post=6167"}],"curies":[{"name":"wp","href":"https:\/\/api.w.org\/{rel}","templated":true}]}}