{"id":6032,"date":"2025-09-14T13:57:02","date_gmt":"2025-09-14T11:57:02","guid":{"rendered":"https:\/\/modeco-sklep.pl\/?post_type=product&#038;p=6032"},"modified":"2025-09-14T13:58:16","modified_gmt":"2025-09-14T11:58:16","slug":"superplush-cobra-metal","status":"publish","type":"product","link":"https:\/\/modeco-sklep.pl\/de\/superplush-cobra-metal\/","title":{"rendered":"SUPERPLUSH COBRA \u2013 METALL"},"content":{"rendered":"<p data-start=\"129\" data-end=\"174\"><strong data-start=\"129\" data-end=\"172\">SUPERPLUSH \u2013 Luxus in Ihrem Auto<\/strong><\/p>\n<p data-start=\"176\" data-end=\"372\">Das Material SUPERPLUSH ist ein Synonym f\u00fcr Komfort und Prestige im Fahrzeuginnenraum. Der weiche, angenehm anzufassende Velours eignet sich perfekt als Autopolsterung und verleiht dem Innenraum einen einzigartigen Charakter.<\/p>\n<p data-start=\"374\" data-end=\"629\">Einzigartiges Design <strong data-start=\"388\" data-end=\"397\">COBRA<\/strong>, inspiriert von der Textur von Schlangenhaut, erzeugt einen dreidimensionalen Pr\u00e4geeffekt, der ins Auge f\u00e4llt und die Eleganz unterstreicht. Dank der Laminierung auf 5 mm Schaumstoff und einem soliden Untergrund ist das Material strapazierf\u00e4hig und \u00e4u\u00dferst funktional.<\/p>\n<p data-start=\"631\" data-end=\"860\">SUPERPLUSH eignet sich hervorragend sowohl zum Beziehen von Sitzen als auch zum Verkleiden von W\u00e4nden oder Decken im Fahrzeug. Es ist die ideale Wahl f\u00fcr den Einbau und Umbau von Wohnmobilen, bei denen ein luxuri\u00f6ses Aussehen und maximaler Reisekomfort gefragt sind.<\/p>\n<hr data-start=\"862\" data-end=\"867\" \/>\n<p data-rm-block-id=\"block-2\"><strong>Eigenschaften:<\/strong><\/p>\n<ul>\n<li data-rm-block-id=\"block-3\">Weich im Griff<\/li>\n<li data-rm-block-id=\"block-4\">Atmungsaktiv<\/li>\n<li data-rm-block-id=\"block-5\">Luxuri\u00f6se Struktur<\/li>\n<li data-rm-block-id=\"block-6\">Hervorragende Haltbarkeit<\/li>\n<li data-rm-block-id=\"block-8\">Komfortable Oberfl\u00e4chentemperatur, unabh\u00e4ngig von der Umgebungstemperatur<\/li>\n<li data-rm-block-id=\"block-9\">Einfach zu pflegen und zu warten<\/li>\n<li data-rm-block-id=\"block-10\">Umfangreiche Anpassungsm\u00f6glichkeiten an verschiedene Spezifikationen, Funktionen und Anwendungen<\/li>\n<\/ul>\n<p data-rm-block-id=\"block-11\"><strong>Spezifikation:<\/strong><\/p>\n<ul>\n<li data-rm-block-id=\"block-12\">Breite: 150 cm<\/li>\n<li data-rm-block-id=\"block-13\">Zusammensetzung: 100% Polyester<\/li>\n<\/ul>\n<p data-rm-block-id=\"block-14\">Anwendung:<\/p>\n<ul>\n<li data-rm-block-id=\"block-15\">Sitzbez\u00fcge<\/li>\n<li data-rm-block-id=\"block-16\">W\u00e4nde und Decke in Transportern<\/li>\n<\/ul>\n<p data-rm-block-id=\"block-18\"><span style=\"font-size: 16px;\"><strong>Produktdetails:<\/strong><\/span><\/p>\n<p data-rm-block-id=\"block-19\"><span style=\"font-size: 16px;\">Wenn Sie 1 St\u00fcck kaufen, erwerben Sie 1 Laufmeter Stoff (100 cm x 150 cm).<\/span><\/p>","protected":false},"excerpt":{"rendered":"<p>SUPERPLUSH \u2013 Luxus in Ihrem Auto Das Material SUPERPLUSH ist ein Synonym f\u00fcr Komfort und Prestige im Fahrzeuginnenraum. Der weiche, angenehm anzufassende Velours eignet sich perfekt als Autopolsterung und verleiht dem Innenraum einen einzigartigen Charakter. Das einzigartige COBRA-Muster, inspiriert von der Textur von Schlangenhaut, erzeugt einen dreidimensionalen Pr\u00e4geeffekt, der ins Auge f\u00e4llt und die Eleganz unterstreicht. Dank der Laminierung auf 5 mm Schaumstoff und einer soliden\u2026<\/p>","protected":false},"featured_media":6033,"comment_status":"closed","ping_status":"closed","template":"","meta":{"_acf_changed":false,"_kad_blocks_custom_css":"","_kad_blocks_head_custom_js":"","_kad_blocks_body_custom_js":"","_kad_blocks_footer_custom_js":"","_kad_post_transparent":"","_kad_post_title":"","_kad_post_layout":"","_kad_post_sidebar_id":"","_kad_post_content_style":"","_kad_post_vertical_padding":"","_kad_post_feature":"","_kad_post_feature_position":"","_kad_post_header":false,"_kad_post_footer":false,"_kad_post_classname":""},"product_brand":[17],"product_cat":[147],"product_tag":[],"class_list":{"0":"post-6032","1":"product","2":"type-product","3":"status-publish","4":"has-post-thumbnail","6":"product_brand-modeco","7":"product_cat-superplush","9":"first","10":"instock","11":"purchasable","12":"product-type-simple","13":"entry","14":"content-bg","15":"loop-entry"},"acf":[],"taxonomy_info":{"product_brand":[{"value":17,"label":"MODECO"}],"product_cat":[{"value":147,"label":"SUPREME SUPERPLUSH"}]},"featured_image_src_large":["https:\/\/modeco-sklep.pl\/wp-content\/uploads\/2025\/09\/METAL-07-scaled-1024x738.jpg",1024,738,true],"author_info":[],"comment_info":0,"_links":{"self":[{"href":"https:\/\/modeco-sklep.pl\/de\/wp-json\/wp\/v2\/product\/6032","targetHints":{"allow":["GET"]}}],"collection":[{"href":"https:\/\/modeco-sklep.pl\/de\/wp-json\/wp\/v2\/product"}],"about":[{"href":"https:\/\/modeco-sklep.pl\/de\/wp-json\/wp\/v2\/types\/product"}],"replies":[{"embeddable":true,"href":"https:\/\/modeco-sklep.pl\/de\/wp-json\/wp\/v2\/comments?post=6032"}],"wp:featuredmedia":[{"embeddable":true,"href":"https:\/\/modeco-sklep.pl\/de\/wp-json\/wp\/v2\/media\/6033"}],"wp:attachment":[{"href":"https:\/\/modeco-sklep.pl\/de\/wp-json\/wp\/v2\/media?parent=6032"}],"wp:term":[{"taxonomy":"product_brand","embeddable":true,"href":"https:\/\/modeco-sklep.pl\/de\/wp-json\/wp\/v2\/product_brand?post=6032"},{"taxonomy":"product_cat","embeddable":true,"href":"https:\/\/modeco-sklep.pl\/de\/wp-json\/wp\/v2\/product_cat?post=6032"},{"taxonomy":"product_tag","embeddable":true,"href":"https:\/\/modeco-sklep.pl\/de\/wp-json\/wp\/v2\/product_tag?post=6032"}],"curies":[{"name":"wp","href":"https:\/\/api.w.org\/{rel}","templated":true}]}}