{"id":5978,"date":"2025-09-08T23:13:10","date_gmt":"2025-09-08T21:13:10","guid":{"rendered":"https:\/\/modeco-sklep.pl\/?post_type=product&#038;p=5978"},"modified":"2025-09-08T23:13:36","modified_gmt":"2025-09-08T21:13:36","slug":"supersuede-orange","status":"publish","type":"product","link":"https:\/\/modeco-sklep.pl\/de\/supersuede-orange\/","title":{"rendered":"SUPERSUEDE ORANGE"},"content":{"rendered":"<p data-start=\"61\" data-end=\"158\"><strong data-start=\"61\" data-end=\"92\">Die SUPERSUEDE-Kollektion<\/strong> ist mit einer Beschichtung versehen, die eine au\u00dfergew\u00f6hnliche Feuerbest\u00e4ndigkeit gew\u00e4hrleistet.<\/p>\n<p data-start=\"160\" data-end=\"219\">Erstellt <strong data-start=\"170\" data-end=\"216\">ohne Verwendung tierischer Fasern<\/strong>.<\/p>\n<p data-start=\"221\" data-end=\"281\">Zertifiziert in der Klasse <strong data-start=\"244\" data-end=\"278\">\u00d6ko-Tex Standard 100, Klasse 1<\/strong>.<\/p>\n<p data-start=\"283\" data-end=\"411\"><strong data-start=\"283\" data-end=\"300\">Anwendung:<\/strong><\/p>\n<p data-start=\"283\" data-end=\"411\">Autopolsterung,<\/p>\n<p data-start=\"283\" data-end=\"411\">Innenausstattung f\u00fcr Yachten<\/p>\n<p data-start=\"283\" data-end=\"411\">Wandpaneele<\/p>\n<p data-start=\"283\" data-end=\"411\">Polsterm\u00f6bel<\/p>\n<p data-start=\"283\" data-end=\"411\">Mode, Schuhe<\/p>\n<p data-start=\"283\" data-end=\"411\">Schallschutzplatten<\/p>\n<p data-start=\"283\" data-end=\"411\"><strong data-start=\"217\" data-end=\"230\">Material:<\/strong> 100% Polyester<br data-start=\"245\" data-end=\"248\" \/><strong data-start=\"248\" data-end=\"270\">Martindale-Test:<\/strong> &gt; 40.000 Zyklen<br data-start=\"285\" data-end=\"288\" \/><strong data-start=\"288\" data-end=\"302\">Breite:<\/strong> 140 cm<br data-start=\"309\" data-end=\"312\" \/><strong data-start=\"312\" data-end=\"324\">Dicke:<\/strong> 1,15 mm<br data-start=\"332\" data-end=\"335\" \/><strong data-start=\"335\" data-end=\"353\">Rollenl\u00e4nge:<\/strong> 25 m<br data-start=\"358\" data-end=\"361\" \/><strong data-start=\"361\" data-end=\"370\">Gewicht:<\/strong> 485 g\/m2<\/p>\n<p data-start=\"283\" data-end=\"411\"><strong data-start=\"382\" data-end=\"407\">Lichtbest\u00e4ndigkeit:<\/strong> 4 (ISO 105-B02, Blue Wool-Skala)<br data-start=\"440\" data-end=\"443\" \/><strong data-start=\"443\" data-end=\"456\">Haltbarkeit:<\/strong> REACH \/ Oeko-Tex \/ recycelbar \/ phthalatfrei<br data-start=\"511\" data-end=\"514\" \/><strong data-start=\"514\" data-end=\"532\">Flammhemmend:<\/strong> USA: CAL TB 117-2013, Abschnitt E<\/p>\n<p data-start=\"283\" data-end=\"411\">Der Preis gilt f\u00fcr 1 Laufmeter (140 x 100 cm).<\/p>\n<p data-start=\"283\" data-end=\"411\">Mindestbestellmenge: ab 2 Laufmetern<\/p>\n<p data-start=\"283\" data-end=\"411\">","protected":false},"excerpt":{"rendered":"<p>Die SUPERSUEDE-Kollektion ist mit einer Beschichtung versehen, die eine au\u00dfergew\u00f6hnliche Feuerbest\u00e4ndigkeit gew\u00e4hrleistet. Hergestellt ohne Verwendung von tierischen Fasern. Zertifiziert nach Oeko-Tex Standard 100, Klasse 1. Verwendung: Autopolster, Innenausstattung von Yachten, Wandverkleidungen, Polsterm\u00f6bel, Mode, Schuhe, Schallschutzplatten Material: 100% Polyester Martindale-Test: &gt; 40.000 Zyklen Breite: 140 cm Dicke: 1,15 mm Rollenl\u00e4nge: 25 m Gewicht: 485 g\/m2 Widerstandsf\u00e4higkeit\u2026<\/p>","protected":false},"featured_media":5979,"comment_status":"open","ping_status":"closed","template":"","meta":{"_acf_changed":false,"_kad_blocks_custom_css":"","_kad_blocks_head_custom_js":"","_kad_blocks_body_custom_js":"","_kad_blocks_footer_custom_js":"","_kad_post_transparent":"","_kad_post_title":"","_kad_post_layout":"","_kad_post_sidebar_id":"","_kad_post_content_style":"","_kad_post_vertical_padding":"","_kad_post_feature":"","_kad_post_feature_position":"","_kad_post_header":false,"_kad_post_footer":false,"_kad_post_classname":""},"product_brand":[17],"product_cat":[144],"product_tag":[],"class_list":{"0":"post-5978","1":"product","2":"type-product","3":"status-publish","4":"has-post-thumbnail","6":"product_brand-modeco","7":"product_cat-supersuede","9":"first","10":"instock","11":"shipping-taxable","12":"purchasable","13":"product-type-simple","14":"entry","15":"content-bg","16":"loop-entry"},"acf":[],"taxonomy_info":{"product_brand":[{"value":17,"label":"MODECO"}],"product_cat":[{"value":144,"label":"SUPERSUEDE"}]},"featured_image_src_large":["https:\/\/modeco-sklep.pl\/wp-content\/uploads\/2025\/09\/ORANGE-307-1024x683.jpg",1024,683,true],"author_info":[],"comment_info":0,"_links":{"self":[{"href":"https:\/\/modeco-sklep.pl\/de\/wp-json\/wp\/v2\/product\/5978","targetHints":{"allow":["GET"]}}],"collection":[{"href":"https:\/\/modeco-sklep.pl\/de\/wp-json\/wp\/v2\/product"}],"about":[{"href":"https:\/\/modeco-sklep.pl\/de\/wp-json\/wp\/v2\/types\/product"}],"replies":[{"embeddable":true,"href":"https:\/\/modeco-sklep.pl\/de\/wp-json\/wp\/v2\/comments?post=5978"}],"wp:featuredmedia":[{"embeddable":true,"href":"https:\/\/modeco-sklep.pl\/de\/wp-json\/wp\/v2\/media\/5979"}],"wp:attachment":[{"href":"https:\/\/modeco-sklep.pl\/de\/wp-json\/wp\/v2\/media?parent=5978"}],"wp:term":[{"taxonomy":"product_brand","embeddable":true,"href":"https:\/\/modeco-sklep.pl\/de\/wp-json\/wp\/v2\/product_brand?post=5978"},{"taxonomy":"product_cat","embeddable":true,"href":"https:\/\/modeco-sklep.pl\/de\/wp-json\/wp\/v2\/product_cat?post=5978"},{"taxonomy":"product_tag","embeddable":true,"href":"https:\/\/modeco-sklep.pl\/de\/wp-json\/wp\/v2\/product_tag?post=5978"}],"curies":[{"name":"wp","href":"https:\/\/api.w.org\/{rel}","templated":true}]}}