{"id":5905,"date":"2025-09-06T23:28:12","date_gmt":"2025-09-06T21:28:12","guid":{"rendered":"https:\/\/modeco-sklep.pl\/?post_type=product&#038;p=5905"},"modified":"2025-09-06T23:31:02","modified_gmt":"2025-09-06T21:31:02","slug":"iris-corda","status":"publish","type":"product","link":"https:\/\/modeco-sklep.pl\/de\/iris-corda\/","title":{"rendered":"IRIS CORDA"},"content":{"rendered":"<h2 data-start=\"168\" data-end=\"241\">Au\u00dfenbelag f\u00fcr Terrassen MIAMI \u2013 luxuri\u00f6ser und wasserfester Bodenbelag<\/h2>\n<p data-start=\"243\" data-end=\"556\"><strong data-start=\"243\" data-end=\"283\">Au\u00dfenbelag f\u00fcr die Terrasse MIAMI<\/strong> ist die ideale L\u00f6sung f\u00fcr alle, die einen langlebigen und eleganten Bodenbelag f\u00fcr den Au\u00dfenbereich suchen. Das Produkt wird hergestellt aus <strong data-start=\"398\" data-end=\"432\">100% aus wasserfestem Material<\/strong>, wodurch es sein Aussehen und seine Funktionalit\u00e4t das ganze Jahr \u00fcber beh\u00e4lt \u2013 unabh\u00e4ngig von Regen oder intensiver Sonneneinstrahlung.<\/p>\n<p data-start=\"558\" data-end=\"776\">Unser luxuri\u00f6ser Bodenbelag verf\u00fcgt \u00fcber <strong data-start=\"593\" data-end=\"648\">spezieller, strapazierf\u00e4higer Untergrund<\/strong>, wodurch es sich nicht nur f\u00fcr Terrassen, sondern auch f\u00fcr Balkone, Patios oder Garten-Entspannungsbereiche hervorragend eignet.<\/p>\n<h3 data-start=\"778\" data-end=\"821\">Warum sollten Sie sich f\u00fcr den Teppichboden MIAMI entscheiden?<\/h3>\n<ul data-start=\"822\" data-end=\"1111\">\n<li data-start=\"822\" data-end=\"882\">\n<p data-start=\"824\" data-end=\"882\">100% Wasserbest\u00e4ndigkeit und Witterungsbest\u00e4ndigkeit,<\/p>\n<\/li>\n<li data-start=\"883\" data-end=\"943\">\n<p data-start=\"885\" data-end=\"943\">elegantes, modernes Design, das zu jeder Terrasse passt,<\/p>\n<\/li>\n<li data-start=\"944\" data-end=\"1005\">\n<p data-start=\"946\" data-end=\"1005\">robuste Struktur, geeignet f\u00fcr h\u00e4ufigen Gebrauch<\/p>\n<\/li>\n<li data-start=\"944\" data-end=\"1005\">\n<p data-start=\"946\" data-end=\"1005\">\u00a0schnelle Reinigung,<\/p>\n<\/li>\n<li data-start=\"1046\" data-end=\"1111\">\n<p data-start=\"1048\" data-end=\"1111\">ideal f\u00fcr <strong data-start=\"1059\" data-end=\"1108\">Terrasse, Balkon, Innenhof und zum Poolbereich<\/strong>.<\/p>\n<\/li>\n<\/ul>\n<p data-start=\"415\" data-end=\"972\"><strong>Breite der Auskleidung: 400 cm\u00a0<\/strong><\/p>\n<p data-start=\"415\" data-end=\"972\"><strong>Zusammensetzung: 100% Polypropylen<\/strong><\/p>\n<p data-start=\"415\" data-end=\"972\"><strong>Gesamtdicke: 6 mm<\/strong><\/p>\n<p data-start=\"415\" data-end=\"972\"><strong>Lichtbest\u00e4ndigkeit: &gt;5\u00a0<\/strong><\/p>\n<p>&nbsp;<\/p>\n<p>Der Preis gilt f\u00fcr 1 Laufmeter 100 x 400 cm.<\/p>\n<p>Mindestbestellmenge ab 2 Laufmetern<\/p>\n<p>&nbsp;<\/p>\n<p>&nbsp;<\/p>","protected":false},"excerpt":{"rendered":"<p>Au\u00dfenbelag f\u00fcr Terrassen MIAMI \u2013 luxuri\u00f6ser und wasserfester Bodenbelag Der Au\u00dfenbelag f\u00fcr Terrassen MIAMI ist die ideale L\u00f6sung f\u00fcr alle, die einen strapazierf\u00e4higen und eleganten Bodenbelag f\u00fcr den Au\u00dfenbereich suchen. Das Produkt besteht aus 100%, einem wasserfesten Material, wodurch es sein Aussehen und seine Funktionalit\u00e4t das ganze Jahr \u00fcber beh\u00e4lt \u2013 unabh\u00e4ngig von Regen oder intensiver Sonneneinstrahlung. Unser\u2026<\/p>","protected":false},"featured_media":5906,"comment_status":"open","ping_status":"closed","template":"","meta":{"_acf_changed":false,"_kad_blocks_custom_css":"","_kad_blocks_head_custom_js":"","_kad_blocks_body_custom_js":"","_kad_blocks_footer_custom_js":"","_kad_post_transparent":"","_kad_post_title":"","_kad_post_layout":"","_kad_post_sidebar_id":"","_kad_post_content_style":"","_kad_post_vertical_padding":"","_kad_post_feature":"","_kad_post_feature_position":"","_kad_post_header":false,"_kad_post_footer":false,"_kad_post_classname":""},"product_brand":[17],"product_cat":[153],"product_tag":[],"class_list":{"0":"post-5905","1":"product","2":"type-product","3":"status-publish","4":"has-post-thumbnail","6":"product_brand-modeco","7":"product_cat-wykladziny-zewnetrzne","9":"first","10":"onbackorder","11":"shipping-taxable","12":"purchasable","13":"product-type-simple","14":"entry","15":"content-bg","16":"loop-entry"},"acf":[],"taxonomy_info":{"product_brand":[{"value":17,"label":"MODECO"}],"product_cat":[{"value":153,"label":"WYK\u0141ADZINY ZEWN\u0118TRZNE NA TARAS"}]},"featured_image_src_large":["https:\/\/modeco-sklep.pl\/wp-content\/uploads\/2025\/09\/02_IRIS_CORDA_150-e1699271116208.jpg",1000,667,false],"author_info":[],"comment_info":0,"_links":{"self":[{"href":"https:\/\/modeco-sklep.pl\/de\/wp-json\/wp\/v2\/product\/5905","targetHints":{"allow":["GET"]}}],"collection":[{"href":"https:\/\/modeco-sklep.pl\/de\/wp-json\/wp\/v2\/product"}],"about":[{"href":"https:\/\/modeco-sklep.pl\/de\/wp-json\/wp\/v2\/types\/product"}],"replies":[{"embeddable":true,"href":"https:\/\/modeco-sklep.pl\/de\/wp-json\/wp\/v2\/comments?post=5905"}],"wp:featuredmedia":[{"embeddable":true,"href":"https:\/\/modeco-sklep.pl\/de\/wp-json\/wp\/v2\/media\/5906"}],"wp:attachment":[{"href":"https:\/\/modeco-sklep.pl\/de\/wp-json\/wp\/v2\/media?parent=5905"}],"wp:term":[{"taxonomy":"product_brand","embeddable":true,"href":"https:\/\/modeco-sklep.pl\/de\/wp-json\/wp\/v2\/product_brand?post=5905"},{"taxonomy":"product_cat","embeddable":true,"href":"https:\/\/modeco-sklep.pl\/de\/wp-json\/wp\/v2\/product_cat?post=5905"},{"taxonomy":"product_tag","embeddable":true,"href":"https:\/\/modeco-sklep.pl\/de\/wp-json\/wp\/v2\/product_tag?post=5905"}],"curies":[{"name":"wp","href":"https:\/\/api.w.org\/{rel}","templated":true}]}}