{"id":5604,"date":"2025-09-02T23:24:32","date_gmt":"2025-09-02T21:24:32","guid":{"rendered":"https:\/\/modeco-sklep.pl\/?post_type=product&#038;p=5604"},"modified":"2025-09-02T23:29:14","modified_gmt":"2025-09-02T21:29:14","slug":"erschwingliche-vinyl-terrassendielen-fur-gehwege","status":"publish","type":"product","link":"https:\/\/modeco-sklep.pl\/de\/affordable-vinyl-decking-sidewalk\/","title":{"rendered":"Erschwingliche Vinyl-Terrassendielen f\u00fcr Gehwege"},"content":{"rendered":"<p data-start=\"58\" data-end=\"413\"><strong data-start=\"58\" data-end=\"70\">Unendlichkeit<\/strong> zeichnet sich durch einen einzigartigen Schaumstoff-Vinyluntergrund aus, wodurch es sich perfekt f\u00fcr verschiedene Arten von Oberfl\u00e4chen eignet. <strong data-start=\"196\" data-end=\"227\">Infinity Luxury Woven Vinyl<\/strong> ist ein strapazierf\u00e4higes, komfortables, modernes und funktionales Material \u2013 ideal f\u00fcr den Einsatz in der Schifffahrt, im Vertragswesen, im Hotelgewerbe, im medizinischen Bereich, im Wellnessbereich sowie in Wohnr\u00e4umen.<\/p>\n<p data-start=\"415\" data-end=\"972\">Infinity ist leicht zu reinigen, UV- und fleckenbest\u00e4ndig, schmutzabweisend, trocknet schnell und verf\u00fcgt \u00fcber eine antibakterielle und antimykotische Technologie, die das Wachstum von Mikroorganismen verhindert. Das Material ist best\u00e4ndig gegen Benzin, Diesel und Motor\u00f6le und wird auch durch Vogel- oder Spinnenkot nicht besch\u00e4digt. Im Vergleich zu anderen Bodenbel\u00e4gen zeichnet es sich durch niedrige Betriebskosten auf lange Sicht aus. Es ist langlebig, schallabsorbierend und zu 100 % recycelbar.<\/p>\n<p data-start=\"415\" data-end=\"972\"><strong>Breite des Bodenbelags: 150 cm\u00a0<\/strong><\/p>\n<p data-start=\"415\" data-end=\"972\">(auf Bestellung erh\u00e4ltlich in einer Breite von 300 cm)<\/p>\n<p data-start=\"415\" data-end=\"972\"><strong>Lichtbest\u00e4ndigkeit: &gt;6<\/strong><\/p>\n<p data-start=\"415\" data-end=\"972\"><strong>REACH \/ Recyclingf\u00e4higkeit<\/strong><\/p>\n<p data-start=\"576\" data-end=\"600\"><strong data-start=\"576\" data-end=\"598\">Feuerbest\u00e4ndigkeit:<\/strong><\/p>\n<ul data-start=\"601\" data-end=\"770\">\n<li data-start=\"601\" data-end=\"647\">\n<p data-start=\"603\" data-end=\"647\">ASTM E648 \u2013 Kritischer Strahlungsfluss, Klasse 1<\/p>\n<\/li>\n<li data-start=\"648\" data-end=\"685\">\n<p data-start=\"650\" data-end=\"685\">ASTM E662 \u2013 Optische Rauchdichte<\/p>\n<\/li>\n<li data-start=\"686\" data-end=\"731\">\n<p data-start=\"688\" data-end=\"731\">FMVSS 302 \u2013 Sicherheitsnorm f\u00fcr Kraftfahrzeuge<\/p>\n<\/li>\n<li data-start=\"732\" data-end=\"770\">\n<p data-start=\"734\" data-end=\"770\">ASTM C-518 \u2013 R-Faktor<\/p>\n<\/li>\n<\/ul>\n<p>&nbsp;<\/p>\n<p>Der Preis gilt f\u00fcr 1 Laufmeter 100 x 150 cm.<\/p>\n<p>Mindestbestellmenge ab 2 Laufmetern<\/p>\n<p>&nbsp;<\/p>\n<p>&nbsp;<\/p>","protected":false},"excerpt":{"rendered":"<p>Infinity zeichnet sich durch eine einzigartige Vinylunterlage aus Schaumstoff aus, wodurch es sich perfekt f\u00fcr verschiedene Arten von Oberfl\u00e4chen eignet. Infinity Luxury Woven Vinyl ist ein strapazierf\u00e4higes, komfortables, modernes und funktionales Material \u2013 ideal f\u00fcr den Einsatz in der Schifffahrt, im Objektbereich, in Hotels, im medizinischen Bereich, im Wellnessbereich sowie in Wohnr\u00e4umen. Infinity ist pflegeleicht, UV-best\u00e4ndig und fleckenabweisend...<\/p>","protected":false},"featured_media":5609,"comment_status":"open","ping_status":"closed","template":"","meta":{"_acf_changed":false,"_kad_blocks_custom_css":"","_kad_blocks_head_custom_js":"","_kad_blocks_body_custom_js":"","_kad_blocks_footer_custom_js":"","_kad_post_transparent":"","_kad_post_title":"","_kad_post_layout":"","_kad_post_sidebar_id":"","_kad_post_content_style":"","_kad_post_vertical_padding":"","_kad_post_feature":"","_kad_post_feature_position":"","_kad_post_header":false,"_kad_post_footer":false,"_kad_post_classname":""},"product_brand":[17],"product_cat":[149],"product_tag":[],"class_list":{"0":"post-5604","1":"product","2":"type-product","3":"status-publish","4":"has-post-thumbnail","6":"product_brand-modeco","7":"product_cat-infinity-luxury-woven-vinyl","9":"first","10":"onbackorder","11":"shipping-taxable","12":"purchasable","13":"product-type-simple","14":"entry","15":"content-bg","16":"loop-entry"},"acf":[],"taxonomy_info":{"product_brand":[{"value":17,"label":"MODECO"}],"product_cat":[{"value":149,"label":"Infinity Luxury Woven Vinyl"}]},"featured_image_src_large":["https:\/\/modeco-sklep.pl\/wp-content\/uploads\/2025\/09\/Affordable-Vinyl-Decking-Sidewalk.jpg",960,540,false],"author_info":[],"comment_info":0,"_links":{"self":[{"href":"https:\/\/modeco-sklep.pl\/de\/wp-json\/wp\/v2\/product\/5604","targetHints":{"allow":["GET"]}}],"collection":[{"href":"https:\/\/modeco-sklep.pl\/de\/wp-json\/wp\/v2\/product"}],"about":[{"href":"https:\/\/modeco-sklep.pl\/de\/wp-json\/wp\/v2\/types\/product"}],"replies":[{"embeddable":true,"href":"https:\/\/modeco-sklep.pl\/de\/wp-json\/wp\/v2\/comments?post=5604"}],"wp:featuredmedia":[{"embeddable":true,"href":"https:\/\/modeco-sklep.pl\/de\/wp-json\/wp\/v2\/media\/5609"}],"wp:attachment":[{"href":"https:\/\/modeco-sklep.pl\/de\/wp-json\/wp\/v2\/media?parent=5604"}],"wp:term":[{"taxonomy":"product_brand","embeddable":true,"href":"https:\/\/modeco-sklep.pl\/de\/wp-json\/wp\/v2\/product_brand?post=5604"},{"taxonomy":"product_cat","embeddable":true,"href":"https:\/\/modeco-sklep.pl\/de\/wp-json\/wp\/v2\/product_cat?post=5604"},{"taxonomy":"product_tag","embeddable":true,"href":"https:\/\/modeco-sklep.pl\/de\/wp-json\/wp\/v2\/product_tag?post=5604"}],"curies":[{"name":"wp","href":"https:\/\/api.w.org\/{rel}","templated":true}]}}