{"id":2355,"date":"2025-08-24T18:29:49","date_gmt":"2025-08-24T16:29:49","guid":{"rendered":"https:\/\/modeco-sklep.pl\/?post_type=product&#038;p=2355"},"modified":"2026-02-10T14:57:02","modified_gmt":"2026-02-10T13:57:02","slug":"dachhimmel-v92","status":"publish","type":"product","link":"https:\/\/modeco-sklep.pl\/de\/podsufitka-v92\/","title":{"rendered":"DACHHIMMEL V92 HELLBEIGE"},"content":{"rendered":"<h2><span style=\"font-size: 11pt;\"><span style=\"line-height: normal;\"><b><span style=\"font-size: 12.0pt;\"><span style=\"color: #444444;\">AUTOSTOFF F\u00dcR DIE DECKENVERKLEIDUNG \u00a0<\/span><\/span><\/b><\/span><\/span><\/h2>\n<p><span style=\"font-size: 11pt;\"><span style=\"line-height: normal;\"><span style=\"font-size: 12.0pt;\"><span style=\"color: #444444;\">Die von uns angebotenen Stoffe f\u00fcr Fahrzeuginnenverkleidungen stammen aus den gr\u00f6\u00dften europ\u00e4ischen Fabriken, die Materialien f\u00fcr Automobilkonzerne herstellen.<\/span><\/span><\/span><\/span><\/p>\n<p><span style=\"font-size: 11pt;\"><span style=\"line-height: normal;\"><span style=\"font-size: 12.0pt;\"><span style=\"color: #444444;\">Die Materialien zeichnen sich durch eine sehr gute Qualit\u00e4t aus (OEM \u2013 erste Wahl).<\/span><\/span><\/span><\/span><br \/>\n<span style=\"font-size: 11pt;\"><span style=\"line-height: normal;\"><span style=\"font-size: 12.0pt;\"><span style=\"color: #444444;\">Die Materialien werden auf einem speziellen Schwamm mit einer Dicke von ca. 3-4 mm laminiert.<\/span><\/span><\/span><\/span><br \/>\n<span style=\"font-size: 11pt;\"><span style=\"line-height: normal;\"><span style=\"font-size: 12.0pt;\"><span style=\"color: #444444;\">Die Materialien sind flexibel und leicht zu verarbeiten.<\/span><\/span><\/span><\/span><br \/>\n<span style=\"font-size: 11pt;\"><span style=\"line-height: normal;\"><span style=\"font-size: 12.0pt;\"><span style=\"color: #444444;\">Breite des Stoffes: 150 cm<\/span><\/span><\/span><\/span><\/p>\n<p><span style=\"font-size: 11pt;\"><span style=\"line-height: normal;\"><span style=\"font-size: 12.0pt;\"><span style=\"color: #444444;\">Der Preis gilt f\u00fcr 1 laufenden Meter (100 x 150cm)<\/span><\/span><\/span><\/span><br \/>\n<span style=\"font-size: 11pt;\"><span style=\"line-height: normal;\"><span style=\"font-size: 12.0pt;\"><span style=\"color: #444444;\">Beim Kauf mehrerer Meter versuchen wir, das Material in einem St\u00fcck zu versenden.<\/span><\/span><\/span><\/span><\/p>\n<p><span style=\"font-size: 11pt;\"><span style=\"line-height: normal;\"><span style=\"font-size: 12.0pt;\"><span style=\"color: #444444;\">Spezialkleber, best\u00e4ndig gegen hohe Temperaturen, erh\u00e4ltlich in unserem Shop<\/span><\/span><\/span><\/span><\/p>\n<p style=\"color: #444444; box-sizing: border-box; background-color: transparent;\">","protected":false},"excerpt":{"rendered":"<p>AUTOSTOFF F\u00dcR DIE DECKENVERKLEIDUNG Die von uns angebotenen Stoffe f\u00fcr die Deckenverkleidung von Autos stammen aus den gr\u00f6\u00dften europ\u00e4ischen Fabriken, die Materialien f\u00fcr Automobilkonzerne herstellen. Die Materialien zeichnen sich durch eine sehr gute Qualit\u00e4t aus (OEM \u2013 erste Wahl). Die Materialien werden auf einen speziellen Schaumstoff mit einer Dicke von ca. 3-4 mm laminiert. Die Materialien sind elastisch und leicht zu verarbeiten. Materialbreite: 150 cm Der Preis gilt f\u00fcr\u2026<\/p>","protected":false},"featured_media":7504,"comment_status":"closed","ping_status":"closed","template":"","meta":{"_acf_changed":false,"_kad_blocks_custom_css":"","_kad_blocks_head_custom_js":"","_kad_blocks_body_custom_js":"","_kad_blocks_footer_custom_js":"","_kad_post_transparent":"default","_kad_post_title":"","_kad_post_layout":"default","_kad_post_sidebar_id":"","_kad_post_content_style":"default","_kad_post_vertical_padding":"default","_kad_post_feature":"","_kad_post_feature_position":"","_kad_post_header":false,"_kad_post_footer":false,"_kad_post_classname":""},"product_brand":[17],"product_cat":[33],"product_tag":[],"class_list":{"0":"post-2355","1":"product","2":"type-product","3":"status-publish","4":"has-post-thumbnail","6":"product_brand-modeco","7":"product_cat-tkaniny-dedykowane-oem","9":"first","10":"instock","11":"purchasable","12":"product-type-simple","13":"entry","14":"content-bg","15":"loop-entry"},"acf":[],"taxonomy_info":{"product_brand":[{"value":17,"label":"MODECO"}],"product_cat":[{"value":33,"label":"TKANINY DEDYKOWANE OEM"}]},"featured_image_src_large":["https:\/\/modeco-sklep.pl\/wp-content\/uploads\/2025\/08\/20260210_144656-1024x768.jpg",1024,768,true],"author_info":[],"comment_info":0,"_links":{"self":[{"href":"https:\/\/modeco-sklep.pl\/de\/wp-json\/wp\/v2\/product\/2355","targetHints":{"allow":["GET"]}}],"collection":[{"href":"https:\/\/modeco-sklep.pl\/de\/wp-json\/wp\/v2\/product"}],"about":[{"href":"https:\/\/modeco-sklep.pl\/de\/wp-json\/wp\/v2\/types\/product"}],"replies":[{"embeddable":true,"href":"https:\/\/modeco-sklep.pl\/de\/wp-json\/wp\/v2\/comments?post=2355"}],"wp:featuredmedia":[{"embeddable":true,"href":"https:\/\/modeco-sklep.pl\/de\/wp-json\/wp\/v2\/media\/7504"}],"wp:attachment":[{"href":"https:\/\/modeco-sklep.pl\/de\/wp-json\/wp\/v2\/media?parent=2355"}],"wp:term":[{"taxonomy":"product_brand","embeddable":true,"href":"https:\/\/modeco-sklep.pl\/de\/wp-json\/wp\/v2\/product_brand?post=2355"},{"taxonomy":"product_cat","embeddable":true,"href":"https:\/\/modeco-sklep.pl\/de\/wp-json\/wp\/v2\/product_cat?post=2355"},{"taxonomy":"product_tag","embeddable":true,"href":"https:\/\/modeco-sklep.pl\/de\/wp-json\/wp\/v2\/product_tag?post=2355"}],"curies":[{"name":"wp","href":"https:\/\/api.w.org\/{rel}","templated":true}]}}