{"id":2064,"date":"2025-07-07T00:04:14","date_gmt":"2025-07-06T22:04:14","guid":{"rendered":"https:\/\/modeco-sklep.pl\/?post_type=product&#038;p=2064"},"modified":"2025-07-07T00:05:17","modified_gmt":"2025-07-06T22:05:17","slug":"hellbeige","status":"publish","type":"product","link":"https:\/\/modeco-sklep.pl\/de\/light-beige\/","title":{"rendered":"EINFARBIG \/ HELLBEIGE"},"content":{"rendered":"<div class=\"widoczna tz_opis GlownyOpisProduktu\">\n<h3>EKO-SK\u00d3RA NAPPA MARINE ONE \u2013 hochwertiger M\u00f6belstoff<\/h3>\n<p>\u00d6ko-Nappaleder ist ein beschichtetes Gewebe, das sich ideal f\u00fcr Yacht- und Autopolster eignet, darunter Sitze und T\u00fcrverkleidungen.<\/p>\n<p>Wasserdichtes Material f\u00fcr die Au\u00dfenpolsterung von Booten, Yachten und Autos.<\/p>\n<h4><strong>Produktmerkmale:<\/strong><\/h4>\n<ul>\n<li>Hochwertiges Nappa-Material mit glatter Struktur<\/li>\n<li>Auf 5 mm dickem Schaumstoff laminiert<\/li>\n<li>100% Wasserdicht<\/li>\n<li>UV-best\u00e4ndig<\/li>\n<li>Best\u00e4ndig gegen niedrige Temperaturen<\/li>\n<li>Witterungsbest\u00e4ndig<\/li>\n<\/ul>\n<p>&nbsp;<\/p>\n<h4><strong>Details:<\/strong><\/h4>\n<p>Wenn Sie 1 St\u00fcck kaufen, erhalten Sie 1 Laufmeter Stoff (100 cm x 137 cm).<br \/>\nMaterialbreite: 137 cm<\/p>\n<\/div>","protected":false},"excerpt":{"rendered":"<p>EKO-SK\u00d3RA NAPPA MARINE ONE \u2013 hochwertiger Bezugsstoff Eko-sk\u00f3ra Nappa ist ein beschichteter Stoff, der sich ideal f\u00fcr Yacht- und Autopolster, darunter Sitze und T\u00fcrverkleidungen, eignet. Wasserabweisendes Material f\u00fcr die Au\u00dfenpolsterung von Booten, Yachten und Autos. Produkteigenschaften: Hochwertiges Nappa-Material mit glatter Struktur Laminiert auf 5 mm dickem Schaumstoff 100% Wasserabweisend\u2026<\/p>","protected":false},"featured_media":2065,"comment_status":"closed","ping_status":"closed","template":"","meta":{"_acf_changed":false,"_kad_blocks_custom_css":"","_kad_blocks_head_custom_js":"","_kad_blocks_body_custom_js":"","_kad_blocks_footer_custom_js":"","_kad_post_transparent":"","_kad_post_title":"","_kad_post_layout":"","_kad_post_sidebar_id":"","_kad_post_content_style":"","_kad_post_vertical_padding":"","_kad_post_feature":"","_kad_post_feature_position":"","_kad_post_header":false,"_kad_post_footer":false,"_kad_post_classname":""},"product_brand":[17],"product_cat":[126],"product_tag":[],"class_list":{"0":"post-2064","1":"product","2":"type-product","3":"status-publish","4":"has-post-thumbnail","6":"product_brand-modeco","7":"product_cat-marine-one","9":"first","10":"instock","11":"purchasable","12":"product-type-simple","13":"entry","14":"content-bg","15":"loop-entry"},"acf":[],"taxonomy_info":{"product_brand":[{"value":17,"label":"MODECO"}],"product_cat":[{"value":126,"label":"MARINE-ONE"}]},"featured_image_src_large":["https:\/\/modeco-sklep.pl\/wp-content\/uploads\/2025\/07\/beige-1024x683.jpg",1024,683,true],"author_info":[],"comment_info":0,"_links":{"self":[{"href":"https:\/\/modeco-sklep.pl\/de\/wp-json\/wp\/v2\/product\/2064","targetHints":{"allow":["GET"]}}],"collection":[{"href":"https:\/\/modeco-sklep.pl\/de\/wp-json\/wp\/v2\/product"}],"about":[{"href":"https:\/\/modeco-sklep.pl\/de\/wp-json\/wp\/v2\/types\/product"}],"replies":[{"embeddable":true,"href":"https:\/\/modeco-sklep.pl\/de\/wp-json\/wp\/v2\/comments?post=2064"}],"wp:featuredmedia":[{"embeddable":true,"href":"https:\/\/modeco-sklep.pl\/de\/wp-json\/wp\/v2\/media\/2065"}],"wp:attachment":[{"href":"https:\/\/modeco-sklep.pl\/de\/wp-json\/wp\/v2\/media?parent=2064"}],"wp:term":[{"taxonomy":"product_brand","embeddable":true,"href":"https:\/\/modeco-sklep.pl\/de\/wp-json\/wp\/v2\/product_brand?post=2064"},{"taxonomy":"product_cat","embeddable":true,"href":"https:\/\/modeco-sklep.pl\/de\/wp-json\/wp\/v2\/product_cat?post=2064"},{"taxonomy":"product_tag","embeddable":true,"href":"https:\/\/modeco-sklep.pl\/de\/wp-json\/wp\/v2\/product_tag?post=2064"}],"curies":[{"name":"wp","href":"https:\/\/api.w.org\/{rel}","templated":true}]}}