{"id":1878,"date":"2025-06-30T23:21:25","date_gmt":"2025-06-30T21:21:25","guid":{"rendered":"https:\/\/modeco-sklep.pl\/?post_type=product&#038;p=1878"},"modified":"2026-01-01T19:05:08","modified_gmt":"2026-01-01T18:05:08","slug":"slim-supreme-wildleder-beige","status":"publish","type":"product","link":"https:\/\/modeco-sklep.pl\/de\/slim-supreme-suede-beige\/","title":{"rendered":"SCHLANKES SUPREME WILDLEDER - BEIGE"},"content":{"rendered":"<h4><strong>Autostoff SLIM SUPREME SUEDE STRETCH<\/strong><\/h4>\n<h4>Spezielles SUEDE-Material<br \/>\nEs hat kurze, weiche Borsten, die die Richtung \u00e4ndern, wenn sie mit der Hand gezogen werden,. Es ist flexibel, passt sich perfekt an die Form der Teile, Das Material hat eine spezielle Unterlage, kein Schwamm. Das Material hat einen speziellen R\u00fccken und ist nicht schwammig. Das Material hat eine spezielle R\u00fcckseite und ist nicht schwammig. Auch f\u00fcr die Verklebung von T\u00fcrseiten, Armaturenbrettern und Zierelementen geeignet.<\/h4>\n<h4>\u2705 <strong>Flexibel und einfach zu installieren<\/strong><br \/>\n\u2705 <strong>Breite des Stoffes: 150 cm<\/strong><\/h4>\n<h2 style=\"color: #444444; display: block; box-sizing: border-box; background-color: transparent;\"><span style=\"font-size: 11pt;\"><span style=\"line-height: normal;\"><span style=\"font-size: 12.0pt;\"><span style=\"color: #444444;\">Der Preis gilt f\u00fcr 1 laufenden Meter (100 x 150cm)<\/span><\/span><\/span><\/span><br \/>\n<span style=\"font-size: 11pt;\"><span style=\"line-height: normal;\"><span style=\"font-size: 12.0pt;\"><span style=\"color: #444444;\">Beim Kauf mehrerer Meter versuchen wir, das Material in einem St\u00fcck zu versenden.<\/span><\/span><\/span><\/span><\/h2>","protected":false},"excerpt":{"rendered":"<p>Autostoff SLIM SUPREME SUEDE STRETCH Der spezielle SUEDE-Stoff hat kurze, weiche Borsten, die die Richtung \u00e4ndern, wenn sie mit der Hand gezogen werden. Es ist flexibel, passt sich perfekt an die Form der Teile an, Das Material hat einen speziellen R\u00fccken, keinen Schwamm. Das Material hat einen speziellen R\u00fccken und ist nicht schwammig. Das Material hat einen speziellen R\u00fccken und ist nicht schwammig. Wird auch zum Verkleben von T\u00fcrseiten, Armaturenbrettern, Zierelementen verwendet....<\/p>","protected":false},"featured_media":7156,"comment_status":"closed","ping_status":"closed","template":"","meta":{"_acf_changed":false,"_kad_blocks_custom_css":"","_kad_blocks_head_custom_js":"","_kad_blocks_body_custom_js":"","_kad_blocks_footer_custom_js":"","_kad_post_transparent":"default","_kad_post_title":"","_kad_post_layout":"default","_kad_post_sidebar_id":"","_kad_post_content_style":"default","_kad_post_vertical_padding":"default","_kad_post_feature":"","_kad_post_feature_position":"","_kad_post_header":false,"_kad_post_footer":false,"_kad_post_classname":""},"product_brand":[17],"product_cat":[117,158,125],"product_tag":[],"class_list":{"0":"post-1878","1":"product","2":"type-product","3":"status-publish","4":"has-post-thumbnail","6":"product_brand-modeco","7":"product_cat-material-na-slupki","8":"product_cat-supreme-suede-stretch-tkaniny-na-podsufitki-samochodowe","9":"product_cat-material-na-slupki-supreme-suede-podsufitki","11":"first","12":"instock","13":"purchasable","14":"product-type-simple","15":"entry","16":"content-bg","17":"loop-entry"},"acf":[],"taxonomy_info":{"product_brand":[{"value":17,"label":"MODECO"}],"product_cat":[{"value":117,"label":"MATERIA\u0141 NA S\u0141UPKI ( bez pianki)"},{"value":158,"label":"SUPREME SUEDE STRETCH"},{"value":125,"label":"SUPREME SUEDE STRETCH SLIM - S\u0141UPKI"}]},"featured_image_src_large":["https:\/\/modeco-sklep.pl\/wp-content\/uploads\/2025\/06\/ChatGPT-Image-1-sty-2026-19_04_32-1024x683.png",1024,683,true],"author_info":[],"comment_info":0,"_links":{"self":[{"href":"https:\/\/modeco-sklep.pl\/de\/wp-json\/wp\/v2\/product\/1878","targetHints":{"allow":["GET"]}}],"collection":[{"href":"https:\/\/modeco-sklep.pl\/de\/wp-json\/wp\/v2\/product"}],"about":[{"href":"https:\/\/modeco-sklep.pl\/de\/wp-json\/wp\/v2\/types\/product"}],"replies":[{"embeddable":true,"href":"https:\/\/modeco-sklep.pl\/de\/wp-json\/wp\/v2\/comments?post=1878"}],"wp:featuredmedia":[{"embeddable":true,"href":"https:\/\/modeco-sklep.pl\/de\/wp-json\/wp\/v2\/media\/7156"}],"wp:attachment":[{"href":"https:\/\/modeco-sklep.pl\/de\/wp-json\/wp\/v2\/media?parent=1878"}],"wp:term":[{"taxonomy":"product_brand","embeddable":true,"href":"https:\/\/modeco-sklep.pl\/de\/wp-json\/wp\/v2\/product_brand?post=1878"},{"taxonomy":"product_cat","embeddable":true,"href":"https:\/\/modeco-sklep.pl\/de\/wp-json\/wp\/v2\/product_cat?post=1878"},{"taxonomy":"product_tag","embeddable":true,"href":"https:\/\/modeco-sklep.pl\/de\/wp-json\/wp\/v2\/product_tag?post=1878"}],"curies":[{"name":"wp","href":"https:\/\/api.w.org\/{rel}","templated":true}]}}