{"id":1746,"date":"2025-06-30T14:20:24","date_gmt":"2025-06-30T12:20:24","guid":{"rendered":"https:\/\/modeco-sklep.pl\/?post_type=product&#038;p=1746"},"modified":"2025-06-30T14:21:45","modified_gmt":"2025-06-30T12:21:45","slug":"premium-wildleder-rs-design-schwarz-nichts-rot-2","status":"publish","type":"product","link":"https:\/\/modeco-sklep.pl\/de\/premium-suede-rs-design-czarna-nic-czerwona-2\/","title":{"rendered":"PREMIUM SUEDE RS DESIGN SCHWARZ \/ ROTER FADEN"},"content":{"rendered":"<h3><strong>PREMIUM-WILDLEDER<\/strong><\/h3>\n<h3>Laminiertes Gewebe f\u00fcr Autopolster<\/h3>\n<p>Material f\u00fcr Autositze, T\u00fcrverkleidungen, W\u00e4nde und Decken f\u00fcr den Ausbau von Transportern\/Bussen<\/p>\n<h3>\u2705 Hochwertiges Material auf speziellem Schaumstoff mit einer Dicke von 8 mm.<br \/>\n\u2705 Schaumstoff mit hoher Dichte \u2013 formbest\u00e4ndig.<br \/>\n\u2705 Exklusives Material vom Typ SUEDE<br \/>\n\u2705 Kurzes Haar, das seine Richtung \u00e4ndert, wenn man mit der Hand dar\u00fcberstreicht<\/h3>\n<h3><strong>Produktdetails:<\/strong><\/h3>\n<ul>\n<li>\n<h3>1 St\u00fcck = 1 Laufmeter Stoff (100 cm x 150 cm).<\/h3>\n<\/li>\n<li>\n<h3>Breite: 150 cm.<\/h3>\n<\/li>\n<li>\n<h3>Bei gr\u00f6\u00dferen Bestellungen versenden wir das Material in einem St\u00fcck.<\/h3>\n<\/li>\n<\/ul>\n<p>&nbsp;<\/p>\n<p><img loading=\"lazy\" decoding=\"async\" class=\"aligncenter size-full wp-image-1735\" src=\"http:\/\/modeco-sklep.pl\/wp-content\/uploads\/2025\/06\/473571048_122199931412137747_8501290437015947853_n.jpg\" alt=\"\" width=\"960\" height=\"720\" srcset=\"https:\/\/modeco-sklep.pl\/wp-content\/uploads\/2025\/06\/473571048_122199931412137747_8501290437015947853_n.jpg 960w, https:\/\/modeco-sklep.pl\/wp-content\/uploads\/2025\/06\/473571048_122199931412137747_8501290437015947853_n-300x225.jpg 300w, https:\/\/modeco-sklep.pl\/wp-content\/uploads\/2025\/06\/473571048_122199931412137747_8501290437015947853_n-768x576.jpg 768w, https:\/\/modeco-sklep.pl\/wp-content\/uploads\/2025\/06\/473571048_122199931412137747_8501290437015947853_n-16x12.jpg 16w, https:\/\/modeco-sklep.pl\/wp-content\/uploads\/2025\/06\/473571048_122199931412137747_8501290437015947853_n-133x100.jpg 133w\" sizes=\"auto, (max-width: 960px) 100vw, 960px\" \/><\/p>\n<p><img loading=\"lazy\" decoding=\"async\" class=\"aligncenter size-full wp-image-1736\" src=\"http:\/\/modeco-sklep.pl\/wp-content\/uploads\/2025\/06\/473323289_122199931496137747_8746925943312406195_n.jpg\" alt=\"\" width=\"960\" height=\"720\" srcset=\"https:\/\/modeco-sklep.pl\/wp-content\/uploads\/2025\/06\/473323289_122199931496137747_8746925943312406195_n.jpg 960w, https:\/\/modeco-sklep.pl\/wp-content\/uploads\/2025\/06\/473323289_122199931496137747_8746925943312406195_n-300x225.jpg 300w, https:\/\/modeco-sklep.pl\/wp-content\/uploads\/2025\/06\/473323289_122199931496137747_8746925943312406195_n-768x576.jpg 768w, https:\/\/modeco-sklep.pl\/wp-content\/uploads\/2025\/06\/473323289_122199931496137747_8746925943312406195_n-16x12.jpg 16w, https:\/\/modeco-sklep.pl\/wp-content\/uploads\/2025\/06\/473323289_122199931496137747_8746925943312406195_n-133x100.jpg 133w\" sizes=\"auto, (max-width: 960px) 100vw, 960px\" \/><\/p>\n<p><img loading=\"lazy\" decoding=\"async\" class=\"aligncenter size-full wp-image-1737\" src=\"http:\/\/modeco-sklep.pl\/wp-content\/uploads\/2025\/06\/481169583_122208026474137747_1459439189732736024_n.jpg\" alt=\"\" width=\"960\" height=\"720\" srcset=\"https:\/\/modeco-sklep.pl\/wp-content\/uploads\/2025\/06\/481169583_122208026474137747_1459439189732736024_n.jpg 960w, https:\/\/modeco-sklep.pl\/wp-content\/uploads\/2025\/06\/481169583_122208026474137747_1459439189732736024_n-300x225.jpg 300w, https:\/\/modeco-sklep.pl\/wp-content\/uploads\/2025\/06\/481169583_122208026474137747_1459439189732736024_n-768x576.jpg 768w, https:\/\/modeco-sklep.pl\/wp-content\/uploads\/2025\/06\/481169583_122208026474137747_1459439189732736024_n-16x12.jpg 16w, https:\/\/modeco-sklep.pl\/wp-content\/uploads\/2025\/06\/481169583_122208026474137747_1459439189732736024_n-133x100.jpg 133w\" sizes=\"auto, (max-width: 960px) 100vw, 960px\" \/><\/p>\n<p>&nbsp;<\/p>","protected":false},"excerpt":{"rendered":"<p>PREMIUM SUEDE Laminierter Stoff f\u00fcr Autopolster Material f\u00fcr Autositze, T\u00fcrverkleidungen, W\u00e4nde und Decken f\u00fcr den Ausbau von Transportern\/Bussen \u2705 Hochwertiges Material auf speziellem 8 mm dickem Schaumstoff. \u2705 Schaumstoff mit hoher Dichte \u2013 formbest\u00e4ndig. \u2705 Exklusives Material vom Typ SUEDE \u2705 Kurzer Flor, der nach dem Streichen die Richtung \u00e4ndert...<\/p>","protected":false},"featured_media":1747,"comment_status":"open","ping_status":"closed","template":"","meta":{"_acf_changed":false,"_kad_blocks_custom_css":"","_kad_blocks_head_custom_js":"","_kad_blocks_body_custom_js":"","_kad_blocks_footer_custom_js":"","_kad_post_transparent":"","_kad_post_title":"","_kad_post_layout":"","_kad_post_sidebar_id":"","_kad_post_content_style":"","_kad_post_vertical_padding":"","_kad_post_feature":"","_kad_post_feature_position":"","_kad_post_header":false,"_kad_post_footer":false,"_kad_post_classname":""},"product_brand":[17],"product_cat":[112],"product_tag":[],"class_list":{"0":"post-1746","1":"product","2":"type-product","3":"status-publish","4":"has-post-thumbnail","6":"product_brand-modeco","7":"product_cat-rs-design","9":"first","10":"instock","11":"shipping-taxable","12":"purchasable","13":"product-type-simple","14":"entry","15":"content-bg","16":"loop-entry"},"acf":[],"taxonomy_info":{"product_brand":[{"value":17,"label":"MODECO"}],"product_cat":[{"value":112,"label":"RS DESIGN"}]},"featured_image_src_large":["https:\/\/modeco-sklep.pl\/wp-content\/uploads\/2025\/06\/IMG20221008125944-1-scaled-1024x683.jpg",1024,683,true],"author_info":[],"comment_info":0,"_links":{"self":[{"href":"https:\/\/modeco-sklep.pl\/de\/wp-json\/wp\/v2\/product\/1746","targetHints":{"allow":["GET"]}}],"collection":[{"href":"https:\/\/modeco-sklep.pl\/de\/wp-json\/wp\/v2\/product"}],"about":[{"href":"https:\/\/modeco-sklep.pl\/de\/wp-json\/wp\/v2\/types\/product"}],"replies":[{"embeddable":true,"href":"https:\/\/modeco-sklep.pl\/de\/wp-json\/wp\/v2\/comments?post=1746"}],"wp:featuredmedia":[{"embeddable":true,"href":"https:\/\/modeco-sklep.pl\/de\/wp-json\/wp\/v2\/media\/1747"}],"wp:attachment":[{"href":"https:\/\/modeco-sklep.pl\/de\/wp-json\/wp\/v2\/media?parent=1746"}],"wp:term":[{"taxonomy":"product_brand","embeddable":true,"href":"https:\/\/modeco-sklep.pl\/de\/wp-json\/wp\/v2\/product_brand?post=1746"},{"taxonomy":"product_cat","embeddable":true,"href":"https:\/\/modeco-sklep.pl\/de\/wp-json\/wp\/v2\/product_cat?post=1746"},{"taxonomy":"product_tag","embeddable":true,"href":"https:\/\/modeco-sklep.pl\/de\/wp-json\/wp\/v2\/product_tag?post=1746"}],"curies":[{"name":"wp","href":"https:\/\/api.w.org\/{rel}","templated":true}]}}