{"id":1720,"date":"2025-06-30T00:05:31","date_gmt":"2025-06-29T22:05:31","guid":{"rendered":"https:\/\/modeco-sklep.pl\/?post_type=product&#038;p=1720"},"modified":"2025-09-15T19:28:01","modified_gmt":"2025-09-15T17:28:01","slug":"premium-wildleder-mit-rautenmuster-schwarz-ohne-silber","status":"publish","type":"product","link":"https:\/\/modeco-sklep.pl\/de\/premium-suede-diamond-design-czarna-nic-silver\/","title":{"rendered":"PREMIUM SUEDE DIAMOND DESIGN SCHWARZ \/ SILBERFADEN"},"content":{"rendered":"<h3><strong>PREMIUM-WILDLEDER<\/strong><\/h3>\n<h3>Laminiertes Gewebe f\u00fcr Autopolster<\/h3>\n<p>Material f\u00fcr Autositze, T\u00fcrverkleidungen, W\u00e4nde und Decken f\u00fcr den Ausbau von Transportern\/Bussen<\/p>\n<h3>\u2705 Hochwertiges Material auf speziellem Schaumstoff mit einer Dicke von 8 mm.<br \/>\n\u2705 Schaumstoff mit hoher Dichte \u2013 formbest\u00e4ndig.<br \/>\n\u2705 Exklusives Material vom Typ SUEDE<br \/>\n\u2705 Kurzes Haar, das seine Richtung \u00e4ndert, wenn man mit der Hand dar\u00fcberstreicht<\/h3>\n<h3><strong>Produktdetails:<\/strong><\/h3>\n<ul>\n<li>\n<h3>1 St\u00fcck = 1 Laufmeter Stoff (100 cm x 150 cm).<\/h3>\n<\/li>\n<li>\n<h3>Breite: 150 cm.<\/h3>\n<\/li>\n<li>\n<h3>Bei gr\u00f6\u00dferen Bestellungen versenden wir das Material in einem St\u00fcck.<\/h3>\n<\/li>\n<\/ul>\n<p><img loading=\"lazy\" decoding=\"async\" class=\"aligncenter size-full wp-image-1711\" src=\"http:\/\/modeco-sklep.pl\/wp-content\/uploads\/2025\/06\/d1.jpg\" alt=\"\" width=\"2090\" height=\"1070\" srcset=\"https:\/\/modeco-sklep.pl\/wp-content\/uploads\/2025\/06\/d1.jpg 2090w, https:\/\/modeco-sklep.pl\/wp-content\/uploads\/2025\/06\/d1-300x154.jpg 300w, https:\/\/modeco-sklep.pl\/wp-content\/uploads\/2025\/06\/d1-1024x524.jpg 1024w, https:\/\/modeco-sklep.pl\/wp-content\/uploads\/2025\/06\/d1-768x393.jpg 768w, https:\/\/modeco-sklep.pl\/wp-content\/uploads\/2025\/06\/d1-1536x786.jpg 1536w, https:\/\/modeco-sklep.pl\/wp-content\/uploads\/2025\/06\/d1-2048x1048.jpg 2048w, https:\/\/modeco-sklep.pl\/wp-content\/uploads\/2025\/06\/d1-18x9.jpg 18w, https:\/\/modeco-sklep.pl\/wp-content\/uploads\/2025\/06\/d1-150x77.jpg 150w\" sizes=\"auto, (max-width: 2090px) 100vw, 2090px\" \/><\/p>\n<p><img loading=\"lazy\" decoding=\"async\" class=\"aligncenter size-full wp-image-1713\" src=\"http:\/\/modeco-sklep.pl\/wp-content\/uploads\/2025\/06\/Zrzut-ekranu-2025-03-31-222758.jpg\" alt=\"\" width=\"1344\" height=\"828\" srcset=\"https:\/\/modeco-sklep.pl\/wp-content\/uploads\/2025\/06\/Zrzut-ekranu-2025-03-31-222758.jpg 1344w, https:\/\/modeco-sklep.pl\/wp-content\/uploads\/2025\/06\/Zrzut-ekranu-2025-03-31-222758-300x185.jpg 300w, https:\/\/modeco-sklep.pl\/wp-content\/uploads\/2025\/06\/Zrzut-ekranu-2025-03-31-222758-1024x631.jpg 1024w, https:\/\/modeco-sklep.pl\/wp-content\/uploads\/2025\/06\/Zrzut-ekranu-2025-03-31-222758-768x473.jpg 768w, https:\/\/modeco-sklep.pl\/wp-content\/uploads\/2025\/06\/Zrzut-ekranu-2025-03-31-222758-18x12.jpg 18w, https:\/\/modeco-sklep.pl\/wp-content\/uploads\/2025\/06\/Zrzut-ekranu-2025-03-31-222758-150x92.jpg 150w\" sizes=\"auto, (max-width: 1344px) 100vw, 1344px\" \/><\/p>\n<p><img loading=\"lazy\" decoding=\"async\" class=\"aligncenter size-full wp-image-1714\" src=\"http:\/\/modeco-sklep.pl\/wp-content\/uploads\/2025\/06\/Bez-tytulu.jpg\" alt=\"\" width=\"1457\" height=\"1785\" srcset=\"https:\/\/modeco-sklep.pl\/wp-content\/uploads\/2025\/06\/Bez-tytulu.jpg 1457w, https:\/\/modeco-sklep.pl\/wp-content\/uploads\/2025\/06\/Bez-tytulu-245x300.jpg 245w, https:\/\/modeco-sklep.pl\/wp-content\/uploads\/2025\/06\/Bez-tytulu-836x1024.jpg 836w, https:\/\/modeco-sklep.pl\/wp-content\/uploads\/2025\/06\/Bez-tytulu-768x941.jpg 768w, https:\/\/modeco-sklep.pl\/wp-content\/uploads\/2025\/06\/Bez-tytulu-1254x1536.jpg 1254w, https:\/\/modeco-sklep.pl\/wp-content\/uploads\/2025\/06\/Bez-tytulu-10x12.jpg 10w, https:\/\/modeco-sklep.pl\/wp-content\/uploads\/2025\/06\/Bez-tytulu-82x100.jpg 82w\" sizes=\"auto, (max-width: 1457px) 100vw, 1457px\" \/><\/p>","protected":false},"excerpt":{"rendered":"<p>PREMIUM SUEDE Laminierter Stoff f\u00fcr Autopolster Material f\u00fcr Autositze, T\u00fcrverkleidungen, W\u00e4nde und Decken f\u00fcr den Ausbau von Transportern\/Bussen \u2705 Hochwertiges Material auf speziellem 8 mm dickem Schaumstoff. \u2705 Schaumstoff mit hoher Dichte \u2013 formbest\u00e4ndig. \u2705 Exklusives Material vom Typ SUEDE \u2705 Kurzer Flor, der nach dem Streichen die Richtung \u00e4ndert...<\/p>","protected":false},"featured_media":1721,"comment_status":"open","ping_status":"closed","template":"","meta":{"_acf_changed":false,"_kad_blocks_custom_css":"","_kad_blocks_head_custom_js":"","_kad_blocks_body_custom_js":"","_kad_blocks_footer_custom_js":"","_kad_post_transparent":"","_kad_post_title":"","_kad_post_layout":"","_kad_post_sidebar_id":"","_kad_post_content_style":"","_kad_post_vertical_padding":"","_kad_post_feature":"","_kad_post_feature_position":"","_kad_post_header":false,"_kad_post_footer":false,"_kad_post_classname":""},"product_brand":[17],"product_cat":[114],"product_tag":[],"class_list":{"0":"post-1720","1":"product","2":"type-product","3":"status-publish","4":"has-post-thumbnail","6":"product_brand-modeco","7":"product_cat-diamond-design-supreme-suede-premium","9":"first","10":"instock","11":"shipping-taxable","12":"purchasable","13":"product-type-simple","14":"entry","15":"content-bg","16":"loop-entry"},"acf":[],"taxonomy_info":{"product_brand":[{"value":17,"label":"MODECO"}],"product_cat":[{"value":114,"label":"DIAMOND DESIGN"}]},"featured_image_src_large":["https:\/\/modeco-sklep.pl\/wp-content\/uploads\/2025\/06\/IMG20231130162838-1-scaled-1024x683.jpg",1024,683,true],"author_info":[],"comment_info":0,"_links":{"self":[{"href":"https:\/\/modeco-sklep.pl\/de\/wp-json\/wp\/v2\/product\/1720","targetHints":{"allow":["GET"]}}],"collection":[{"href":"https:\/\/modeco-sklep.pl\/de\/wp-json\/wp\/v2\/product"}],"about":[{"href":"https:\/\/modeco-sklep.pl\/de\/wp-json\/wp\/v2\/types\/product"}],"replies":[{"embeddable":true,"href":"https:\/\/modeco-sklep.pl\/de\/wp-json\/wp\/v2\/comments?post=1720"}],"wp:featuredmedia":[{"embeddable":true,"href":"https:\/\/modeco-sklep.pl\/de\/wp-json\/wp\/v2\/media\/1721"}],"wp:attachment":[{"href":"https:\/\/modeco-sklep.pl\/de\/wp-json\/wp\/v2\/media?parent=1720"}],"wp:term":[{"taxonomy":"product_brand","embeddable":true,"href":"https:\/\/modeco-sklep.pl\/de\/wp-json\/wp\/v2\/product_brand?post=1720"},{"taxonomy":"product_cat","embeddable":true,"href":"https:\/\/modeco-sklep.pl\/de\/wp-json\/wp\/v2\/product_cat?post=1720"},{"taxonomy":"product_tag","embeddable":true,"href":"https:\/\/modeco-sklep.pl\/de\/wp-json\/wp\/v2\/product_tag?post=1720"}],"curies":[{"name":"wp","href":"https:\/\/api.w.org\/{rel}","templated":true}]}}