{"id":1652,"date":"2025-06-19T12:22:06","date_gmt":"2025-06-19T10:22:06","guid":{"rendered":"https:\/\/modeco-sklep.pl\/?post_type=product&#038;p=1652"},"modified":"2026-03-05T09:15:25","modified_gmt":"2026-03-05T08:15:25","slug":"kleber-paniker-fur-fahrzeuginnenraumverkleidungen","status":"publish","type":"product","link":"https:\/\/modeco-sklep.pl\/de\/klej-paniker-do-podsufitek-samochodowych\/","title":{"rendered":"Klebstoff PANIKER 5L"},"content":{"rendered":"<p><strong>Spezialkleber f\u00fcr Fahrzeuginnenverkleidungen PANIKER<\/strong><\/p>\n<p>\u2013 hochtemperaturbest\u00e4ndiger Klebstoff<br \/>\n\u2013 Klebstoff mit extrem hoher Klebkraft, \u00fcberall dort, wo herk\u00f6mmliche Klebstoffe versagen<br \/>\n\u2013 zur Verwendung in der Automobilindustrie beim Verkleben von Fahrzeuginnenhimmeln<br \/>\n\u2013 Auftragung mit einer Spritzpistole<br \/>\n\u2013 hitzebest\u00e4ndig bis + 130 Grad Celsius<br \/>\n\u2013 Fassungsverm\u00f6gen 5 l<\/p>\n<p>&nbsp;<\/p>\n<p><strong>Spr\u00fchparameter:<\/strong><\/p>\n<p>Es wird empfohlen, eine Pistole mit einer etwas gr\u00f6\u00dferen D\u00fcse als der Standardd\u00fcse zu verwenden \u2013 ca. 2,0\u20132,2 mm. Das Produkt ist wie jeder andere Kontaktkleber zu behandeln \u2013 es sind keine speziellen Aush\u00e4rtungszyklen erforderlich.<\/p>\n<p>Grundlegende Regeln f\u00fcr die Verwendung von Hochtemperatur-Kontaktklebstoffen<\/p>\n<p>Lagerung und Zubereitung: Das Fass dicht verschlossen bei einer Temperatur von 15\u201325 \u00b0C lagern. Vor Gebrauch sch\u00fctteln oder gr\u00fcndlich mischen.<\/p>\n<p>Vorbereitung der Oberfl\u00e4che: Entfernen Sie Schaumreste und Staub. Der Untergrund muss trocken, sauber und stabil sein.<\/p>\n<p>Beidseitiges Auftragen: Der Kontaktkleber muss gleichm\u00e4\u00dfig auf beiden Oberfl\u00e4chen verteilt werden \u2013 sowohl auf der Innenverkleidung als auch auf dem Stoff.<\/p>\n<p>Verbrauch: Der ungef\u00e4hre Verbrauch betr\u00e4gt 0,5\u20131 l pro Laufmeter Dachfl\u00e4che. Aus einer Entfernung von 40\u201350 cm spr\u00fchen und dabei die Spritzpistole in gleichm\u00e4\u00dfigen, \u00fcberlappenden Bahnen f\u00fchren.<\/p>\n<p>Offene Zeit: Warten Sie, bis der Klebstoff klebrig wird, aber beim Ber\u00fchren mit dem Finger keine F\u00e4den zieht.<\/p>\n<p>Verbinden und Andr\u00fccken: Verbinden Sie die Elemente nur einmal. Leicht andr\u00fccken oder walzen \u2013 eine sp\u00e4tere Neupositionierung ist nicht m\u00f6glich.<\/p>\n<p>Aush\u00e4rtungszeit: Die fertige Platte sollte vor dem Einbau im Fahrzeuginneren mindestens 12 Stunden lang flach (mit der geklebten Seite nach oben) an einem k\u00fchlen Ort liegen.<\/p>\n<p>Sicherheit: F\u00fcr gute Bel\u00fcftung sorgen und beim Spr\u00fchen die \u00fcblichen pers\u00f6nlichen Schutzma\u00dfnahmen beachten.<\/p>\n<p>&nbsp;<\/p>\n<p><strong data-start=\"413\" data-end=\"427\">Hersteller:<\/strong><\/p>\n<p>Paniker S.L.U.<br data-start=\"479\" data-end=\"482\" \/>Crta. Santa Creu de Calafell, 68,<br data-start=\"515\" data-end=\"518\" \/>08830 Sant Boi de Llobregat (Barcelona), Spanien<\/p>\n<p><strong>Informationen zu Gefahren\u00a0<\/strong><\/p>\n<ul>\n<li>Hinweis: Das Produkt ist f\u00fcr den professionellen Gebrauch bestimmt.<\/li>\n<li>M\u00f6gliche Gefahren<\/li>\n<li>Das Produkt kann Haut- und Augenreizungen verursachen.<\/li>\n<li>Das langfristige Einatmen der D\u00e4mpfe kann gesundheitssch\u00e4dlich sein und zu Schl\u00e4frigkeit oder Schwindel f\u00fchren.<\/li>\n<li>Enth\u00e4lt brennbare L\u00f6sungsmittel \u2013 bei Kontakt mit Feuer oder Funken besteht Brandgefahr.<\/li>\n<li>Vorsichtsma\u00dfnahmen<\/li>\n<li>Nur in gut bel\u00fcfteten R\u00e4umen verwenden.<\/li>\n<li>Kontakt mit Augen und Haut vermeiden \u2013 Schutzhandschuhe und Schutzbrille tragen.<\/li>\n<li>Nicht rauchen und von offenen Flammen, Funken und hei\u00dfen Oberfl\u00e4chen fernhalten.<\/li>\n<li>In der Originalverpackung, dicht verschlossen, an einem k\u00fchlen und trockenen Ort aufbewahren.<\/li>\n<li>Au\u00dferhalb der Reichweite von Kindern aufbewahren.<\/li>\n<li>Weitere Informationen<\/li>\n<li>Produkt unterliegt den Bestimmungen der REACH- und CLP-Verordnungen (EG 1272\/2008).<\/li>\n<li>Sicherheitsdatenblatt (SDS) auf Anfrage beim Hersteller erh\u00e4ltlich.<\/li>\n<\/ul>\n<p>&nbsp;<\/p>","protected":false},"excerpt":{"rendered":"<p>Spezialkleber f\u00fcr Fahrzeuginnenverkleidungen PANIKER \u2013 hochtemperaturbest\u00e4ndiger Klebstoff \u2013 Klebstoff mit extrem hoher Klebkraft, \u00fcberall dort, wo herk\u00f6mmliche Klebstoffe versagen \u2013 zur Verwendung in der Automobilindustrie zum Einkleben von Fahrzeuginnenhimmeln \u2013 Auftragung mit einer Spritzpistole \u2013 hochtemperaturbest\u00e4ndig bis + 130 Grad Celsius \u2013 Inhalt 5 l   Spritzparameter:\u2026<\/p>","protected":false},"featured_media":1653,"comment_status":"open","ping_status":"closed","template":"","meta":{"_acf_changed":false,"_kad_blocks_custom_css":"","_kad_blocks_head_custom_js":"","_kad_blocks_body_custom_js":"","_kad_blocks_footer_custom_js":"","_kad_post_transparent":"default","_kad_post_title":"","_kad_post_layout":"default","_kad_post_sidebar_id":"","_kad_post_content_style":"default","_kad_post_vertical_padding":"default","_kad_post_feature":"","_kad_post_feature_position":"","_kad_post_header":false,"_kad_post_footer":false,"_kad_post_classname":""},"product_brand":[92],"product_cat":[80],"product_tag":[],"class_list":{"0":"post-1652","1":"product","2":"type-product","3":"status-publish","4":"has-post-thumbnail","6":"product_brand-paniker","7":"product_cat-kleje-do-podsufitek-samochodowych","9":"first","10":"instock","11":"shipping-taxable","12":"purchasable","13":"product-type-simple","14":"entry","15":"content-bg","16":"loop-entry"},"acf":[],"taxonomy_info":{"product_brand":[{"value":92,"label":"PANIKER"}],"product_cat":[{"value":80,"label":"KLEJE"}]},"featured_image_src_large":["https:\/\/modeco-sklep.pl\/wp-content\/uploads\/2025\/06\/paniker-sonocel-1-1024x1024.jpg",1024,1024,true],"author_info":[],"comment_info":0,"_links":{"self":[{"href":"https:\/\/modeco-sklep.pl\/de\/wp-json\/wp\/v2\/product\/1652","targetHints":{"allow":["GET"]}}],"collection":[{"href":"https:\/\/modeco-sklep.pl\/de\/wp-json\/wp\/v2\/product"}],"about":[{"href":"https:\/\/modeco-sklep.pl\/de\/wp-json\/wp\/v2\/types\/product"}],"replies":[{"embeddable":true,"href":"https:\/\/modeco-sklep.pl\/de\/wp-json\/wp\/v2\/comments?post=1652"}],"wp:featuredmedia":[{"embeddable":true,"href":"https:\/\/modeco-sklep.pl\/de\/wp-json\/wp\/v2\/media\/1653"}],"wp:attachment":[{"href":"https:\/\/modeco-sklep.pl\/de\/wp-json\/wp\/v2\/media?parent=1652"}],"wp:term":[{"taxonomy":"product_brand","embeddable":true,"href":"https:\/\/modeco-sklep.pl\/de\/wp-json\/wp\/v2\/product_brand?post=1652"},{"taxonomy":"product_cat","embeddable":true,"href":"https:\/\/modeco-sklep.pl\/de\/wp-json\/wp\/v2\/product_cat?post=1652"},{"taxonomy":"product_tag","embeddable":true,"href":"https:\/\/modeco-sklep.pl\/de\/wp-json\/wp\/v2\/product_tag?post=1652"}],"curies":[{"name":"wp","href":"https:\/\/api.w.org\/{rel}","templated":true}]}}