{"id":1422,"date":"2025-06-12T18:08:22","date_gmt":"2025-06-12T18:08:22","guid":{"rendered":"https:\/\/modeco.mywebwork.net\/produkt\/podsufitka-8k351-bezowy-audi-skoda\/"},"modified":"2026-02-04T15:01:45","modified_gmt":"2026-02-04T14:01:45","slug":"dachhimmel-8k351-beige-audi-skoda","status":"publish","type":"product","link":"https:\/\/modeco-sklep.pl\/de\/podsufitka-8k351-bezowy-audi-skoda\/","title":{"rendered":"DACHHIMMEL 8K351 BEIGE AUDI VW SKODA"},"content":{"rendered":"<p data-start=\"60\" data-end=\"97\"><strong data-start=\"60\" data-end=\"97\">Automobilstoff f\u00fcr Dachhimmel<\/strong><\/p>\n<p data-start=\"99\" data-end=\"315\">Wir bieten hochwertige Autostoffe zum Bekleben von Dachhimmeln an. Unsere Materialien stammen von renommierten europ\u00e4ischen Herstellern, die Stoffe f\u00fcr f\u00fchrende Automobilkonzerne liefern.<\/p>\n<p data-start=\"317\" data-end=\"346\"><strong data-start=\"317\" data-end=\"346\">Produktmerkmale:<\/strong><\/p>\n<ul data-start=\"347\" data-end=\"506\">\n<li data-start=\"347\" data-end=\"405\">\n<p data-start=\"349\" data-end=\"405\">Material der OEM-Klasse (erste Wahl) \u2013 h\u00f6chste Qualit\u00e4t<\/p>\n<\/li>\n<li data-start=\"406\" data-end=\"447\">\n<p data-start=\"408\" data-end=\"447\">Mit ca. 3\u20134 mm dickem Schaumstoff laminiert<\/p>\n<\/li>\n<li data-start=\"448\" data-end=\"478\">\n<p data-start=\"450\" data-end=\"478\">Flexibel und leicht zu verarbeiten<\/p>\n<\/li>\n<li data-start=\"479\" data-end=\"506\">\n<p data-start=\"481\" data-end=\"506\">Breite: ca. 150\u2013155 cm<\/p>\n<\/li>\n<\/ul>\n<p data-start=\"508\" data-end=\"533\"><strong data-start=\"508\" data-end=\"533\">Zus\u00e4tzliche Informationen:<\/strong><\/p>\n<ul data-start=\"534\" data-end=\"673\">\n<li data-start=\"534\" data-end=\"581\">\n<p data-start=\"536\" data-end=\"581\">Der Preis gilt f\u00fcr 1 Laufmeter (100 \u00d7 150 cm).<\/p>\n<\/li>\n<li data-start=\"582\" data-end=\"673\">\n<p data-start=\"584\" data-end=\"673\">Bei gr\u00f6\u00dferen Bestellmengen wird das Material (soweit m\u00f6glich) in einem St\u00fcck versandt.<\/p>\n<\/li>\n<\/ul>\n<p data-start=\"675\" data-end=\"854\"><strong data-start=\"675\" data-end=\"685\">Wichtig:<\/strong><br data-start=\"685\" data-end=\"688\" \/>F\u00fcr die Montage des Stoffes empfehlen wir die Verwendung von speziellen, hochtemperaturbest\u00e4ndigen Karosserieklebern. Verwenden Sie keine handels\u00fcblichen Polsterkleber.<\/p>\n<p>&nbsp;<\/p>\n<h3 style=\"margin: 18px 0px; text-align: left; color: #444444; text-transform: none; line-height: 24px; text-indent: 0px; letter-spacing: normal; font-size: 24px; font-style: normal; font-variant: normal; font-weight: 500; text-decoration: none; word-spacing: 0px; display: block; white-space: normal; box-sizing: border-box; orphans: 2; -webkit-text-stroke-width: 0px; background-color: transparent;\"><\/h3>","protected":false},"excerpt":{"rendered":"<p>Autosteppstoff f\u00fcr Dachhimmel Wir bieten hochwertige Autosteppstoffe zum Verkleiden von Dachhimmeln an. Unsere Materialien stammen von renommierten europ\u00e4ischen Herstellern, die Stoffe f\u00fcr f\u00fchrende Automobilkonzerne liefern. Produkteigenschaften: OEM-Material (erste Wahl) \u2013 h\u00f6chste Qualit\u00e4t Mit ca. 3\u20134 mm dickem Schaum laminiert Flexibel und leicht zu verarbeiten Breite: ca. 150\u2013155 cm Weitere Informationen: Preis\u2026<\/p>","protected":false},"featured_media":7463,"comment_status":"closed","ping_status":"closed","template":"","meta":{"_acf_changed":false,"_kad_blocks_custom_css":"","_kad_blocks_head_custom_js":"","_kad_blocks_body_custom_js":"","_kad_blocks_footer_custom_js":"","_kad_post_transparent":"default","_kad_post_title":"","_kad_post_layout":"default","_kad_post_sidebar_id":"","_kad_post_content_style":"default","_kad_post_vertical_padding":"default","_kad_post_feature":"","_kad_post_feature_position":"","_kad_post_header":false,"_kad_post_footer":false,"_kad_post_classname":""},"product_brand":[17],"product_cat":[33],"product_tag":[],"class_list":{"0":"post-1422","1":"product","2":"type-product","3":"status-publish","4":"has-post-thumbnail","6":"product_brand-modeco","7":"product_cat-tkaniny-dedykowane-oem","9":"first","10":"instock","11":"purchasable","12":"product-type-simple","13":"entry","14":"content-bg","15":"loop-entry"},"acf":[],"taxonomy_info":{"product_brand":[{"value":17,"label":"MODECO"}],"product_cat":[{"value":33,"label":"TKANINY DEDYKOWANE OEM"}]},"featured_image_src_large":["https:\/\/modeco-sklep.pl\/wp-content\/uploads\/2025\/06\/20260204_143129j-1024x768.jpg",1024,768,true],"author_info":[],"comment_info":0,"_links":{"self":[{"href":"https:\/\/modeco-sklep.pl\/de\/wp-json\/wp\/v2\/product\/1422","targetHints":{"allow":["GET"]}}],"collection":[{"href":"https:\/\/modeco-sklep.pl\/de\/wp-json\/wp\/v2\/product"}],"about":[{"href":"https:\/\/modeco-sklep.pl\/de\/wp-json\/wp\/v2\/types\/product"}],"replies":[{"embeddable":true,"href":"https:\/\/modeco-sklep.pl\/de\/wp-json\/wp\/v2\/comments?post=1422"}],"wp:featuredmedia":[{"embeddable":true,"href":"https:\/\/modeco-sklep.pl\/de\/wp-json\/wp\/v2\/media\/7463"}],"wp:attachment":[{"href":"https:\/\/modeco-sklep.pl\/de\/wp-json\/wp\/v2\/media?parent=1422"}],"wp:term":[{"taxonomy":"product_brand","embeddable":true,"href":"https:\/\/modeco-sklep.pl\/de\/wp-json\/wp\/v2\/product_brand?post=1422"},{"taxonomy":"product_cat","embeddable":true,"href":"https:\/\/modeco-sklep.pl\/de\/wp-json\/wp\/v2\/product_cat?post=1422"},{"taxonomy":"product_tag","embeddable":true,"href":"https:\/\/modeco-sklep.pl\/de\/wp-json\/wp\/v2\/product_tag?post=1422"}],"curies":[{"name":"wp","href":"https:\/\/api.w.org\/{rel}","templated":true}]}}