{"id":1421,"date":"2025-06-12T18:08:22","date_gmt":"2025-06-12T18:08:22","guid":{"rendered":"https:\/\/modeco.mywebwork.net\/produkt\/podsufitka-8k254-jasny-szary-ze-struktura\/"},"modified":"2026-02-16T09:56:59","modified_gmt":"2026-02-16T08:56:59","slug":"dachhimmel-8k254-hellgrau-mit-struktur","status":"publish","type":"product","link":"https:\/\/modeco-sklep.pl\/de\/podsufitka-8k254-jasny-szary-ze-struktura\/","title":{"rendered":"DECKENVERKLEIDUNG 8K254 HELLGRAU"},"content":{"rendered":"<h2><b>AUTOSTOFF F\u00dcR DIE DECKENVERKLEIDUNG \u00a0<\/b><\/h2>\n<p>Die von uns angebotenen Stoffe f\u00fcr Fahrzeuginnenverkleidungen stammen aus den gr\u00f6\u00dften europ\u00e4ischen Fabriken, die Materialien f\u00fcr Automobilkonzerne herstellen.<\/p>\n<p>Die Materialien zeichnen sich durch eine sehr gute Qualit\u00e4t aus (OEM \u2013 erste Wahl).<br \/>\nDie Materialien werden auf einem speziellen Schwamm mit einer Dicke von ca. 3-4 mm laminiert.<br \/>\nDie Materialien sind flexibel und leicht zu verarbeiten.<br \/>\nBreite des Stoffes: 150 cm<\/p>\n<p>Der Preis gilt f\u00fcr 1 laufenden Meter (100 x 150cm)<br \/>\nBeim Kauf mehrerer Meter versuchen wir, das Material in einem St\u00fcck zu versenden.<\/p>\n<p>Spezialkleber, best\u00e4ndig gegen hohe Temperaturen, erh\u00e4ltlich in unserem Shop<\/p>\n<p>&nbsp;<\/p>","protected":false},"excerpt":{"rendered":"<p>AUTOSTOFF F\u00dcR DIE DECKENVERKLEIDUNG Die von uns angebotenen Stoffe f\u00fcr die Deckenverkleidung von Autos stammen aus den gr\u00f6\u00dften europ\u00e4ischen Fabriken, die Materialien f\u00fcr Automobilkonzerne herstellen. Die Materialien zeichnen sich durch eine sehr gute Qualit\u00e4t aus (OEM \u2013 erste Wahl). Die Materialien werden auf einen speziellen Schaumstoff mit einer Dicke von ca. 3-4 mm laminiert. Die Materialien sind elastisch und leicht zu verarbeiten. Materialbreite: 150 cm Der Preis gilt f\u00fcr\u2026<\/p>","protected":false},"featured_media":1011,"comment_status":"closed","ping_status":"closed","template":"","meta":{"_acf_changed":false,"_kad_blocks_custom_css":"","_kad_blocks_head_custom_js":"","_kad_blocks_body_custom_js":"","_kad_blocks_footer_custom_js":"","_kad_post_transparent":"default","_kad_post_title":"","_kad_post_layout":"default","_kad_post_sidebar_id":"","_kad_post_content_style":"default","_kad_post_vertical_padding":"default","_kad_post_feature":"","_kad_post_feature_position":"","_kad_post_header":false,"_kad_post_footer":false,"_kad_post_classname":""},"product_brand":[17],"product_cat":[33],"product_tag":[],"class_list":{"0":"post-1421","1":"product","2":"type-product","3":"status-publish","4":"has-post-thumbnail","6":"product_brand-modeco","7":"product_cat-tkaniny-dedykowane-oem","9":"first","10":"instock","11":"purchasable","12":"product-type-simple","13":"entry","14":"content-bg","15":"loop-entry"},"acf":[],"taxonomy_info":{"product_brand":[{"value":17,"label":"MODECO"}],"product_cat":[{"value":33,"label":"TKANINY DEDYKOWANE OEM"}]},"featured_image_src_large":["https:\/\/modeco-sklep.pl\/wp-content\/uploads\/2025\/06\/8k254-scaled-1024x683.jpg",1024,683,true],"author_info":[],"comment_info":0,"_links":{"self":[{"href":"https:\/\/modeco-sklep.pl\/de\/wp-json\/wp\/v2\/product\/1421","targetHints":{"allow":["GET"]}}],"collection":[{"href":"https:\/\/modeco-sklep.pl\/de\/wp-json\/wp\/v2\/product"}],"about":[{"href":"https:\/\/modeco-sklep.pl\/de\/wp-json\/wp\/v2\/types\/product"}],"replies":[{"embeddable":true,"href":"https:\/\/modeco-sklep.pl\/de\/wp-json\/wp\/v2\/comments?post=1421"}],"wp:featuredmedia":[{"embeddable":true,"href":"https:\/\/modeco-sklep.pl\/de\/wp-json\/wp\/v2\/media\/1011"}],"wp:attachment":[{"href":"https:\/\/modeco-sklep.pl\/de\/wp-json\/wp\/v2\/media?parent=1421"}],"wp:term":[{"taxonomy":"product_brand","embeddable":true,"href":"https:\/\/modeco-sklep.pl\/de\/wp-json\/wp\/v2\/product_brand?post=1421"},{"taxonomy":"product_cat","embeddable":true,"href":"https:\/\/modeco-sklep.pl\/de\/wp-json\/wp\/v2\/product_cat?post=1421"},{"taxonomy":"product_tag","embeddable":true,"href":"https:\/\/modeco-sklep.pl\/de\/wp-json\/wp\/v2\/product_tag?post=1421"}],"curies":[{"name":"wp","href":"https:\/\/api.w.org\/{rel}","templated":true}]}}