{"id":1412,"date":"2025-06-12T18:08:15","date_gmt":"2025-06-12T18:08:15","guid":{"rendered":"https:\/\/modeco.mywebwork.net\/produkt\/podsufitka-k878-szary-z-wyrazna-struktura\/"},"modified":"2025-06-15T07:20:15","modified_gmt":"2025-06-15T07:20:15","slug":"deckenverkleidung-k878-grau-mit-deutlicher-struktur","status":"publish","type":"product","link":"https:\/\/modeco-sklep.pl\/de\/podsufitka-k878-szary-z-wyrazna-struktura\/","title":{"rendered":"DECKENVERKLEIDUNG K878 GRAU MIT DEUTLICHER STRUKTUR"},"content":{"rendered":"<h2><span style=\"font-size:11pt\"><span style=\"line-height:normal\"><span style=\"font-family:\"><b><span style=\"font-size:12.0pt\"><span new=\"New\" style=\"font-family:\"><span style=\"color:#444444\">AUTOSTOFF F\u00dcR DIE DECKENVERKLEIDUNG \u00a0<\/span><\/span><\/span><\/b><\/span><\/span><\/span><\/p>\n<p><span style=\"font-size:11pt\"><span style=\"line-height:normal\"><span style=\"font-family:\"><span style=\"font-size:12.0pt\"><span new=\"New\" style=\"font-family:\"><span style=\"color:#444444\">Die von uns angebotenen Stoffe f\u00fcr Fahrzeuginnenverkleidungen stammen aus den gr\u00f6\u00dften europ\u00e4ischen Fabriken, die Materialien f\u00fcr Automobilkonzerne herstellen.<\/p>\n<p>Farbe: Grau<\/p>\n<p>Das Material ist auch in einer Version ohne Schwamm erh\u00e4ltlich \u2013 zur Verwendung an Pfosten und Schiebedachblenden. <a href=\"http:\/\/modeco-sklep.pl\/de\/podsufitka-slim-b05-szara-bmw-e36-e38-e39-p-5076.html\/\">HIER<\/a><\/span><\/span><\/span><\/span><\/span><\/span><\/p>\n<p><span style=\"font-size:11pt\"><span style=\"line-height:normal\"><span style=\"font-family:\"><span style=\"font-size:12.0pt\"><span new=\"New\" style=\"font-family:\"><span style=\"color:#444444\">Die Materialien zeichnen sich durch eine sehr gute Qualit\u00e4t aus (OEM \u2013 erste Wahl).<\/span><\/span><\/span><\/span><\/span><\/span><br \/><span style=\"font-size:11pt\"><span style=\"line-height:normal\"><span style=\"font-family:\"><span style=\"font-size:12.0pt\"><span new=\"New\" style=\"font-family:\"><span style=\"color:#444444\">Die Materialien werden auf einem speziellen Schwamm mit einer Dicke von ca. 3-4 mm laminiert.<\/span><\/span><\/span><\/span><\/span><\/span><br \/><span style=\"font-size:11pt\"><span style=\"line-height:normal\"><span style=\"font-family:\"><span style=\"font-size:12.0pt\"><span new=\"New\" style=\"font-family:\"><span style=\"color:#444444\">Die Materialien sind flexibel und leicht zu verarbeiten.<\/span><\/span><\/span><\/span><\/span><\/span><br \/><span style=\"font-size:11pt\"><span style=\"line-height:normal\"><span style=\"font-family:\"><span style=\"font-size:12.0pt\"><span new=\"New\" style=\"font-family:\"><span style=\"color:#444444\">Breite des Stoffes: 150 cm<\/span><\/span><\/span><\/span><\/span><\/span><\/p>\n<p><span style=\"font-size:11pt\"><span style=\"line-height:normal\"><span style=\"font-family:\"><span style=\"font-size:12.0pt\"><span new=\"New\" style=\"font-family:\"><span style=\"color:#444444\">Der Preis gilt f\u00fcr 1 laufenden Meter (100 x 150cm)<\/span><\/span><\/span><\/span><\/span><\/span><br \/><span style=\"font-size:11pt\"><span style=\"line-height:normal\"><span style=\"font-family:\"><span style=\"font-size:12.0pt\"><span new=\"New\" style=\"font-family:\"><span style=\"color:#444444\">Beim Kauf mehrerer Meter versuchen wir, das Material in einem St\u00fcck zu versenden.<\/span><\/span><\/span><\/span><\/span><\/span><\/p>\n<p><span style=\"font-size:11pt\"><span style=\"line-height:normal\"><span style=\"font-family:\"><span style=\"font-size:12.0pt\"><span new=\"New\" style=\"font-family:\"><span style=\"color:#444444\">Spezialkleber, best\u00e4ndig gegen hohe Temperaturen, erh\u00e4ltlich in unserem Shop<\/span><\/span><\/span><\/span><\/span><\/span><\/h2>\n<h3 style=\"margin: 18px 0px; text-align: left; color: rgb(68, 68, 68); text-transform: none; line-height: 24px; text-indent: 0px; letter-spacing: normal; font-size: 24px; font-style: normal; font-variant: normal; font-weight: 500; text-decoration: none; word-spacing: 0px; display: block; white-space: normal; box-sizing: border-box; orphans: 2; -webkit-text-stroke-width: 0px; background-color: transparent;\">\u00a0<\/h3>","protected":false},"excerpt":{"rendered":"<p>AUTOSTOFF F\u00dcR DIE DECKENVERKLEIDUNG   Die von uns angebotenen Stoffe f\u00fcr die Deckenverkleidung von Autos stammen aus den gr\u00f6\u00dften europ\u00e4ischen Fabriken, die Materialien f\u00fcr Automobilkonzerne herstellen. Farbe: Grau Der Stoff ist auch in einer Version ohne Schaumstoff erh\u00e4ltlich \u2013 zur Verwendung an S\u00e4ulen und Schiebedachblenden \u2013 HIER Die Stoffe zeichnen sich durch eine sehr gute Qualit\u00e4t aus (OEM \u2013 erste Wahl). Die Stoffe werden auf einer speziellen\u2026<\/p>","protected":false},"featured_media":1002,"comment_status":"closed","ping_status":"closed","template":"","meta":{"_acf_changed":false,"_kad_blocks_custom_css":"","_kad_blocks_head_custom_js":"","_kad_blocks_body_custom_js":"","_kad_blocks_footer_custom_js":"","_kad_post_transparent":"","_kad_post_title":"","_kad_post_layout":"","_kad_post_sidebar_id":"","_kad_post_content_style":"","_kad_post_vertical_padding":"","_kad_post_feature":"","_kad_post_feature_position":"","_kad_post_header":false,"_kad_post_footer":false,"_kad_post_classname":""},"product_brand":[17],"product_cat":[39,18],"product_tag":[],"class_list":{"0":"post-1412","1":"product","2":"type-product","3":"status-publish","4":"has-post-thumbnail","6":"product_brand-modeco","7":"product_cat-tkaniny-kolekcja-regularna","8":"product_cat-tkaniny-na-podsufitki-samochodowe","10":"first","11":"instock","12":"purchasable","13":"product-type-simple","14":"entry","15":"content-bg","16":"loop-entry"},"acf":[],"taxonomy_info":{"product_brand":[{"value":17,"label":"MODECO"}],"product_cat":[{"value":39,"label":"TKANINY - KOLEKCJA REGULARNA"},{"value":18,"label":"TKANINY NA PODSUFITKI"}]},"featured_image_src_large":["https:\/\/modeco-sklep.pl\/wp-content\/uploads\/2025\/06\/k878-scaled-1024x683.jpg",1024,683,true],"author_info":[],"comment_info":0,"_links":{"self":[{"href":"https:\/\/modeco-sklep.pl\/de\/wp-json\/wp\/v2\/product\/1412","targetHints":{"allow":["GET"]}}],"collection":[{"href":"https:\/\/modeco-sklep.pl\/de\/wp-json\/wp\/v2\/product"}],"about":[{"href":"https:\/\/modeco-sklep.pl\/de\/wp-json\/wp\/v2\/types\/product"}],"replies":[{"embeddable":true,"href":"https:\/\/modeco-sklep.pl\/de\/wp-json\/wp\/v2\/comments?post=1412"}],"wp:featuredmedia":[{"embeddable":true,"href":"https:\/\/modeco-sklep.pl\/de\/wp-json\/wp\/v2\/media\/1002"}],"wp:attachment":[{"href":"https:\/\/modeco-sklep.pl\/de\/wp-json\/wp\/v2\/media?parent=1412"}],"wp:term":[{"taxonomy":"product_brand","embeddable":true,"href":"https:\/\/modeco-sklep.pl\/de\/wp-json\/wp\/v2\/product_brand?post=1412"},{"taxonomy":"product_cat","embeddable":true,"href":"https:\/\/modeco-sklep.pl\/de\/wp-json\/wp\/v2\/product_cat?post=1412"},{"taxonomy":"product_tag","embeddable":true,"href":"https:\/\/modeco-sklep.pl\/de\/wp-json\/wp\/v2\/product_tag?post=1412"}],"curies":[{"name":"wp","href":"https:\/\/api.w.org\/{rel}","templated":true}]}}