{"id":1372,"date":"2025-06-12T18:08:00","date_gmt":"2025-06-12T18:08:00","guid":{"rendered":"https:\/\/modeco.mywebwork.net\/produkt\/3d-carbon-black-rs-3-design-nic-zolta\/"},"modified":"2025-09-22T22:25:47","modified_gmt":"2025-09-22T20:25:47","slug":"3d-carbon-black-rs-3-design-nic-zolta","status":"publish","type":"product","link":"https:\/\/modeco-sklep.pl\/de\/3d-carbon-black-rs-3-design-nic-zolta\/","title":{"rendered":"3D CARBON BLACK \u2013 RS-3 DESIGN \/ GELBER FADEN"},"content":{"rendered":"<div class=\"widoczna tz_opis GlownyOpisProduktu\">\n<h3>VINYL CARBON 3D \u2013 hochwertiger M\u00f6belstoff<\/h3>\n<p>VINYL CARBON 3D ist ein beschichtetes Gewebe, das sich ideal f\u00fcr die Polsterung von Autos, einschlie\u00dflich Sitzen und T\u00fcrverkleidungen, eignet.<\/p>\n<h4><strong>Produktmerkmale:<\/strong><\/h4>\n<p>\u2714 Hochwertiges Material vom Typ CARBON 3D<br \/>\n\u2714 Laminiert auf 4 mm dickem Schaumstoff<br \/>\n\u2714 Farbe: schwarz<\/p>\n<h4><strong>Details:<\/strong><\/h4>\n<p>Wenn Sie 1 St\u00fcck kaufen, erhalten Sie 1 Laufmeter Stoff (100 cm x 137 cm).<br \/>\nMaterialbreite: 137 cm<\/p>\n<\/div>","protected":false},"excerpt":{"rendered":"<p>VINYL CARBON 3D \u2013 hochwertiger Bezugsstoff VINYL CARBON 3D ist ein beschichteter Stoff, der sich ideal f\u00fcr die Polsterung von Autos, einschlie\u00dflich Sitzen und T\u00fcrverkleidungen, eignet. Produkteigenschaften: \u2714 Hochwertiges Material vom Typ CARBON 3D \u2714 Laminiert auf 4 mm dickem Schaumstoff \u2714 Farbe: schwarz Details: Beim Kauf von 1 St\u00fcck erhalten Sie 1 Laufmeter Stoff (100 cm x\u2026<\/p>","protected":false},"featured_media":905,"comment_status":"closed","ping_status":"closed","template":"","meta":{"_acf_changed":false,"_kad_blocks_custom_css":"","_kad_blocks_head_custom_js":"","_kad_blocks_body_custom_js":"","_kad_blocks_footer_custom_js":"","_kad_post_transparent":"","_kad_post_title":"","_kad_post_layout":"","_kad_post_sidebar_id":"","_kad_post_content_style":"","_kad_post_vertical_padding":"","_kad_post_feature":"","_kad_post_feature_position":"","_kad_post_header":false,"_kad_post_footer":false,"_kad_post_classname":""},"product_brand":[17],"product_cat":[45],"product_tag":[],"class_list":{"0":"post-1372","1":"product","2":"type-product","3":"status-publish","4":"has-post-thumbnail","6":"product_brand-modeco","7":"product_cat-skory-syntetyczne-pikowane-tkaniny-pikowane","9":"first","10":"instock","11":"purchasable","12":"product-type-simple","13":"entry","14":"content-bg","15":"loop-entry"},"acf":[],"taxonomy_info":{"product_brand":[{"value":17,"label":"MODECO"}],"product_cat":[{"value":45,"label":"SK\u00d3RY SYNTETYCZNE PIKOWANE"}]},"featured_image_src_large":["https:\/\/modeco-sklep.pl\/wp-content\/uploads\/2025\/06\/20241012_141241-1024x683.jpg",1024,683,true],"author_info":[],"comment_info":0,"_links":{"self":[{"href":"https:\/\/modeco-sklep.pl\/de\/wp-json\/wp\/v2\/product\/1372","targetHints":{"allow":["GET"]}}],"collection":[{"href":"https:\/\/modeco-sklep.pl\/de\/wp-json\/wp\/v2\/product"}],"about":[{"href":"https:\/\/modeco-sklep.pl\/de\/wp-json\/wp\/v2\/types\/product"}],"replies":[{"embeddable":true,"href":"https:\/\/modeco-sklep.pl\/de\/wp-json\/wp\/v2\/comments?post=1372"}],"wp:featuredmedia":[{"embeddable":true,"href":"https:\/\/modeco-sklep.pl\/de\/wp-json\/wp\/v2\/media\/905"}],"wp:attachment":[{"href":"https:\/\/modeco-sklep.pl\/de\/wp-json\/wp\/v2\/media?parent=1372"}],"wp:term":[{"taxonomy":"product_brand","embeddable":true,"href":"https:\/\/modeco-sklep.pl\/de\/wp-json\/wp\/v2\/product_brand?post=1372"},{"taxonomy":"product_cat","embeddable":true,"href":"https:\/\/modeco-sklep.pl\/de\/wp-json\/wp\/v2\/product_cat?post=1372"},{"taxonomy":"product_tag","embeddable":true,"href":"https:\/\/modeco-sklep.pl\/de\/wp-json\/wp\/v2\/product_tag?post=1372"}],"curies":[{"name":"wp","href":"https:\/\/api.w.org\/{rel}","templated":true}]}}