{"id":1340,"date":"2025-06-12T18:07:53","date_gmt":"2025-06-12T18:07:53","guid":{"rendered":"https:\/\/modeco.mywebwork.net\/produkt\/klej-forch-k142-640g\/"},"modified":"2025-12-28T12:57:21","modified_gmt":"2025-12-28T11:57:21","slug":"kleber-forch-k142-640-g","status":"publish","type":"product","link":"https:\/\/modeco-sklep.pl\/de\/klej-forch-k142-640g\/","title":{"rendered":"Klebstoff FORCH K142 (640 g)"},"content":{"rendered":"<p><strong><span style=\"font-size: 20px;\">POLSTERKLEBER \u2013 F\u00dcR AUTOS  FORCH K142<\/span><\/strong><\/p>\n<p><span style=\"font-size: 16px;\">\u00a0\u2013 hochtemperaturbest\u00e4ndiger Klebstoff<\/span><\/p>\n<p><span style=\"font-size: 16px;\">\u00a0\u2013 Klebstoff mit extrem hoher Schnellklebkraft<\/span><\/p>\n<p><span style=\"font-size: 16px;\">\u2013 ideal f\u00fcr den Einsatz in der Automobilindustrie zum Verkleben von Dachhimmeln, Natur- und Kunstledern sowie Schaumstoffen<\/span><\/p>\n<p><span style=\"font-size: 16px;\">\u2013 schnell trocknender Klebstoff f\u00fcr leichte Materialien, der eine d\u00fcnne, farblose Schicht bildet<\/span><\/p>\n<p><span style=\"font-size: 16px;\">\u2013 Fassungsverm\u00f6gen 640 g<\/span><\/p>\n<p>\u2013 Spr\u00fch- oder Pinselauftrag<\/p>\n<div id=\"extra-1\" class=\"tab-pane fade in active\" role=\"tabpanel\" aria-expanded=\"true\">\n<div class=\"x13gpsr x13gpsr-shop-1 x13gpsr--displayProductExtraContent\">\n<p class=\"x13gpsr__title\"><strong>Hersteller<\/strong><\/p>\n<ul class=\"x13gpsr__list\">\n<li class=\"x13gpsr__item\">F. F\u00d6RCH GmbH &amp; Co. KG.<\/li>\n<li class=\"x13gpsr__item\">Theo-F\u00f6rch-Stra\u00dfe 11-15<\/li>\n<li class=\"x13gpsr__item\">74196 Neuenstadt<\/li>\n<li class=\"x13gpsr__item\">Deutschland<\/li>\n<li class=\"x13gpsr__item\"><a href=\"mailto:info@foerch.de\"> info@foerch.de <\/a><\/li>\n<li class=\"x13gpsr__item\">+49 7139 95-0<\/li>\n<\/ul>\n<div class=\"x13gpsr__informations\">\n<p><strong>Gefahr<\/strong><\/p>\n<p>H319 \u2013 Reizt die Augen. H336 \u2013 Kann Schl\u00e4frigkeit und Benommenheit verursachen. H412 \u2013 Sch\u00e4dlich f\u00fcr Wasserorganismen, mit langfristiger Wirkung. H222 \u2013 Extrem entz\u00fcndbares Aerosol. H229 \u2013 Beh\u00e4lter steht unter Druck: Erhitzen kann zu einer Explosion f\u00fchren.<\/p>\n<p>P210 \u2013 Von Hitze, hei\u00dfen Oberfl\u00e4chen, Funken, offenen Flammen und anderen Z\u00fcndquellen fernhalten. Nicht rauchen. P211 \u2013 Nicht gegen offene Flammen oder andere Z\u00fcndquellen spr\u00fchen. P251 \u2013 Auch nach Gebrauch nicht durchstechen oder verbrennen. P261-Einatmen von Spr\u00fchnebel vermeiden. P273-Freisetzung in die Umwelt vermeiden. P280-Augenschutz\/Gesichtsschutz tragen. P312-Bei Unwohlsein GIFTINFORMATIONSZENTRUM\/Arzt anrufen. P410+P412 \u2013 Vor Sonnenlicht sch\u00fctzen. Nicht Temperaturen \u00fcber 50 \u00b0C aussetzen.<\/p>\n<p>EUH066 \u2013 Wiederholter Kontakt kann zu trockener oder rissiger Haut f\u00fchren.<\/p>\n<p>Ohne ausreichende Bel\u00fcftung besteht die M\u00f6glichkeit der Bildung explosiver Gemische. Aceton Kohlenwasserstoffe, C6-C7, Isoalkane, Cycloalkane, &lt;5% n-Hexan<\/p>\n<\/div>\n<\/div>\n<\/div>","protected":false},"excerpt":{"rendered":"<p>POLSTERKLEBER \u2013 F\u00dcR AUTOMOBILE  FORCH K142  \u2013 hochtemperaturbest\u00e4ndiger Klebstoff \u00a0\u2013 Klebstoff mit extrem hoher Schnellklebkraft \u2013 ideal f\u00fcr den Einsatz in der Automobilindustrie zum Verkleben von Dachhimmeln, Natur- und Kunstledern, Schaumstoffen \u2013 schnell trocknender Klebstoff f\u00fcr leichte Materialien, der eine d\u00fcnne, farblose Schicht bildet \u2013 Inhalt 640 g \u2013 Spr\u00fch- oder Pinselauftrag Hersteller\u2026<\/p>","protected":false},"featured_media":2173,"comment_status":"closed","ping_status":"closed","template":"","meta":{"_acf_changed":false,"_kad_blocks_custom_css":"","_kad_blocks_head_custom_js":"","_kad_blocks_body_custom_js":"","_kad_blocks_footer_custom_js":"","_kad_post_transparent":"default","_kad_post_title":"","_kad_post_layout":"default","_kad_post_sidebar_id":"","_kad_post_content_style":"default","_kad_post_vertical_padding":"default","_kad_post_feature":"","_kad_post_feature_position":"","_kad_post_header":false,"_kad_post_footer":false,"_kad_post_classname":""},"product_brand":[21],"product_cat":[22,18],"product_tag":[],"class_list":{"0":"post-1340","1":"product","2":"type-product","3":"status-publish","4":"has-post-thumbnail","6":"product_brand-forch","7":"product_cat-klej-do-podsufitek","8":"product_cat-tkaniny-na-podsufitki-samochodowe","10":"first","11":"instock","12":"purchasable","13":"product-type-simple","14":"entry","15":"content-bg","16":"loop-entry"},"acf":[],"taxonomy_info":{"product_brand":[{"value":21,"label":"FORCH"}],"product_cat":[{"value":22,"label":"KLEJ DO PODSUFITEK"},{"value":18,"label":"TKANINY NA PODSUFITKI"}]},"featured_image_src_large":["https:\/\/modeco-sklep.pl\/wp-content\/uploads\/2025\/06\/c4ebced04563aa0c4e3b8b14ca2f-1-1024x683.jpeg",1024,683,true],"author_info":[],"comment_info":0,"_links":{"self":[{"href":"https:\/\/modeco-sklep.pl\/de\/wp-json\/wp\/v2\/product\/1340","targetHints":{"allow":["GET"]}}],"collection":[{"href":"https:\/\/modeco-sklep.pl\/de\/wp-json\/wp\/v2\/product"}],"about":[{"href":"https:\/\/modeco-sklep.pl\/de\/wp-json\/wp\/v2\/types\/product"}],"replies":[{"embeddable":true,"href":"https:\/\/modeco-sklep.pl\/de\/wp-json\/wp\/v2\/comments?post=1340"}],"wp:featuredmedia":[{"embeddable":true,"href":"https:\/\/modeco-sklep.pl\/de\/wp-json\/wp\/v2\/media\/2173"}],"wp:attachment":[{"href":"https:\/\/modeco-sklep.pl\/de\/wp-json\/wp\/v2\/media?parent=1340"}],"wp:term":[{"taxonomy":"product_brand","embeddable":true,"href":"https:\/\/modeco-sklep.pl\/de\/wp-json\/wp\/v2\/product_brand?post=1340"},{"taxonomy":"product_cat","embeddable":true,"href":"https:\/\/modeco-sklep.pl\/de\/wp-json\/wp\/v2\/product_cat?post=1340"},{"taxonomy":"product_tag","embeddable":true,"href":"https:\/\/modeco-sklep.pl\/de\/wp-json\/wp\/v2\/product_tag?post=1340"}],"curies":[{"name":"wp","href":"https:\/\/api.w.org\/{rel}","templated":true}]}}