{"id":1325,"date":"2025-06-12T18:07:46","date_gmt":"2025-06-12T18:07:46","guid":{"rendered":"https:\/\/modeco.mywebwork.net\/produkt\/lugano-champagne\/"},"modified":"2025-10-05T22:23:36","modified_gmt":"2025-10-05T20:23:36","slug":"lugano-champagner","status":"publish","type":"product","link":"https:\/\/modeco-sklep.pl\/de\/lugano-champagne\/","title":{"rendered":"LUGANO CHAMPAGNER"},"content":{"rendered":"<p><span style=\"font-size:18px;\"><span style=\"line-height:115%\"><span style=\"font-family:\">LUGANO \u2013 Kunstleder mit klassischer Oberfl\u00e4che<\/span><\/span><\/p>\n<p><span style=\"line-height:115%\"><span style=\"font-family:\">Material f\u00fcr viele Branchen<\/span><\/span><br \/><span style=\"line-height:115%\"><span style=\"font-family:\">F\u00fcr den Au\u00dfen- und Innenbereich.<\/span><\/span><br \/><span style=\"line-height:115%\"><span style=\"font-family:\">Ausgezeichnete Flecken- und Schmutzbest\u00e4ndigkeit<\/span><\/span><br \/><span style=\"line-height:115%\"><span style=\"font-family:\">Hohe Abriebfestigkeit<\/span><\/span><br \/><span style=\"line-height:115%\"><span style=\"font-family:\">100% wasserdicht<\/span><\/span><br \/><span style=\"line-height:115%\"><span style=\"font-family:\">Antibakteriell \/ antimykotisch<\/span><\/span><br \/><span style=\"line-height:115%\"><span style=\"font-family:\">Frei von Phthalaten<\/span><\/span><br \/><span style=\"line-height:115%\"><span style=\"font-family:\">Best\u00e4ndigkeit gegen Speichel, Schwei\u00df, Blut, Sonnen\u00f6le, Desinfektionsmittel, Blut, Urin<\/span><\/span><br \/><span style=\"line-height:115%\"><span style=\"font-family:\">UV-Best\u00e4ndigkeit<\/span><\/span><\/p>\n<p><span style=\"line-height:115%\"><span style=\"font-family:\">Materialbreite: 140 cm<\/span><\/span><br \/><span style=\"line-height:115%\"><span style=\"font-family:\">Zusammensetzung: 85% PVC, 5% CO, 10% PL<\/span><\/span><br \/><span style=\"line-height:115%\"><span style=\"font-family:\">Grammatur: 840 g\/m\u00b2 \u2013 UNI5114<\/span><\/span><\/p>\n<p><span style=\"line-height:115%\"><span style=\"font-family:\">Feuerhemmungszertifikate:<\/span><\/span><\/span><\/p>\n<ul>\n<li><span style=\"font-size:18px;\"><span style=\"line-height:115%\"><span style=\"font-family:\">\u00a0\u00a0\u00a0 EN 1021-1 \/ 2<\/span><\/span><\/span><\/li>\n<li><span style=\"font-size:18px;\"><span style=\"line-height:115%\"><span style=\"font-family:\">\u00a0\u00a0\u00a0 UNI-9175<\/span><\/span><\/span><\/li>\n<li><span style=\"font-size:18px;\"><span style=\"line-height:115%\"><span style=\"font-family:\">\u00a0\u00a0\u00a0 IMO 2010<\/span><\/span><\/span><\/li>\n<li><span style=\"font-size:18px;\"><span style=\"line-height:115%\"><span style=\"font-family:\">\u00a0\u00a0\u00a0 TB117-1<\/span><\/span><\/span><\/li>\n<li><span style=\"font-size:18px;\"><span style=\"line-height:115%\"><span style=\"font-family:\">\u00a0\u00a0\u00a0 NFPA260-1<\/span><\/span><\/span><\/li>\n<\/ul>\n<p><span style=\"font-size:18px;\"><span style=\"line-height:115%\"><span style=\"font-family:\">\u00a0\u00a0\u00a0<\/span><\/span><br \/><span style=\"line-height:115%\"><span style=\"font-family:\">Der Preis gilt f\u00fcr 1 Laufmeter (140 x 100 cm).<\/span><\/span><br \/><span style=\"line-height:115%\"><span style=\"font-family:\">Beim Kauf von mehreren Metern versenden wir das Material als Ganzes, wir schneiden es nicht zurecht.<\/span><\/span><\/span><br \/>\u00a0<\/p>","protected":false},"excerpt":{"rendered":"<p>LUGANO \u2013 Synthetisches Leder mit klassischer Oberfl\u00e4che Material f\u00fcr viele Bereiche geeignet F\u00fcr den Au\u00dfen- und Innenbereich.Hervorragende Flecken- und Schmutzbest\u00e4ndigkeit Hohe Abriebfestigkeit 100% wasserdicht Antibakteriell \/ antimykotisch Phthalatfrei Best\u00e4ndig gegen Speichel, Schwei\u00df, Blut, Sonnen\u00f6l, Desinfektionsmittel, Blut, Urin UV-best\u00e4ndig Materialbreite: 140 cm Zusammensetzung: 85% PVC, 5% CO, 10% PL Gewicht: 840 g\/m\u00b2 \u2013 UNI5114\u2026<\/p>","protected":false},"featured_media":848,"comment_status":"closed","ping_status":"closed","template":"","meta":{"_acf_changed":false,"_kad_blocks_custom_css":"","_kad_blocks_head_custom_js":"","_kad_blocks_body_custom_js":"","_kad_blocks_footer_custom_js":"","_kad_post_transparent":"","_kad_post_title":"","_kad_post_layout":"","_kad_post_sidebar_id":"","_kad_post_content_style":"","_kad_post_vertical_padding":"","_kad_post_feature":"","_kad_post_feature_position":"","_kad_post_header":false,"_kad_post_footer":false,"_kad_post_classname":""},"product_brand":[17],"product_cat":[157],"product_tag":[],"class_list":{"0":"post-1325","1":"product","2":"type-product","3":"status-publish","4":"has-post-thumbnail","6":"product_brand-modeco","7":"product_cat-lugano-skory-syntetyczne-vinyle","9":"first","10":"instock","11":"purchasable","12":"product-type-simple","13":"entry","14":"content-bg","15":"loop-entry"},"acf":[],"taxonomy_info":{"product_brand":[{"value":17,"label":"MODECO"}],"product_cat":[{"value":157,"label":"LUGANO"}]},"featured_image_src_large":["https:\/\/modeco-sklep.pl\/wp-content\/uploads\/2025\/06\/champagne-1024x683.jpg",1024,683,true],"author_info":[],"comment_info":0,"_links":{"self":[{"href":"https:\/\/modeco-sklep.pl\/de\/wp-json\/wp\/v2\/product\/1325","targetHints":{"allow":["GET"]}}],"collection":[{"href":"https:\/\/modeco-sklep.pl\/de\/wp-json\/wp\/v2\/product"}],"about":[{"href":"https:\/\/modeco-sklep.pl\/de\/wp-json\/wp\/v2\/types\/product"}],"replies":[{"embeddable":true,"href":"https:\/\/modeco-sklep.pl\/de\/wp-json\/wp\/v2\/comments?post=1325"}],"wp:featuredmedia":[{"embeddable":true,"href":"https:\/\/modeco-sklep.pl\/de\/wp-json\/wp\/v2\/media\/848"}],"wp:attachment":[{"href":"https:\/\/modeco-sklep.pl\/de\/wp-json\/wp\/v2\/media?parent=1325"}],"wp:term":[{"taxonomy":"product_brand","embeddable":true,"href":"https:\/\/modeco-sklep.pl\/de\/wp-json\/wp\/v2\/product_brand?post=1325"},{"taxonomy":"product_cat","embeddable":true,"href":"https:\/\/modeco-sklep.pl\/de\/wp-json\/wp\/v2\/product_cat?post=1325"},{"taxonomy":"product_tag","embeddable":true,"href":"https:\/\/modeco-sklep.pl\/de\/wp-json\/wp\/v2\/product_tag?post=1325"}],"curies":[{"name":"wp","href":"https:\/\/api.w.org\/{rel}","templated":true}]}}