{"id":1296,"date":"2025-06-12T18:07:40","date_gmt":"2025-06-12T18:07:40","guid":{"rendered":"https:\/\/modeco.mywebwork.net\/produkt\/grizzly-black\/"},"modified":"2025-07-06T23:52:52","modified_gmt":"2025-07-06T21:52:52","slug":"grizzly-schwarz","status":"publish","type":"product","link":"https:\/\/modeco-sklep.pl\/de\/grizzly-black\/","title":{"rendered":"GRIZZLY \u2013 SCHWARZ"},"content":{"rendered":"<p><span style=\"font-size: 18px;\"><span style=\"font-family: Arial;\"><span class=\"HwtZe\" lang=\"pl\"><span class=\"jCAhz JxVs2d ChMk0b\"><span class=\"ryNqvb\">LUXURI\u00d6SES SYNTHETISCHES LEDER F\u00dcR BESONDERE ANFORDERUNGEN<\/span><\/span><\/span><\/span><\/span><\/p>\n<p>Speziell f\u00fcr anspruchsvollste Polsteranwendungen entwickelt<br \/>\n<span class=\"jCAhz JxVs2d ChMk0b\"><span class=\"ryNqvb\">Hohe Best\u00e4ndigkeit gegen: Abrieb, UV-Licht, Flecken, wasserfest, schwer entflammbar,<br \/>\nAntimykotische und antibakterielle Wirkung<br \/>\nLeicht zu reinigen mit einem milden Reinigungsmittel und einem feuchten Tuch<br \/>\nEnth\u00e4lt keine sch\u00e4dlichen Substanzen |<\/span><\/span> <span class=\"jCAhz JxVs2d ChMk0b\"><span class=\"ryNqvb\">Enth\u00e4lt keine Phthalate. <\/span><\/span><br \/>\n<span class=\"jCAhz JxVs2d ChMk0b\"><span class=\"ryNqvb\">Hergestellt gem\u00e4\u00df der EU-Verordnung REACH ((EG) Nr. 1907\/2006)<\/span><\/span><\/p>\n<p>Zusammensetzung: 79% PVC, 21% CO<br \/>\nGewicht: 950 g\/m\u00b2<br \/>\nMartindale-Test: 150.000 Zyklen<br \/>\nAntibakteriell<br \/>\nSchwer entflammbar:<\/p>\n<p>FMVSS302<br \/>\nEN 1021-1+2<br \/>\nNFP92-503<br \/>\nKlassifizierung M2 BS 5852<br \/>\nKlassifizierung IMO 2010<br \/>\nFTC-Code Teil 8<br \/>\nUNI 9175 Klassifizierung 1.IM<\/p>\n<p><span style=\"font-size: 18px;\"><span style=\"font-family: Arial;\"><span style=\"line-height: 107%;\">Der Preis gilt f\u00fcr 1 Laufmeter (137 cm x 100 cm).<\/span><\/span><\/span><\/p>","protected":false},"excerpt":{"rendered":"<p>LUXURI\u00d6SES SYNTHETISCHES LEDER F\u00dcR BESONDERE ANFORDERUNGEN Speziell f\u00fcr anspruchsvollste Polsteranwendungen entwickelt Hohe Best\u00e4ndigkeit gegen: Abrieb, UV-Licht, Flecken, wasserabweisend, schwer entflammbar, Antimykotische und antibakterielle Wirkung Leicht zu reinigen mit einem milden Reinigungsmittel und einem feuchten Tuch Enth\u00e4lt keine sch\u00e4dlichen Substanzen | Enth\u00e4lt keine Phthalate. Hergestellt gem\u00e4\u00df der EU-Verordnung REACH ((EG) Nr. 1907\/2006) Zusammensetzung: 79% PVC, 21%\u2026<\/p>","protected":false},"featured_media":2055,"comment_status":"closed","ping_status":"closed","template":"","meta":{"_acf_changed":false,"_kad_blocks_custom_css":"","_kad_blocks_head_custom_js":"","_kad_blocks_body_custom_js":"","_kad_blocks_footer_custom_js":"","_kad_post_transparent":"","_kad_post_title":"","_kad_post_layout":"","_kad_post_sidebar_id":"","_kad_post_content_style":"","_kad_post_vertical_padding":"","_kad_post_feature":"","_kad_post_feature_position":"","_kad_post_header":false,"_kad_post_footer":false,"_kad_post_classname":""},"product_brand":[17],"product_cat":[74],"product_tag":[],"class_list":{"0":"post-1296","1":"product","2":"type-product","3":"status-publish","4":"has-post-thumbnail","6":"product_brand-modeco","7":"product_cat-grizzly","9":"first","10":"instock","11":"purchasable","12":"product-type-simple","13":"entry","14":"content-bg","15":"loop-entry"},"acf":[],"taxonomy_info":{"product_brand":[{"value":17,"label":"MODECO"}],"product_cat":[{"value":74,"label":"GRIZZLY"}]},"featured_image_src_large":["https:\/\/modeco-sklep.pl\/wp-content\/uploads\/2025\/06\/MARA-10019.jpg",1000,667,false],"author_info":[],"comment_info":0,"_links":{"self":[{"href":"https:\/\/modeco-sklep.pl\/de\/wp-json\/wp\/v2\/product\/1296","targetHints":{"allow":["GET"]}}],"collection":[{"href":"https:\/\/modeco-sklep.pl\/de\/wp-json\/wp\/v2\/product"}],"about":[{"href":"https:\/\/modeco-sklep.pl\/de\/wp-json\/wp\/v2\/types\/product"}],"replies":[{"embeddable":true,"href":"https:\/\/modeco-sklep.pl\/de\/wp-json\/wp\/v2\/comments?post=1296"}],"wp:featuredmedia":[{"embeddable":true,"href":"https:\/\/modeco-sklep.pl\/de\/wp-json\/wp\/v2\/media\/2055"}],"wp:attachment":[{"href":"https:\/\/modeco-sklep.pl\/de\/wp-json\/wp\/v2\/media?parent=1296"}],"wp:term":[{"taxonomy":"product_brand","embeddable":true,"href":"https:\/\/modeco-sklep.pl\/de\/wp-json\/wp\/v2\/product_brand?post=1296"},{"taxonomy":"product_cat","embeddable":true,"href":"https:\/\/modeco-sklep.pl\/de\/wp-json\/wp\/v2\/product_cat?post=1296"},{"taxonomy":"product_tag","embeddable":true,"href":"https:\/\/modeco-sklep.pl\/de\/wp-json\/wp\/v2\/product_tag?post=1296"}],"curies":[{"name":"wp","href":"https:\/\/api.w.org\/{rel}","templated":true}]}}