{"id":1259,"date":"2025-06-12T18:07:24","date_gmt":"2025-06-12T18:07:24","guid":{"rendered":"https:\/\/modeco.mywebwork.net\/produkt\/suede-rs-honeycomb-beige\/"},"modified":"2025-07-06T19:02:40","modified_gmt":"2025-07-06T17:02:40","slug":"wildleder-rs-wabenmuster-beige","status":"publish","type":"product","link":"https:\/\/modeco-sklep.pl\/de\/suede-rs-honeycomb-beige\/","title":{"rendered":"SUEDE RS HONEYCOMB BEIGE"},"content":{"rendered":"<p data-rm-block-id=\"block-1\">SUEDE RS EMBOSSED-STOFF<\/p>\n<p data-rm-block-id=\"block-2\"><strong>Eigenschaften:<\/strong><\/p>\n<ul>\n<li data-rm-block-id=\"block-3\">Weich im Griff<\/li>\n<li data-rm-block-id=\"block-4\">Atmungsaktiv<\/li>\n<li data-rm-block-id=\"block-5\">Luxuri\u00f6se Struktur<\/li>\n<li data-rm-block-id=\"block-6\">Hervorragende Haltbarkeit<\/li>\n<li data-rm-block-id=\"block-7\">Flexibel und leicht formbar<\/li>\n<li data-rm-block-id=\"block-8\">Komfortable Oberfl\u00e4chentemperatur, unabh\u00e4ngig von der Umgebungstemperatur<\/li>\n<li data-rm-block-id=\"block-9\">Einfach zu pflegen und zu warten<\/li>\n<li data-rm-block-id=\"block-10\">Umfangreiche Anpassungsm\u00f6glichkeiten an verschiedene Spezifikationen, Funktionen und Anwendungen<\/li>\n<\/ul>\n<p data-rm-block-id=\"block-11\"><strong>Spezifikation:<\/strong><\/p>\n<ul>\n<li data-rm-block-id=\"block-12\">Breite: 150 cm<\/li>\n<li data-rm-block-id=\"block-13\">Zusammensetzung: 100% Polyester<\/li>\n<\/ul>\n<p data-rm-block-id=\"block-14\">Anwendung:<\/p>\n<ul>\n<li data-rm-block-id=\"block-15\">Sitzbez\u00fcge<\/li>\n<li data-rm-block-id=\"block-16\">W\u00e4nde und Decke in Transportern<\/li>\n<\/ul>\n<p data-rm-block-id=\"block-18\"><strong>Produktdetails:<\/strong><\/p>\n<p data-rm-block-id=\"block-19\">Wenn Sie 1 St\u00fcck kaufen, erwerben Sie 1 Laufmeter Stoff (100 cm x 150 cm).<\/p>","protected":false},"excerpt":{"rendered":"<p>SUEDE RS EMBOSSED-STOFF Eigenschaften: Weich im Griff Atmungsaktiv Luxuri\u00f6se Struktur Hervorragende Haltbarkeit Flexibel und leicht formbar Angenehme Oberfl\u00e4chentemperatur, unabh\u00e4ngig von der Umgebungstemperatur Pflegeleicht und wartungsfreundlich Vielf\u00e4ltige Anpassungsm\u00f6glichkeiten an verschiedene Spezifikationen, Funktionen und Anwendungen Spezifikationen: Breite: 150 cm Zusammensetzung: 100% Polyester Verwendung: Polsterung von Sitzen W\u00e4nde und Decken in Transportern Details\u2026<\/p>","protected":false},"featured_media":735,"comment_status":"closed","ping_status":"closed","template":"","meta":{"_acf_changed":false,"_kad_blocks_custom_css":"","_kad_blocks_head_custom_js":"","_kad_blocks_body_custom_js":"","_kad_blocks_footer_custom_js":"","_kad_post_transparent":"","_kad_post_title":"","_kad_post_layout":"","_kad_post_sidebar_id":"","_kad_post_content_style":"","_kad_post_vertical_padding":"","_kad_post_feature":"","_kad_post_feature_position":"","_kad_post_header":false,"_kad_post_footer":false,"_kad_post_classname":""},"product_brand":[17],"product_cat":[61],"product_tag":[],"class_list":{"0":"post-1259","1":"product","2":"type-product","3":"status-publish","4":"has-post-thumbnail","6":"product_brand-modeco","7":"product_cat-suede-rs-embossed","9":"first","10":"instock","11":"purchasable","12":"product-type-simple","13":"entry","14":"content-bg","15":"loop-entry"},"acf":[],"taxonomy_info":{"product_brand":[{"value":17,"label":"MODECO"}],"product_cat":[{"value":61,"label":"SUEDE RS EMBOSSED"}]},"featured_image_src_large":["https:\/\/modeco-sklep.pl\/wp-content\/uploads\/2025\/06\/IMG20231209153515-1024x683.jpg",1024,683,true],"author_info":[],"comment_info":0,"_links":{"self":[{"href":"https:\/\/modeco-sklep.pl\/de\/wp-json\/wp\/v2\/product\/1259","targetHints":{"allow":["GET"]}}],"collection":[{"href":"https:\/\/modeco-sklep.pl\/de\/wp-json\/wp\/v2\/product"}],"about":[{"href":"https:\/\/modeco-sklep.pl\/de\/wp-json\/wp\/v2\/types\/product"}],"replies":[{"embeddable":true,"href":"https:\/\/modeco-sklep.pl\/de\/wp-json\/wp\/v2\/comments?post=1259"}],"wp:featuredmedia":[{"embeddable":true,"href":"https:\/\/modeco-sklep.pl\/de\/wp-json\/wp\/v2\/media\/735"}],"wp:attachment":[{"href":"https:\/\/modeco-sklep.pl\/de\/wp-json\/wp\/v2\/media?parent=1259"}],"wp:term":[{"taxonomy":"product_brand","embeddable":true,"href":"https:\/\/modeco-sklep.pl\/de\/wp-json\/wp\/v2\/product_brand?post=1259"},{"taxonomy":"product_cat","embeddable":true,"href":"https:\/\/modeco-sklep.pl\/de\/wp-json\/wp\/v2\/product_cat?post=1259"},{"taxonomy":"product_tag","embeddable":true,"href":"https:\/\/modeco-sklep.pl\/de\/wp-json\/wp\/v2\/product_tag?post=1259"}],"curies":[{"name":"wp","href":"https:\/\/api.w.org\/{rel}","templated":true}]}}