{"id":1236,"date":"2025-06-12T18:07:15","date_gmt":"2025-06-12T18:07:15","guid":{"rendered":"https:\/\/modeco.mywebwork.net\/produkt\/klej-permatex\/"},"modified":"2025-07-20T12:44:52","modified_gmt":"2025-07-20T10:44:52","slug":"permatex-kleber","status":"publish","type":"product","link":"https:\/\/modeco-sklep.pl\/de\/klej-permatex\/","title":{"rendered":"PERMATEX-Kleber"},"content":{"rendered":"<h1><strong><span style=\"font-size: 20px;\">PERMATEX POLSTERKLEBER F\u00dcR AUTODACHH\u00d6HEN<\/span><\/strong><\/h1>\n<h1>PERMATEX POLSTERKLEBER<\/h1>\n<h2><span style=\"font-size: 20px;\">Spr\u00fchkleber f\u00fcr die dauerhafte und nicht dauerhafte Befestigung von Polstern, Teppichen und Dachhimmeln. Bildet eine elastische Verbindung. Schnell abbindend, wasser- und feuchtigkeitsbest\u00e4ndig. F\u00fcr dauerhafte und nicht dauerhafte Verklebungen. Dringt nicht durch das Material.<\/span><\/h2>\n<p><b>Eigenschaften:<\/b><\/p>\n<ul>\n<li>bindet schnell und bildet eine elastische Verbindung<\/li>\n<li>wasser- und feuchtigkeitsbest\u00e4ndig<\/li>\n<li>Je nach Bedarf verbindet der Klebstoff dauerhaft oder vor\u00fcbergehend.<\/li>\n<li>dringt nicht durch das Material<\/li>\n<li>klebt glatte und por\u00f6se Oberfl\u00e4chen<\/li>\n<li>Sicher f\u00fcr alle Materialien \u2013 schrumpft nicht<\/li>\n<li>enth\u00e4lt keine aggressiven L\u00f6sungsmittel<\/li>\n<\/ul>\n<p><b>Anwendung:<\/b><\/p>\n<ul>\n<li>zum Kleben von Materialien wie Papier, Metall, Stoffen, Leder, Kunststoffen, Gummi, Karton, Filz, Kork, Glas, Holz, Folie<\/li>\n<\/ul>\n<p><b>Anwendung:<\/b><\/p>\n<ul>\n<li>die zu verklebenden Oberfl\u00e4chen reinigen und entfetten<\/li>\n<li>die angrenzenden Stellen vor unerw\u00fcnschten Verschmutzungen durch Klebstoff sch\u00fctzen<\/li>\n<li>den Beh\u00e4lter kr\u00e4ftig sch\u00fctteln<\/li>\n<li>Empfohlene Produkttemperatur ca. 18 \u00b0C<\/li>\n<\/ul>\n<p>Nicht dauerhafte Verklebung<\/p>\n<ul>\n<li>eine Fl\u00e4che mit Klebstoff bestreichen<\/li>\n<li>nach einigen Sekunden das zweite Element auflegen<\/li>\n<li>andr\u00fccken und etwa eine Minute lang trocknen lassen<\/li>\n<li>Um die Position des geklebten Elements zu \u00e4ndern, fassen Sie das Element an der Ecke an, l\u00f6sen Sie es und bringen Sie es erneut an.<\/li>\n<\/ul>\n<p>Dauerhaftes Verkleben<\/p>\n<ul>\n<li>Beide Klebefl\u00e4chen mit einer d\u00fcnnen Schicht Klebstoff bestreichen.<\/li>\n<li>etwa eine Minute warten und beide Teile verbinden<\/li>\n<li>fest andr\u00fccken und ca. 1 Minute trocknen lassen<\/li>\n<li>Beim Verkleben sehr por\u00f6ser Oberfl\u00e4chen beide Oberfl\u00e4chen mit einer reichlichen Schicht Klebstoff bestreichen.<\/li>\n<\/ul>\n<h2>\u2013 Fassungsverm\u00f6gen 297 g<\/h2>","protected":false},"excerpt":{"rendered":"<p>TAPIZIERKLEBER F\u00dcR AUTO-DACHHIMMEL PERMATEX TAPIZIERKLEBER PERMATEX Spr\u00fchkleber f\u00fcr die dauerhafte und nicht dauerhafte Befestigung von Polstern, Teppichen und Dachhimmeln. Bildet eine elastische Verbindung. Schnell abbindend, wasser- und feuchtigkeitsbest\u00e4ndig. F\u00fcr dauerhafte und nicht dauerhafte Verklebungen. Dringt nicht durch das Material. Eigenschaften: bindet schnell und bildet eine elastische Verbindung, wasser- und feuchtigkeitsbest\u00e4ndig, je nach...<\/p>","protected":false},"featured_media":2180,"comment_status":"closed","ping_status":"closed","template":"","meta":{"_acf_changed":false,"_kad_blocks_custom_css":"","_kad_blocks_head_custom_js":"","_kad_blocks_body_custom_js":"","_kad_blocks_footer_custom_js":"","_kad_post_transparent":"","_kad_post_title":"","_kad_post_layout":"","_kad_post_sidebar_id":"","_kad_post_content_style":"","_kad_post_vertical_padding":"","_kad_post_feature":"","_kad_post_feature_position":"","_kad_post_header":false,"_kad_post_footer":false,"_kad_post_classname":""},"product_brand":[66],"product_cat":[22,18],"product_tag":[],"class_list":{"0":"post-1236","1":"product","2":"type-product","3":"status-publish","4":"has-post-thumbnail","6":"product_brand-permatex","7":"product_cat-klej-do-podsufitek","8":"product_cat-tkaniny-na-podsufitki-samochodowe","10":"first","11":"instock","12":"purchasable","13":"product-type-simple","14":"entry","15":"content-bg","16":"loop-entry"},"acf":[],"taxonomy_info":{"product_brand":[{"value":66,"label":"PERMATEX"}],"product_cat":[{"value":22,"label":"KLEJ DO PODSUFITEK"},{"value":18,"label":"TKANINY NA PODSUFITKI"}]},"featured_image_src_large":["https:\/\/modeco-sklep.pl\/wp-content\/uploads\/2025\/06\/permatex-3.jpg",800,533,false],"author_info":[],"comment_info":0,"_links":{"self":[{"href":"https:\/\/modeco-sklep.pl\/de\/wp-json\/wp\/v2\/product\/1236","targetHints":{"allow":["GET"]}}],"collection":[{"href":"https:\/\/modeco-sklep.pl\/de\/wp-json\/wp\/v2\/product"}],"about":[{"href":"https:\/\/modeco-sklep.pl\/de\/wp-json\/wp\/v2\/types\/product"}],"replies":[{"embeddable":true,"href":"https:\/\/modeco-sklep.pl\/de\/wp-json\/wp\/v2\/comments?post=1236"}],"wp:featuredmedia":[{"embeddable":true,"href":"https:\/\/modeco-sklep.pl\/de\/wp-json\/wp\/v2\/media\/2180"}],"wp:attachment":[{"href":"https:\/\/modeco-sklep.pl\/de\/wp-json\/wp\/v2\/media?parent=1236"}],"wp:term":[{"taxonomy":"product_brand","embeddable":true,"href":"https:\/\/modeco-sklep.pl\/de\/wp-json\/wp\/v2\/product_brand?post=1236"},{"taxonomy":"product_cat","embeddable":true,"href":"https:\/\/modeco-sklep.pl\/de\/wp-json\/wp\/v2\/product_cat?post=1236"},{"taxonomy":"product_tag","embeddable":true,"href":"https:\/\/modeco-sklep.pl\/de\/wp-json\/wp\/v2\/product_tag?post=1236"}],"curies":[{"name":"wp","href":"https:\/\/api.w.org\/{rel}","templated":true}]}}