{"id":1224,"date":"2025-06-12T18:07:06","date_gmt":"2025-06-12T18:07:06","guid":{"rendered":"https:\/\/modeco.mywebwork.net\/produkt\/3d-air-2\/"},"modified":"2025-06-15T07:22:20","modified_gmt":"2025-06-15T07:22:20","slug":"3d-air-2","status":"publish","type":"product","link":"https:\/\/modeco-sklep.pl\/de\/3d-air-2\/","title":{"rendered":"3D AIR #2"},"content":{"rendered":"<h1>3D AIR MESH-STOFF<\/h1>\n<p><span style=\"font-size:16px;\">Laminierter Stoff f\u00fcr die Verwendung als Autopolster: Polsterung von Sitzen und T\u00fcrverkleidungen<\/span><\/p>\n<p><span style=\"font-size:16px;\">Hochwertiger Stoff auf  speziellem Schaumstoff mit einer Dicke von 5 Millimetern. Schaumstoff mit hoher Dichte, der sich nicht verformt.<\/span><\/p>\n<p><span style=\"font-size:16px;\">Das Material ist geflochtenes VINYL, ideal f\u00fcr Sitzbez\u00fcge. Es passt sowohl zu klassischen als auch zu modernen Autos. Zeitloses Design, h\u00e4ufig in Restomods verwendet.<\/p>\n<p><strong>Produktdetails:<\/strong><\/span><\/p>\n<p><span style=\"font-size:16px;\">Wenn Sie 1 St\u00fcck kaufen, erwerben Sie 1 Laufmeter Stoff (100 cm x 150 cm).<\/span><\/p>\n<p><span style=\"font-size:16px;\">Breite des Stoffes: 150 cm<\/span><\/p>\n<p><span style=\"font-size:16px;\">Beim Kauf mehrerer St\u00fcckzahlen \u2013 wir schneiden den Stoff nicht zu, sondern versenden ihn in einem St\u00fcck.<\/span><\/p>","protected":false},"excerpt":{"rendered":"<p>3D AIR MESH-STOFF Laminierter Stoff f\u00fcr die Polsterung von Autos: Sitzbez\u00fcge, T\u00fcrverkleidungen Sehr hochwertiger Stoff auf  speziellem 5 mm dickem Schaumstoff. Schaumstoff mit hoher Dichte, der sich nicht verformt. Das Material ist gewebtes VINYL, ideal f\u00fcr Sitzbez\u00fcge. Passt sowohl zu klassischen als auch zu modernen Autos. Zeitloses Design, h\u00e4ufig in Restomods verwendet....<\/p>","protected":false},"featured_media":674,"comment_status":"closed","ping_status":"closed","template":"","meta":{"_acf_changed":false,"_kad_blocks_custom_css":"","_kad_blocks_head_custom_js":"","_kad_blocks_body_custom_js":"","_kad_blocks_footer_custom_js":"","_kad_post_transparent":"","_kad_post_title":"","_kad_post_layout":"","_kad_post_sidebar_id":"","_kad_post_content_style":"","_kad_post_vertical_padding":"","_kad_post_feature":"","_kad_post_feature_position":"","_kad_post_header":false,"_kad_post_footer":false,"_kad_post_classname":""},"product_brand":[17],"product_cat":[63],"product_tag":[],"class_list":{"0":"post-1224","1":"product","2":"type-product","3":"status-publish","4":"has-post-thumbnail","6":"product_brand-modeco","7":"product_cat-3d-air-mesh-sciany-sufity","9":"first","10":"instock","11":"purchasable","12":"product-type-simple","13":"entry","14":"content-bg","15":"loop-entry"},"acf":[],"taxonomy_info":{"product_brand":[{"value":17,"label":"MODECO"}],"product_cat":[{"value":63,"label":"3D AIR MESH - WOVEN FABRICS"}]},"featured_image_src_large":["https:\/\/modeco-sklep.pl\/wp-content\/uploads\/2025\/06\/IMG20220731164150-scaled-1024x683.jpg",1024,683,true],"author_info":[],"comment_info":0,"_links":{"self":[{"href":"https:\/\/modeco-sklep.pl\/de\/wp-json\/wp\/v2\/product\/1224","targetHints":{"allow":["GET"]}}],"collection":[{"href":"https:\/\/modeco-sklep.pl\/de\/wp-json\/wp\/v2\/product"}],"about":[{"href":"https:\/\/modeco-sklep.pl\/de\/wp-json\/wp\/v2\/types\/product"}],"replies":[{"embeddable":true,"href":"https:\/\/modeco-sklep.pl\/de\/wp-json\/wp\/v2\/comments?post=1224"}],"wp:featuredmedia":[{"embeddable":true,"href":"https:\/\/modeco-sklep.pl\/de\/wp-json\/wp\/v2\/media\/674"}],"wp:attachment":[{"href":"https:\/\/modeco-sklep.pl\/de\/wp-json\/wp\/v2\/media?parent=1224"}],"wp:term":[{"taxonomy":"product_brand","embeddable":true,"href":"https:\/\/modeco-sklep.pl\/de\/wp-json\/wp\/v2\/product_brand?post=1224"},{"taxonomy":"product_cat","embeddable":true,"href":"https:\/\/modeco-sklep.pl\/de\/wp-json\/wp\/v2\/product_cat?post=1224"},{"taxonomy":"product_tag","embeddable":true,"href":"https:\/\/modeco-sklep.pl\/de\/wp-json\/wp\/v2\/product_tag?post=1224"}],"curies":[{"name":"wp","href":"https:\/\/api.w.org\/{rel}","templated":true}]}}