{"id":1213,"date":"2025-06-12T18:07:02","date_gmt":"2025-06-12T18:07:02","guid":{"rendered":"https:\/\/modeco.mywebwork.net\/produkt\/kolor-szary\/"},"modified":"2025-06-15T07:22:21","modified_gmt":"2025-06-15T07:22:21","slug":"farbe-grau","status":"publish","type":"product","link":"https:\/\/modeco-sklep.pl\/de\/kolor-szary\/","title":{"rendered":"FARBE GRAU"},"content":{"rendered":"<h2><span style=\"font-size:11pt\"><span style=\"line-height:normal\"><span style=\"font-family:\"><b><span style=\"font-size:12.0pt\"><span new=\"New\" style=\"font-family:\"><span style=\"color:#444444\">AUTOSTOFF F\u00dcR DIE DECKENVERKLEIDUNG  \u2013 BREITE 180 CM<\/span><\/span><\/span><\/b><\/span><\/span><\/span><\/p>\n<p><span style=\"font-size:11pt\"><span style=\"line-height:normal\"><span style=\"font-family:\"><span style=\"font-size:12.0pt\"><span new=\"New\" style=\"font-family:\"><span style=\"color:#444444\">Die von uns angebotenen Stoffe f\u00fcr Fahrzeuginnenverkleidungen stammen aus den gr\u00f6\u00dften europ\u00e4ischen Fabriken, die Materialien f\u00fcr Automobilkonzerne herstellen.<\/span><\/span><\/span><\/span><\/span><\/span><\/p>\n<p><span style=\"font-size:11pt\"><span style=\"line-height:normal\"><span style=\"font-family:\"><span style=\"font-size:12.0pt\"><span new=\"New\" style=\"font-family:\"><span style=\"color:#444444\">Die Materialien zeichnen sich durch eine sehr gute Qualit\u00e4t aus (OEM \u2013 erste Wahl).<\/span><\/span><\/span><\/span><\/span><\/span><br \/><span style=\"font-size:11pt\"><span style=\"line-height:normal\"><span style=\"font-family:\"><span style=\"font-size:12.0pt\"><span new=\"New\" style=\"font-family:\"><span style=\"color:#444444\">Die Materialien werden auf einem speziellen Schwamm und Untergrund laminiert, insgesamt  mit einer Dicke von ca. 3-4 mm.<\/span><\/span><\/span><\/span><\/span><\/span><br \/><span style=\"font-size:11pt\"><span style=\"line-height:normal\"><span style=\"font-family:\"><span style=\"font-size:12.0pt\"><span new=\"New\" style=\"font-family:\"><span style=\"color:#444444\">Die Materialien sind flexibel und leicht zu verarbeiten.<\/span><\/span><\/span><\/span><\/span><\/span><br \/><span style=\"font-size:11pt\"><span style=\"line-height:normal\"><span style=\"font-family:\"><span style=\"font-size:12.0pt\"><span new=\"New\" style=\"font-family:\"><span style=\"color:#444444\">Materialbreite: 180 cm<\/span><\/span><\/span><\/span><\/span><\/span><\/p>\n<p><span style=\"font-size:11pt\"><span style=\"line-height:normal\"><span style=\"font-family:\"><span style=\"font-size:12.0pt\"><span new=\"New\" style=\"font-family:\"><span style=\"color:#444444\">Der Preis gilt f\u00fcr 1 laufenden Meter (100 x 180 cm).<\/span><\/span><\/span><\/span><\/span><\/span><br \/><span style=\"font-size:11pt\"><span style=\"line-height:normal\"><span style=\"font-family:\"><span style=\"font-size:12.0pt\"><span new=\"New\" style=\"font-family:\"><span style=\"color:#444444\">Beim Kauf mehrerer Meter versuchen wir, das Material in einem St\u00fcck zu versenden.<\/span><\/span><\/span><\/span><\/span><\/span><\/p>\n<p><span style=\"font-size:11pt\"><span style=\"line-height:normal\"><span style=\"font-family:\"><span style=\"font-size:12.0pt\"><span new=\"New\" style=\"font-family:\"><span style=\"color:#444444\">Spezialkleber, best\u00e4ndig gegen hohe Temperaturen, erh\u00e4ltlich in unserem Shop<\/span><\/span><\/span><\/span><\/span><\/span><\/h2>\n<p normal=\"normal\" style=\"color: rgb(68, 68, 68); box-sizing: border-box; background-color: transparent;\">\u00a0<\/p>","protected":false},"excerpt":{"rendered":"<p>AUTOSTOFF F\u00dcR DIE DECKENVERKLEIDUNG  \u2013 BREITE 180 CM Die von uns angebotenen Stoffe f\u00fcr die Deckenverkleidung von Autos stammen aus den gr\u00f6\u00dften europ\u00e4ischen Fabriken, die Materialien f\u00fcr Automobilkonzerne herstellen. Die Materialien zeichnen sich durch eine sehr gute Qualit\u00e4t aus (OEM \u2013 erste Wahl).Die Materialien sind auf einem speziellen Schwamm und Untergrund laminiert und haben eine Gesamtdicke von ca. 3-4 mm. Die Materialien sind elastisch und leicht zu verarbeiten. Materialbreite: 180 cm\u2026<\/p>","protected":false},"featured_media":660,"comment_status":"closed","ping_status":"closed","template":"","meta":{"_acf_changed":false,"_kad_blocks_custom_css":"","_kad_blocks_head_custom_js":"","_kad_blocks_body_custom_js":"","_kad_blocks_footer_custom_js":"","_kad_post_transparent":"","_kad_post_title":"","_kad_post_layout":"","_kad_post_sidebar_id":"","_kad_post_content_style":"","_kad_post_vertical_padding":"","_kad_post_feature":"","_kad_post_feature_position":"","_kad_post_header":false,"_kad_post_footer":false,"_kad_post_classname":""},"product_brand":[17],"product_cat":[18,62],"product_tag":[],"class_list":{"0":"post-1213","1":"product","2":"type-product","3":"status-publish","4":"has-post-thumbnail","6":"product_brand-modeco","7":"product_cat-tkaniny-na-podsufitki-samochodowe","8":"product_cat-tkaniny-na-podsufitki-180cm","10":"first","11":"instock","12":"purchasable","13":"product-type-simple","14":"entry","15":"content-bg","16":"loop-entry"},"acf":[],"taxonomy_info":{"product_brand":[{"value":17,"label":"MODECO"}],"product_cat":[{"value":18,"label":"TKANINY NA PODSUFITKI"},{"value":62,"label":"TKANINY NA PODSUFITKI (180CM)"}]},"featured_image_src_large":["https:\/\/modeco-sklep.pl\/wp-content\/uploads\/2025\/06\/grey-1024x682.jpg",1024,682,true],"author_info":[],"comment_info":0,"_links":{"self":[{"href":"https:\/\/modeco-sklep.pl\/de\/wp-json\/wp\/v2\/product\/1213","targetHints":{"allow":["GET"]}}],"collection":[{"href":"https:\/\/modeco-sklep.pl\/de\/wp-json\/wp\/v2\/product"}],"about":[{"href":"https:\/\/modeco-sklep.pl\/de\/wp-json\/wp\/v2\/types\/product"}],"replies":[{"embeddable":true,"href":"https:\/\/modeco-sklep.pl\/de\/wp-json\/wp\/v2\/comments?post=1213"}],"wp:featuredmedia":[{"embeddable":true,"href":"https:\/\/modeco-sklep.pl\/de\/wp-json\/wp\/v2\/media\/660"}],"wp:attachment":[{"href":"https:\/\/modeco-sklep.pl\/de\/wp-json\/wp\/v2\/media?parent=1213"}],"wp:term":[{"taxonomy":"product_brand","embeddable":true,"href":"https:\/\/modeco-sklep.pl\/de\/wp-json\/wp\/v2\/product_brand?post=1213"},{"taxonomy":"product_cat","embeddable":true,"href":"https:\/\/modeco-sklep.pl\/de\/wp-json\/wp\/v2\/product_cat?post=1213"},{"taxonomy":"product_tag","embeddable":true,"href":"https:\/\/modeco-sklep.pl\/de\/wp-json\/wp\/v2\/product_tag?post=1213"}],"curies":[{"name":"wp","href":"https:\/\/api.w.org\/{rel}","templated":true}]}}