{"id":1200,"date":"2025-06-12T18:08:43","date_gmt":"2025-06-12T18:08:43","guid":{"rendered":"https:\/\/modeco.mywebwork.net\/produkt\/suede-slim-graphite\/"},"modified":"2026-02-02T20:56:57","modified_gmt":"2026-02-02T19:56:57","slug":"wildleder-schmal-graphit","status":"publish","type":"product","link":"https:\/\/modeco-sklep.pl\/de\/suede-slim-graphite\/","title":{"rendered":"SUEDE SLIM GRAPHITE"},"content":{"rendered":"<h3><strong>SUEDE SLIM<\/strong><\/h3>\n<p>Zum Verkleiden von Cockpits, Cockpit-Elementen, Pfosten und Kunststoffteilen<\/p>\n<p>Das Material ist d\u00fcnn, sodass es die zu verkleidenden Elemente nicht wesentlich verdickt. Dies erleichtert die Anpassung von L\u00fcftungsgittern und anderen Komponenten des Armaturenbretts.<\/p>\n<p>Dar\u00fcber hinaus zeichnet sich das Material durch eine hohe Elastizit\u00e4t aus, wodurch es sich perfekt an die Form des Armaturenbretts anpasst.<\/p>\n<p>SUEDE ist ein spezielles Dachhimmelmaterial, dessen Aussehen und Struktur den g\u00e4ngigen Stoffen \u00e4hnelt. Es hat einen kurzen Flor, der sich beim Streichen mit der Hand in die gleiche Richtung wie das Original legt. Es ist elastisch, passt sich perfekt an die Oberfl\u00e4che des Dachhimmels an und sein Schwamm nimmt keinen Klebstoff auf.<\/p>\n<h3><strong>Verf\u00fcgbare Ausf\u00fchrungen des Materials SUEDE:<\/strong><\/h3>\n<p>\u2714 <strong>F\u00fcr die Decke \u2013 glatt<\/strong><br \/>\n\u2714 <strong>F\u00fcr die Decke \u2013 gen\u00e4ht<\/strong><br \/>\n\u2714 <strong>Ohne Schaumstoff, auf einer speziellen Unterlage<\/strong> (f\u00fcr Pfosten, Cockpits usw.)<\/p>\n<h3><strong>Spezifikation:<\/strong><\/h3>\n<ul>\n<li><strong>Breite:<\/strong> 150 cm<\/li>\n<li><strong>Ein St\u00fcck<\/strong> = 1 laufender Meter Material<\/li>\n<li>Beim Kauf mehrerer St\u00fcckzahlen versenden wir das Material in einem St\u00fcck (ohne es zu zerschneiden).<\/li>\n<\/ul>\n<h3><\/h3>\n<p>&nbsp;<\/p>","protected":false},"excerpt":{"rendered":"<p>SUEDE SLIM Zum Verkleiden von Cockpits, Cockpit-Elementen, S\u00e4ulen und Kunststoffteilen Das Material ist d\u00fcnn, sodass es die verkleideten Elemente nicht wesentlich verdickt. Dies erleichtert die Anpassung von L\u00fcftungsgittern und anderen Komponenten des Armaturenbretts. Dar\u00fcber hinaus zeichnet sich das Material durch eine hohe Elastizit\u00e4t aus, wodurch es sich perfekt an die Form des Armaturenbretts anpasst. SUEDE ist ein spezielles Dachhimmelmaterial mit dem Aussehen und der Struktur...<\/p>","protected":false},"featured_media":7373,"comment_status":"closed","ping_status":"closed","template":"","meta":{"_acf_changed":false,"_kad_blocks_custom_css":"","_kad_blocks_head_custom_js":"","_kad_blocks_body_custom_js":"","_kad_blocks_footer_custom_js":"","_kad_post_transparent":"default","_kad_post_title":"","_kad_post_layout":"default","_kad_post_sidebar_id":"","_kad_post_content_style":"default","_kad_post_vertical_padding":"default","_kad_post_feature":"","_kad_post_feature_position":"","_kad_post_header":false,"_kad_post_footer":false,"_kad_post_classname":""},"product_brand":[17],"product_cat":[100],"product_tag":[],"class_list":{"0":"post-1200","1":"product","2":"type-product","3":"status-publish","4":"has-post-thumbnail","6":"product_brand-modeco","7":"product_cat-tkaniny-na-deski-rozdzielcze","9":"first","10":"instock","11":"purchasable","12":"product-type-simple","13":"entry","14":"content-bg","15":"loop-entry"},"acf":[],"taxonomy_info":{"product_brand":[{"value":17,"label":"MODECO"}],"product_cat":[{"value":100,"label":"TKANINY NA DESKI ROZDZIELCZE"}]},"featured_image_src_large":["https:\/\/modeco-sklep.pl\/wp-content\/uploads\/2025\/06\/ChatGPT-Image-2-lut-2026-20_55_01-1024x683.png",1024,683,true],"author_info":[],"comment_info":0,"_links":{"self":[{"href":"https:\/\/modeco-sklep.pl\/de\/wp-json\/wp\/v2\/product\/1200","targetHints":{"allow":["GET"]}}],"collection":[{"href":"https:\/\/modeco-sklep.pl\/de\/wp-json\/wp\/v2\/product"}],"about":[{"href":"https:\/\/modeco-sklep.pl\/de\/wp-json\/wp\/v2\/types\/product"}],"replies":[{"embeddable":true,"href":"https:\/\/modeco-sklep.pl\/de\/wp-json\/wp\/v2\/comments?post=1200"}],"wp:featuredmedia":[{"embeddable":true,"href":"https:\/\/modeco-sklep.pl\/de\/wp-json\/wp\/v2\/media\/7373"}],"wp:attachment":[{"href":"https:\/\/modeco-sklep.pl\/de\/wp-json\/wp\/v2\/media?parent=1200"}],"wp:term":[{"taxonomy":"product_brand","embeddable":true,"href":"https:\/\/modeco-sklep.pl\/de\/wp-json\/wp\/v2\/product_brand?post=1200"},{"taxonomy":"product_cat","embeddable":true,"href":"https:\/\/modeco-sklep.pl\/de\/wp-json\/wp\/v2\/product_cat?post=1200"},{"taxonomy":"product_tag","embeddable":true,"href":"https:\/\/modeco-sklep.pl\/de\/wp-json\/wp\/v2\/product_tag?post=1200"}],"curies":[{"name":"wp","href":"https:\/\/api.w.org\/{rel}","templated":true}]}}