{"id":1189,"date":"2025-06-12T18:06:51","date_gmt":"2025-06-12T18:06:51","guid":{"rendered":"https:\/\/modeco.mywebwork.net\/produkt\/malaga-auster\/"},"modified":"2025-10-05T13:13:37","modified_gmt":"2025-10-05T11:13:37","slug":"malaga-auster","status":"publish","type":"product","link":"https:\/\/modeco-sklep.pl\/de\/malaga-auster\/","title":{"rendered":"MALAGA AUSTER"},"content":{"rendered":"<h3 data-start=\"147\" data-end=\"198\"><strong data-start=\"151\" data-end=\"196\">MALAGA \u2013 Eleganz und Technologie in einem<\/strong><\/h3>\n<p data-start=\"199\" data-end=\"411\">Entdecken Sie ein einzigartiges Material, das Stil und Zuverl\u00e4ssigkeit vereint. <strong data-start=\"267\" data-end=\"277\">MALAGA<\/strong> begeistert durch seine Weichheit und elegante Verarbeitung, die von nat\u00fcrlichem Leder inspiriert ist, und bietet gleichzeitig h\u00f6chste Haltbarkeit und Widerstandsf\u00e4higkeit.<\/p>\n<p>Ausgezeichnete Flecken- und Schmutzbest\u00e4ndigkeit<br \/>\nHohe Abriebfestigkeit<br \/>\n100% wasserdicht<br \/>\nBest\u00e4ndigkeit gegen Speichel, Schwei\u00df, Blut, Sonnen\u00f6le, Desinfektionsmittel, Blut, Urin<br \/>\nBest\u00e4ndigkeit gegen niedrige Temperaturen (COLD CRACK bei \u2013 29 \u00b0C, 4,05J, F5J, FLTM BN 128-01)<br \/>\nUV-Best\u00e4ndigkeit: DIN EN ISO 105 \u2013 B02, Mindestlichtbest\u00e4ndigkeit 4-5<br \/>\nMaterialbreite: 137 cm<\/p>\n<p>Feuerhemmungszertifikate:<\/p>\n<ul>\n<li>DIN 4102 B2<\/li>\n<li>\u00d6NORM B 3825<\/li>\n<li>\u00d6NORM A 3800-1, Q1<\/li>\n<li>EN 1021-1 \/ 2<\/li>\n<li>UNI-9175<\/li>\n<li>SAE J369 \/ MVSS302<\/li>\n<li>IMO, Anhang 1, Teil 8<\/li>\n<li>MED 2014\/90\/EU<\/li>\n<li>FAR 25\/853 Anhang F Teil l, a, 1, ii<\/li>\n<\/ul>\n<p>Der Preis gilt f\u00fcr 1 Laufmeter (137 cm x 100 cm).<\/p>\n<p>Beim Kauf von mehreren Metern versenden wir das Material als Ganzes, wir schneiden es nicht zurecht.<\/p>","protected":false},"excerpt":{"rendered":"<p>MALAGA \u2013 Eleganz und Technologie in einem Entdecken Sie ein einzigartiges Material, das Stil und Zuverl\u00e4ssigkeit vereint. MALAGA besticht durch seine Weichheit und elegante, von Naturleder inspirierte Oberfl\u00e4che und bietet gleichzeitig h\u00f6chste Strapazierf\u00e4higkeit und Widerstandsf\u00e4higkeit. Hervorragende Flecken- und Schmutzbest\u00e4ndigkeit Hohe Abriebfestigkeit 100% wasserabweisend Best\u00e4ndigkeit gegen Speichel, Schwei\u00df, Blut, Sonnen\u00f6l, Desinfektionsmittel,\u2026<\/p>","protected":false},"featured_media":6249,"comment_status":"closed","ping_status":"closed","template":"","meta":{"_acf_changed":false,"_kad_blocks_custom_css":"","_kad_blocks_head_custom_js":"","_kad_blocks_body_custom_js":"","_kad_blocks_footer_custom_js":"","_kad_post_transparent":"","_kad_post_title":"","_kad_post_layout":"","_kad_post_sidebar_id":"","_kad_post_content_style":"","_kad_post_vertical_padding":"","_kad_post_feature":"","_kad_post_feature_position":"","_kad_post_header":false,"_kad_post_footer":false,"_kad_post_classname":""},"product_brand":[17],"product_cat":[59],"product_tag":[],"class_list":{"0":"post-1189","1":"product","2":"type-product","3":"status-publish","4":"has-post-thumbnail","6":"product_brand-modeco","7":"product_cat-malaga","9":"first","10":"instock","11":"purchasable","12":"product-type-simple","13":"entry","14":"content-bg","15":"loop-entry"},"acf":[],"taxonomy_info":{"product_brand":[{"value":17,"label":"MODECO"}],"product_cat":[{"value":59,"label":"MALAGA"}]},"featured_image_src_large":["https:\/\/modeco-sklep.pl\/wp-content\/uploads\/2025\/06\/AUSTER-2.jpg",420,280,false],"author_info":[],"comment_info":0,"_links":{"self":[{"href":"https:\/\/modeco-sklep.pl\/de\/wp-json\/wp\/v2\/product\/1189","targetHints":{"allow":["GET"]}}],"collection":[{"href":"https:\/\/modeco-sklep.pl\/de\/wp-json\/wp\/v2\/product"}],"about":[{"href":"https:\/\/modeco-sklep.pl\/de\/wp-json\/wp\/v2\/types\/product"}],"replies":[{"embeddable":true,"href":"https:\/\/modeco-sklep.pl\/de\/wp-json\/wp\/v2\/comments?post=1189"}],"wp:featuredmedia":[{"embeddable":true,"href":"https:\/\/modeco-sklep.pl\/de\/wp-json\/wp\/v2\/media\/6249"}],"wp:attachment":[{"href":"https:\/\/modeco-sklep.pl\/de\/wp-json\/wp\/v2\/media?parent=1189"}],"wp:term":[{"taxonomy":"product_brand","embeddable":true,"href":"https:\/\/modeco-sklep.pl\/de\/wp-json\/wp\/v2\/product_brand?post=1189"},{"taxonomy":"product_cat","embeddable":true,"href":"https:\/\/modeco-sklep.pl\/de\/wp-json\/wp\/v2\/product_cat?post=1189"},{"taxonomy":"product_tag","embeddable":true,"href":"https:\/\/modeco-sklep.pl\/de\/wp-json\/wp\/v2\/product_tag?post=1189"}],"curies":[{"name":"wp","href":"https:\/\/api.w.org\/{rel}","templated":true}]}}