{"id":1186,"date":"2025-06-12T18:06:51","date_gmt":"2025-06-12T18:06:51","guid":{"rendered":"https:\/\/modeco.mywebwork.net\/produkt\/como-terracotta\/"},"modified":"2025-06-15T07:23:10","modified_gmt":"2025-06-15T07:23:10","slug":"como-terracotta","status":"publish","type":"product","link":"https:\/\/modeco-sklep.pl\/de\/como-terracotta\/","title":{"rendered":"COMO TERRACOTTA"},"content":{"rendered":"<p><span style=\"font-size:22px;\"><span style=\"line-height:107%\"><span style=\"font-family:\"><span style=\"line-height:107%\">COMO \u2013 Synthetisches Leder mit klassischer Pr\u00e4gung<\/span><\/span><\/span><\/span><\/p>\n<p><span style=\"font-size:18px;\"><span style=\"line-height:107%\"><span style=\"font-family:\">Das Material ist f\u00fcr viele Bereiche geeignet, f\u00fcr den Au\u00dfen- und Innenbereich.<\/span><\/span><br \/><span style=\"line-height:107%\"><span style=\"font-family:\">Ausgezeichnete Flecken- und Schmutzbest\u00e4ndigkeit<\/span><\/span><br \/><span style=\"line-height:107%\"><span style=\"font-family:\">Hohe Abriebfestigkeit<\/span><\/span><br \/><span style=\"line-height:107%\"><span style=\"font-family:\">100% wasserdicht<\/span><\/span><br \/><span style=\"line-height:107%\"><span style=\"font-family:\">Best\u00e4ndigkeit gegen Speichel, Schwei\u00df, Blut, Sonnen\u00f6le, Desinfektionsmittel, Blut, Urin<\/span><\/span><br \/><span style=\"line-height:107%\"><span style=\"font-family:\">Best\u00e4ndigkeit gegen niedrige Temperaturen (COLD CRACK bei \u2013 29 \u00b0C, 4,05J, F5J, FLTM BN 128-01)<\/span><\/span><br \/><span style=\"line-height:107%\"><span style=\"font-family:\">UV-Best\u00e4ndigkeit: DIN EN ISO 105 \u2013 B02, Mindestlichtbest\u00e4ndigkeit 4-5<\/span><\/span><br \/><span style=\"line-height:107%\"><span style=\"font-family:\">Materialbreite: 137 cm<\/span><\/span><br \/><span style=\"line-height:107%\"><span style=\"font-family:\">Rollenl\u00e4nge: 30 m<\/span><\/span><br \/><span style=\"line-height:107%\"><span style=\"font-family:\">Feuerhemmungszertifikate:<\/span><\/span><\/span><\/p>\n<ul>\n<li style=\"margin-left:8px\"><span style=\"font-size:18px;\"><span style=\"line-height:107%\"><span style=\"font-family:\">DIN 4102 B2<\/span><\/span><\/span><\/li>\n<li style=\"margin-left:8px\"><span style=\"font-size:18px;\"><span style=\"line-height:107%\"><span style=\"font-family:\">\u00d6NORM B 3825<\/span><\/span><\/span><\/li>\n<li style=\"margin-left:8px\"><span style=\"font-size:18px;\"><span style=\"line-height:107%\"><span style=\"font-family:\">\u00d6NORM A 3800-1, Q1<\/span><\/span><\/span><\/li>\n<li style=\"margin-left:8px\"><span style=\"font-size:18px;\"><span style=\"line-height:107%\"><span style=\"font-family:\">EN 1021-1 \/ 2<\/span><\/span><\/span><\/li>\n<li style=\"margin-left:8px\"><span style=\"font-size:18px;\"><span style=\"line-height:107%\"><span style=\"font-family:\">UNI-9175<\/span><\/span><\/span><\/li>\n<li style=\"margin-left:8px\"><span style=\"font-size:18px;\"><span style=\"line-height:107%\"><span style=\"font-family:\">SAE J369 \/ MVSS302 <\/span><\/span><\/span><\/li>\n<li style=\"margin-left:8px\"><span style=\"font-size:18px;\"><span style=\"line-height:107%\"><span style=\"font-family:\">IMO, Anhang 1, Teil 8<\/span><\/span><\/span><\/li>\n<li style=\"margin-left:8px\"><span style=\"font-size:18px;\"><span style=\"line-height:107%\"><span style=\"font-family:\">MED 2014\/90\/EU <\/span><\/span><\/span><\/li>\n<li style=\"margin-bottom:11px; margin-left:8px\"><span style=\"font-size:18px;\"><span style=\"line-height:107%\"><span style=\"font-family:\">FAR 25\/853 Anhang F Teil l, a, 1, ii<\/span><\/span><\/span><\/li>\n<\/ul>\n<p><span style=\"font-size:18px;\"><span style=\"line-height:107%\"><span style=\"font-family:\">Der Preis gilt f\u00fcr 1 Laufmeter (137 cm x 100 cm).<\/span><\/span><br \/><span style=\"line-height:107%\"><span style=\"font-family:\">Beim Kauf von mehreren Metern versenden wir das Material als Ganzes, wir schneiden es nicht zurecht.<\/span><\/span><\/span><br \/>\u00a0<\/p>","protected":false},"excerpt":{"rendered":"<p>COMO \u2013 Synthetisches Leder mit klassischer Pr\u00e4gung Material f\u00fcr viele Bereiche, f\u00fcr den Au\u00dfen- und Innenbereich.Hervorragende Flecken- und Schmutzbest\u00e4ndigkeit Hohe Abriebfestigkeit 100% wasserfest Best\u00e4ndigkeit gegen Speichel, Schwei\u00df, Blut, Sonnencreme, Desinfektionsmittel, Blut, Urin Best\u00e4ndigkeit gegen niedrige Temperaturen (COLD CRACK bei \u2013 29 \u00b0C, 4,05J, F5J, FLTM BN 128-01) Best\u00e4ndigkeit gegen Strahlung\u2026<\/p>","protected":false},"featured_media":622,"comment_status":"closed","ping_status":"closed","template":"","meta":{"_acf_changed":false,"_kad_blocks_custom_css":"","_kad_blocks_head_custom_js":"","_kad_blocks_body_custom_js":"","_kad_blocks_footer_custom_js":"","_kad_post_transparent":"","_kad_post_title":"","_kad_post_layout":"","_kad_post_sidebar_id":"","_kad_post_content_style":"","_kad_post_vertical_padding":"","_kad_post_feature":"","_kad_post_feature_position":"","_kad_post_header":false,"_kad_post_footer":false,"_kad_post_classname":""},"product_brand":[],"product_cat":[57,56],"product_tag":[],"class_list":{"0":"post-1186","1":"product","2":"type-product","3":"status-publish","4":"has-post-thumbnail","6":"product_cat-como","7":"product_cat-wodoodporne-tkaniny-jachtowe","9":"first","10":"instock","11":"purchasable","12":"product-type-simple","13":"entry","14":"content-bg","15":"loop-entry"},"acf":[],"taxonomy_info":{"product_cat":[{"value":57,"label":"COMO"},{"value":56,"label":"TKANINY JACHTOWE"}]},"featured_image_src_large":["https:\/\/modeco-sklep.pl\/wp-content\/uploads\/2025\/06\/teracota-1024x682.jpg",1024,682,true],"author_info":[],"comment_info":0,"_links":{"self":[{"href":"https:\/\/modeco-sklep.pl\/de\/wp-json\/wp\/v2\/product\/1186","targetHints":{"allow":["GET"]}}],"collection":[{"href":"https:\/\/modeco-sklep.pl\/de\/wp-json\/wp\/v2\/product"}],"about":[{"href":"https:\/\/modeco-sklep.pl\/de\/wp-json\/wp\/v2\/types\/product"}],"replies":[{"embeddable":true,"href":"https:\/\/modeco-sklep.pl\/de\/wp-json\/wp\/v2\/comments?post=1186"}],"wp:featuredmedia":[{"embeddable":true,"href":"https:\/\/modeco-sklep.pl\/de\/wp-json\/wp\/v2\/media\/622"}],"wp:attachment":[{"href":"https:\/\/modeco-sklep.pl\/de\/wp-json\/wp\/v2\/media?parent=1186"}],"wp:term":[{"taxonomy":"product_brand","embeddable":true,"href":"https:\/\/modeco-sklep.pl\/de\/wp-json\/wp\/v2\/product_brand?post=1186"},{"taxonomy":"product_cat","embeddable":true,"href":"https:\/\/modeco-sklep.pl\/de\/wp-json\/wp\/v2\/product_cat?post=1186"},{"taxonomy":"product_tag","embeddable":true,"href":"https:\/\/modeco-sklep.pl\/de\/wp-json\/wp\/v2\/product_tag?post=1186"}],"curies":[{"name":"wp","href":"https:\/\/api.w.org\/{rel}","templated":true}]}}