{"id":1174,"date":"2025-06-12T18:06:42","date_gmt":"2025-06-12T18:06:42","guid":{"rendered":"https:\/\/modeco.mywebwork.net\/produkt\/softex-avon-133-cm-antracytowa\/"},"modified":"2026-02-11T11:38:34","modified_gmt":"2026-02-11T10:38:34","slug":"selbstklebend-avon-142-cm-graphit","status":"publish","type":"product","link":"https:\/\/modeco-sklep.pl\/de\/samoprzylepny-avon-142-cm-grafitowy\/","title":{"rendered":"SELBSTKLEBEND AVON (142 CM) - GRAPHIT"},"content":{"rendered":"<h3>SELBSTKLEBENDE AUTOTEPPICHBESCHICHTUNG F\u00dcR DECKE UND SEITEN<\/h3>\n<p data-start=\"0\" data-end=\"243\"><strong data-start=\"0\" data-end=\"26\">SOFTEX AVON Teppich<\/strong> wurde speziell f\u00fcr den Innenausbau von Wohnmobilen, Transportern, Bussen und Bootskabinen entwickelt. Es ist ideal f\u00fcr den Umbau von Bussen zu Wohnmobilen und f\u00fcr alle Arten von Fahrzeugaufbauten.<\/p>\n<p data-start=\"245\" data-end=\"479\">Das Material ist <strong data-start=\"259\" data-end=\"276\">selbstklebend<\/strong> - hat eine Klebeschicht, die durch eine Schutzfolie gesch\u00fctzt ist und eine schnelle und bequeme Verlegung erm\u00f6glicht. Der Bodenbelag kann auf den folgenden Oberfl\u00e4chen angebracht werden <strong data-start=\"412\" data-end=\"478\">Metall, Holz und andere geeignet vorbereitete Substrate<\/strong>.<\/p>\n<p data-start=\"481\" data-end=\"660\">Dank an <strong data-start=\"488\" data-end=\"514\">hohe Flexibilit\u00e4t<\/strong> Das Futter passt sich sehr gut an Rippen, Radk\u00e4sten und unregelm\u00e4\u00dfige Formen an und ist dennoch leicht zu formen und zu dehnen.<\/p>\n<p data-start=\"662\" data-end=\"808\">Sie ist <strong data-start=\"670\" data-end=\"757\">von Reisemobil- und Reisebusherstellern verwendetes Originalmaterial<\/strong>, was seine Langlebigkeit und hohe Qualit\u00e4t best\u00e4tigt.<\/p>\n<p data-start=\"810\" data-end=\"999\">Der Teppich hat <strong data-start=\"829\" data-end=\"905\">Zertifizierung f\u00fcr die Verwendung in \u00f6ffentlichen Nutzfahrzeugen<\/strong>, Dadurch ist es sowohl f\u00fcr den privaten als auch f\u00fcr den beruflichen Gebrauch geeignet.<\/p>\n<p>Produktdetails:<\/p>\n<p>Breite des Teppichs: 142cm<br \/>\nDicke des Teppichs: 3mm<\/p>\n<p>Der Preis gilt f\u00fcr 1 laufenden Meter Teppich<\/p>","protected":false},"excerpt":{"rendered":"<p>Es ist ideal f\u00fcr den Umbau von Bussen, Wohnmobilen und allen Arten von Fahrzeugaufbauten. Das Material ist selbstklebend - es hat eine Klebeschicht, die durch eine Schutzfolie gesch\u00fctzt ist, was eine schnelle und bequeme Montage erm\u00f6glicht. Der Liner kann aufgetragen werden...<\/p>","protected":false},"featured_media":7535,"comment_status":"closed","ping_status":"closed","template":"","meta":{"_acf_changed":false,"_kad_blocks_custom_css":"","_kad_blocks_head_custom_js":"","_kad_blocks_body_custom_js":"","_kad_blocks_footer_custom_js":"","_kad_post_transparent":"default","_kad_post_title":"","_kad_post_layout":"default","_kad_post_sidebar_id":"","_kad_post_content_style":"default","_kad_post_vertical_padding":"default","_kad_post_feature":"","_kad_post_feature_position":"","_kad_post_header":false,"_kad_post_footer":false,"_kad_post_classname":""},"product_brand":[17],"product_cat":[52],"product_tag":[],"class_list":{"0":"post-1174","1":"product","2":"type-product","3":"status-publish","4":"has-post-thumbnail","6":"product_brand-modeco","7":"product_cat-avon-wykladzina-samoprzylepna","9":"first","10":"instock","11":"purchasable","12":"product-type-simple","13":"entry","14":"content-bg","15":"loop-entry"},"acf":[],"taxonomy_info":{"product_brand":[{"value":17,"label":"MODECO"}],"product_cat":[{"value":52,"label":"SAMOPRZYLEPNE WYK\u0141ADZINY SAMOCHODOWE"}]},"featured_image_src_large":["https:\/\/modeco-sklep.pl\/wp-content\/uploads\/2025\/06\/20260211_112907-1024x768.jpg",1024,768,true],"author_info":[],"comment_info":0,"_links":{"self":[{"href":"https:\/\/modeco-sklep.pl\/de\/wp-json\/wp\/v2\/product\/1174","targetHints":{"allow":["GET"]}}],"collection":[{"href":"https:\/\/modeco-sklep.pl\/de\/wp-json\/wp\/v2\/product"}],"about":[{"href":"https:\/\/modeco-sklep.pl\/de\/wp-json\/wp\/v2\/types\/product"}],"replies":[{"embeddable":true,"href":"https:\/\/modeco-sklep.pl\/de\/wp-json\/wp\/v2\/comments?post=1174"}],"wp:featuredmedia":[{"embeddable":true,"href":"https:\/\/modeco-sklep.pl\/de\/wp-json\/wp\/v2\/media\/7535"}],"wp:attachment":[{"href":"https:\/\/modeco-sklep.pl\/de\/wp-json\/wp\/v2\/media?parent=1174"}],"wp:term":[{"taxonomy":"product_brand","embeddable":true,"href":"https:\/\/modeco-sklep.pl\/de\/wp-json\/wp\/v2\/product_brand?post=1174"},{"taxonomy":"product_cat","embeddable":true,"href":"https:\/\/modeco-sklep.pl\/de\/wp-json\/wp\/v2\/product_cat?post=1174"},{"taxonomy":"product_tag","embeddable":true,"href":"https:\/\/modeco-sklep.pl\/de\/wp-json\/wp\/v2\/product_tag?post=1174"}],"curies":[{"name":"wp","href":"https:\/\/api.w.org\/{rel}","templated":true}]}}