{"id":1171,"date":"2025-06-12T18:06:42","date_gmt":"2025-06-12T18:06:42","guid":{"rendered":"https:\/\/modeco.mywebwork.net\/produkt\/3d-carbon-black\/"},"modified":"2025-09-22T22:42:11","modified_gmt":"2025-09-22T20:42:11","slug":"3d-rus","status":"publish","type":"product","link":"https:\/\/modeco-sklep.pl\/de\/3d-carbon-black\/","title":{"rendered":"3D-RUSS"},"content":{"rendered":"<div id=\"TresciZakladek\">\n<div class=\"widoczna tz_opis GlownyOpisProduktu\">\n<div class=\"FormatEdytor\">\n<div class=\"widoczna tz_opis GlownyOpisProduktu\">\n<h3>VINYL CARBON 3D \u2013 hochwertiger M\u00f6belstoff<\/h3>\n<p>\u00d6ko-Nappaleder ist ein beschichtetes Gewebe, das sich ideal f\u00fcr Autopolster, darunter Sitze und T\u00fcrverkleidungen, eignet.<\/p>\n<h4><strong>Produktmerkmale:<\/strong><\/h4>\n<p>\u2714 Hochwertiges Material vom Typ CARBON 3D<br \/>\n\u2714 Farbe: schwarz<\/p>\n<h4><strong>Details:<\/strong><\/h4>\n<p>Wenn Sie 1 St\u00fcck kaufen, erhalten Sie 1 Laufmeter Stoff (100 cm x 137 cm).<br \/>\nMaterialbreite: 137 cm<\/p>\n<\/div>\n<\/div>\n<\/div>\n<\/div>","protected":false},"excerpt":{"rendered":"<p>VINYL CARBON 3D \u2013 hochwertiger Bezugsstoff Eko-Sk\u00f3ra Nappa ist ein beschichteter Stoff, der sich ideal f\u00fcr die Polsterung von Autos, einschlie\u00dflich Sitzen und T\u00fcrverkleidungen, eignet. Produkteigenschaften: \u2714 Hochwertiges Material vom Typ CARBON 3D \u2714 Farbe: schwarz Details: Beim Kauf von 1 St\u00fcck erhalten Sie 1 Laufmeter Stoff (100 cm x 137 cm) Stoffbreite: 137 cm<\/p>","protected":false},"featured_media":599,"comment_status":"closed","ping_status":"closed","template":"","meta":{"_acf_changed":false,"_kad_blocks_custom_css":"","_kad_blocks_head_custom_js":"","_kad_blocks_body_custom_js":"","_kad_blocks_footer_custom_js":"","_kad_post_transparent":"","_kad_post_title":"","_kad_post_layout":"","_kad_post_sidebar_id":"","_kad_post_content_style":"","_kad_post_vertical_padding":"","_kad_post_feature":"","_kad_post_feature_position":"","_kad_post_header":false,"_kad_post_footer":false,"_kad_post_classname":""},"product_brand":[17],"product_cat":[70],"product_tag":[],"class_list":{"0":"post-1171","1":"product","2":"type-product","3":"status-publish","4":"has-post-thumbnail","6":"product_brand-modeco","7":"product_cat-carbon-3d-skory-syntetyczne-vinyle","9":"first","10":"instock","11":"purchasable","12":"product-type-simple","13":"entry","14":"content-bg","15":"loop-entry"},"acf":[],"taxonomy_info":{"product_brand":[{"value":17,"label":"MODECO"}],"product_cat":[{"value":70,"label":"CARBON 3D"}]},"featured_image_src_large":["https:\/\/modeco-sklep.pl\/wp-content\/uploads\/2025\/06\/IMG20230727121113-1024x683.jpg",1024,683,true],"author_info":[],"comment_info":0,"_links":{"self":[{"href":"https:\/\/modeco-sklep.pl\/de\/wp-json\/wp\/v2\/product\/1171","targetHints":{"allow":["GET"]}}],"collection":[{"href":"https:\/\/modeco-sklep.pl\/de\/wp-json\/wp\/v2\/product"}],"about":[{"href":"https:\/\/modeco-sklep.pl\/de\/wp-json\/wp\/v2\/types\/product"}],"replies":[{"embeddable":true,"href":"https:\/\/modeco-sklep.pl\/de\/wp-json\/wp\/v2\/comments?post=1171"}],"wp:featuredmedia":[{"embeddable":true,"href":"https:\/\/modeco-sklep.pl\/de\/wp-json\/wp\/v2\/media\/599"}],"wp:attachment":[{"href":"https:\/\/modeco-sklep.pl\/de\/wp-json\/wp\/v2\/media?parent=1171"}],"wp:term":[{"taxonomy":"product_brand","embeddable":true,"href":"https:\/\/modeco-sklep.pl\/de\/wp-json\/wp\/v2\/product_brand?post=1171"},{"taxonomy":"product_cat","embeddable":true,"href":"https:\/\/modeco-sklep.pl\/de\/wp-json\/wp\/v2\/product_cat?post=1171"},{"taxonomy":"product_tag","embeddable":true,"href":"https:\/\/modeco-sklep.pl\/de\/wp-json\/wp\/v2\/product_tag?post=1171"}],"curies":[{"name":"wp","href":"https:\/\/api.w.org\/{rel}","templated":true}]}}