{"id":1169,"date":"2025-06-12T18:06:42","date_gmt":"2025-06-12T18:06:42","guid":{"rendered":"https:\/\/modeco.mywebwork.net\/produkt\/rider-vinyl\/"},"modified":"2026-02-04T10:56:00","modified_gmt":"2026-02-04T09:56:00","slug":"giove-silber","status":"publish","type":"product","link":"https:\/\/modeco-sklep.pl\/de\/giove-silver\/","title":{"rendered":"GIOVE SILBER"},"content":{"rendered":"<div class=\"widoczna tz_opis GlownyOpisProduktu\">\n<p><strong>GIOVE \u2013 VINYL F\u00dcR MOTORRAD-SITZB\u00c4NKE<\/strong><\/p>\n<p><span style=\"font-size: 16px;\">Beschichteter Stoff f\u00fcr Motorradsitze, Quads und Wasserscooter<\/span><\/p>\n<p><span style=\"font-size: 16px;\">Wasserabweisender, rutschfester Stoff<\/span><\/p>\n<p>UV-best\u00e4ndig<\/p>\n<p>Farbe: Silber<\/p>\n<p><span style=\"font-size: 16px;\"><strong>Produktdetails:<\/strong><\/span><\/p>\n<p><span style=\"font-size: 16px;\">Wenn Sie 1 St\u00fcck kaufen, erwerben Sie 1 Laufmeter Material.\u00a0<\/span><\/p>\n<p><span style=\"font-size: 16px;\">Materialbreite: 140 cm<\/span><\/p>\n<p><span style=\"font-size: 16px;\">Beim Kauf mehrerer St\u00fcckzahlen \u2013 wir schneiden den Stoff nicht zu, sondern versenden ihn in einem St\u00fcck.<\/span><\/p>\n<\/div>","protected":false},"excerpt":{"rendered":"<p>GIOVE - VINYL FOR MOTORCYCLLE CANAPES Beschichteter Stoff f\u00fcr Sofas von Motorr\u00e4dern, Qudas, Jetskis Wasserdichter, rutschfester Stoff Best\u00e4ndig gegen UV-Strahlen Farbe : silber Produktdetails: Beim Kauf von 1 St\u00fcck kaufen Sie 1 laufenden Meter Stoff Breite des Stoffes: 140 cm Beim Kauf von mehreren St\u00fccken - wir schneiden den Stoff nicht zu, wir schicken ihn in einem St\u00fcck<\/p>","protected":false},"featured_media":7438,"comment_status":"closed","ping_status":"closed","template":"","meta":{"_acf_changed":false,"_kad_blocks_custom_css":"","_kad_blocks_head_custom_js":"","_kad_blocks_body_custom_js":"","_kad_blocks_footer_custom_js":"","_kad_post_transparent":"default","_kad_post_title":"","_kad_post_layout":"default","_kad_post_sidebar_id":"","_kad_post_content_style":"default","_kad_post_vertical_padding":"default","_kad_post_feature":"","_kad_post_feature_position":"","_kad_post_header":false,"_kad_post_footer":false,"_kad_post_classname":""},"product_brand":[17],"product_cat":[51],"product_tag":[],"class_list":{"0":"post-1169","1":"product","2":"type-product","3":"status-publish","4":"has-post-thumbnail","6":"product_brand-modeco","7":"product_cat-motocyklowe","9":"first","10":"instock","11":"purchasable","12":"product-type-simple","13":"entry","14":"content-bg","15":"loop-entry"},"acf":[],"taxonomy_info":{"product_brand":[{"value":17,"label":"MODECO"}],"product_cat":[{"value":51,"label":"MATERIA\u0141Y NA SIEDZENIA MOTOCYKLOWE"}]},"featured_image_src_large":["https:\/\/modeco-sklep.pl\/wp-content\/uploads\/2025\/06\/20260204_104903-1024x768.jpg",1024,768,true],"author_info":[],"comment_info":0,"_links":{"self":[{"href":"https:\/\/modeco-sklep.pl\/de\/wp-json\/wp\/v2\/product\/1169","targetHints":{"allow":["GET"]}}],"collection":[{"href":"https:\/\/modeco-sklep.pl\/de\/wp-json\/wp\/v2\/product"}],"about":[{"href":"https:\/\/modeco-sklep.pl\/de\/wp-json\/wp\/v2\/types\/product"}],"replies":[{"embeddable":true,"href":"https:\/\/modeco-sklep.pl\/de\/wp-json\/wp\/v2\/comments?post=1169"}],"wp:featuredmedia":[{"embeddable":true,"href":"https:\/\/modeco-sklep.pl\/de\/wp-json\/wp\/v2\/media\/7438"}],"wp:attachment":[{"href":"https:\/\/modeco-sklep.pl\/de\/wp-json\/wp\/v2\/media?parent=1169"}],"wp:term":[{"taxonomy":"product_brand","embeddable":true,"href":"https:\/\/modeco-sklep.pl\/de\/wp-json\/wp\/v2\/product_brand?post=1169"},{"taxonomy":"product_cat","embeddable":true,"href":"https:\/\/modeco-sklep.pl\/de\/wp-json\/wp\/v2\/product_cat?post=1169"},{"taxonomy":"product_tag","embeddable":true,"href":"https:\/\/modeco-sklep.pl\/de\/wp-json\/wp\/v2\/product_tag?post=1169"}],"curies":[{"name":"wp","href":"https:\/\/api.w.org\/{rel}","templated":true}]}}