{"id":1111,"date":"2025-06-12T18:06:11","date_gmt":"2025-06-12T18:06:11","guid":{"rendered":"https:\/\/modeco.mywebwork.net\/produkt\/softex-hi-flex-jasny-szary\/"},"modified":"2025-12-29T22:09:53","modified_gmt":"2025-12-29T21:09:53","slug":"softex-hi-flex-hellgrau","status":"publish","type":"product","link":"https:\/\/modeco-sklep.pl\/de\/softex-hi-flex-jasny-szary\/","title":{"rendered":"SOFTEX HI-FLEX \u2013 HELLGRAU"},"content":{"rendered":"<p>SOFTEX HI-FLEX<\/p>\n<p>ELASTISCHE AUTOTEPPICHE F\u00dcR DECKE, SEITEN UND RADK\u00c4STEN<\/p>\n<p>Der einzigartige elastische Bodenbelag SOFTEX HI-FLEX wurde f\u00fcr die Verkleidung des Innenraums von Wohnmobilen, Vans, Bussen und Bootskabinen entwickelt und eignet sich ideal f\u00fcr den Umbau von Bussen zu Wohnmobilen.<\/p>\n<p>Der Belag ist sehr elastisch, l\u00e4sst sich in alle vier Richtungen dehnen und kann in einem St\u00fcck an die Wand geklebt werden. Er passt sich sehr gut an Vertiefungen, Radk\u00e4sten usw. an.<\/p>\n<p>Originalausstattung von Herstellern von Wohnmobilen und Reisebussen, ideal f\u00fcr den Einbau in Kleinbusse<\/p>\n<p>Produktdetails:<\/p>\n<p>Breite der Auskleidung: 200 cm<\/p>\n<p>Der Preis gilt f\u00fcr 1 Laufmeter Bodenbelag (100 cm x 200 cm).<\/p>","protected":false},"excerpt":{"rendered":"<p>SOFTEX HI-FLEX ELASTISCHE AUTOUTF\u00dcLLUNG F\u00dcR DECKE, SEITEN UND RADKASTEN Die einzigartige elastische Auskleidung SOFTEX HI-FLEX wurde f\u00fcr die Innenauskleidung von Wohnmobilen, Vans, Bussen und Bootskabinen entwickelt und eignet sich ideal f\u00fcr den Umbau von Bussen zu Wohnmobilen. Die Verkleidung ist sehr elastisch, l\u00e4sst sich in alle vier Richtungen dehnen und kann in einem St\u00fcck an die Wand geklebt werden. Sehr gut...<\/p>","protected":false},"featured_media":7111,"comment_status":"closed","ping_status":"closed","template":"","meta":{"_acf_changed":false,"_kad_blocks_custom_css":"","_kad_blocks_head_custom_js":"","_kad_blocks_body_custom_js":"","_kad_blocks_footer_custom_js":"","_kad_post_transparent":"default","_kad_post_title":"","_kad_post_layout":"default","_kad_post_sidebar_id":"","_kad_post_content_style":"default","_kad_post_vertical_padding":"default","_kad_post_feature":"","_kad_post_feature_position":"","_kad_post_header":false,"_kad_post_footer":false,"_kad_post_classname":""},"product_brand":[17],"product_cat":[31],"product_tag":[],"class_list":{"0":"post-1111","1":"product","2":"type-product","3":"status-publish","4":"has-post-thumbnail","6":"product_brand-modeco","7":"product_cat-wykladziny-samochodowe","9":"first","10":"instock","11":"purchasable","12":"product-type-simple","13":"entry","14":"content-bg","15":"loop-entry"},"acf":[],"taxonomy_info":{"product_brand":[{"value":17,"label":"MODECO"}],"product_cat":[{"value":31,"label":"ELASTYCZNE WYK\u0141ADZINY SAMOCHODOWE"}]},"featured_image_src_large":["https:\/\/modeco-sklep.pl\/wp-content\/uploads\/2025\/06\/silver-1024x683.png",1024,683,true],"author_info":[],"comment_info":0,"_links":{"self":[{"href":"https:\/\/modeco-sklep.pl\/de\/wp-json\/wp\/v2\/product\/1111","targetHints":{"allow":["GET"]}}],"collection":[{"href":"https:\/\/modeco-sklep.pl\/de\/wp-json\/wp\/v2\/product"}],"about":[{"href":"https:\/\/modeco-sklep.pl\/de\/wp-json\/wp\/v2\/types\/product"}],"replies":[{"embeddable":true,"href":"https:\/\/modeco-sklep.pl\/de\/wp-json\/wp\/v2\/comments?post=1111"}],"wp:featuredmedia":[{"embeddable":true,"href":"https:\/\/modeco-sklep.pl\/de\/wp-json\/wp\/v2\/media\/7111"}],"wp:attachment":[{"href":"https:\/\/modeco-sklep.pl\/de\/wp-json\/wp\/v2\/media?parent=1111"}],"wp:term":[{"taxonomy":"product_brand","embeddable":true,"href":"https:\/\/modeco-sklep.pl\/de\/wp-json\/wp\/v2\/product_brand?post=1111"},{"taxonomy":"product_cat","embeddable":true,"href":"https:\/\/modeco-sklep.pl\/de\/wp-json\/wp\/v2\/product_cat?post=1111"},{"taxonomy":"product_tag","embeddable":true,"href":"https:\/\/modeco-sklep.pl\/de\/wp-json\/wp\/v2\/product_tag?post=1111"}],"curies":[{"name":"wp","href":"https:\/\/api.w.org\/{rel}","templated":true}]}}