{"id":7804,"date":"2026-04-16T22:15:05","date_gmt":"2026-04-16T20:15:05","guid":{"rendered":"https:\/\/modeco-sklep.pl\/?page_id=7804"},"modified":"2026-04-16T22:15:06","modified_gmt":"2026-04-16T20:15:06","slug":"b2b-zusammenarbeit","status":"publish","type":"page","link":"https:\/\/modeco-sklep.pl\/de\/wspolpraca-b2b\/","title":{"rendered":"B2B-Zusammenarbeit"},"content":{"rendered":"<h4 class=\"wp-block-heading\"><\/h4>\n\n\n\n<p>Das Angebot richtet sich an Kfz-Profis, Werkst\u00e4tten und Textilgro\u00dfh\u00e4ndler.<\/p>\n\n\n\n<p>Wir haben uns auf den Verkauf von hochwertigen Automobilstoffen f\u00fcr die Polsterung, die Restaurierung von Fahrzeuginnenr\u00e4umen, die Herstellung und kundenspezifische Projekte spezialisiert. Unsere Stoffe vereinen Langlebigkeit, \u00c4sthetik und eine breite Palette von Mustern und Farben, die sowohl den Anforderungen von Standardentwicklungen als auch anspruchsvolleren Projekten gerecht werden.<\/p>\n\n\n\n<p>Wir freuen uns auf die Zusammenarbeit mit Ihnen:<\/p>\n\n\n\n<ul class=\"wp-block-list\">\n<li>Autopolsterer<\/li>\n\n\n\n<li>Kfz-Werkst\u00e4tten und Dienstleistungen<\/li>\n\n\n\n<li>Unternehmen, die auf Fahrzeugaufbauten spezialisiert sind<\/li>\n\n\n\n<li>Fachgesch\u00e4fte und Gro\u00dfh\u00e4ndler<\/li>\n\n\n\n<li>Autoreparaturlackierbetriebe<\/li>\n<\/ul>\n\n\n\n<p>Wir bieten:<\/p>\n\n\n\n<ul class=\"wp-block-list\">\n<li>wettbewerbsf\u00e4hige Gesch\u00e4ftsbedingungen f\u00fcr B2B-Partner<\/li>\n\n\n\n<li>eine breite, sich st\u00e4ndig weiterentwickelnde Palette von Stoffen<\/li>\n\n\n\n<li>hohe Verf\u00fcgbarkeit von Schl\u00fcsselprodukten<\/li>\n\n\n\n<li>Unterst\u00fctzung bei der Auswahl der geeigneten Materialien<\/li>\n\n\n\n<li>effiziente und rechtzeitige Ausf\u00fchrung von Auftr\u00e4gen<\/li>\n<\/ul>\n\n\n\n<p>Wir setzen auf eine langfristige Zusammenarbeit, die auf Vertrauen, Qualit\u00e4t und einem flexiblen Umgang mit den Bed\u00fcrfnissen unserer Gesch\u00e4ftspartner beruht.<\/p>\n\n\n\n<p>Wenn Sie an einer Zusammenarbeit interessiert sind, setzen Sie sich bitte mit uns in Verbindung - wir werden Ihnen ein auf die Besonderheiten Ihres Unternehmens zugeschnittenes Angebot erstellen.<\/p>\n\n\n\n<p><strong>Hubert Dolmatow<\/strong><\/p>\n\n\n\n<p>E-Mail: <a href=\"mailto:hubert@modeco-tkaniny.pl\">hubert@modeco-tkaniny.pl<\/a><\/p>\n\n\n\n<p>Tel: +48 515594002<\/p>\n\n\n\n<p><strong>Urszula Borkowska (Internationale Kunden)<\/strong><\/p>\n\n\n\n<p>E-Mail: <a href=\"mailto:urszula@modeco-tkaniny.pl\">urszula@modeco-tkaniny.pl<\/a><\/p>\n\n\n\n<p>Tel: +48 690520221 ( Polnisch und Englisch )<\/p>\n\n\n\n<p><\/p>","protected":false},"excerpt":{"rendered":"<p>Oferta skierowana do profesjonalist\u00f3w z bran\u017cy motoryzacyjnej, sklep\u00f3w oraz hurtowni tkanin. Specjalizujemy si\u0119 w sprzeda\u017cy wysokiej jako\u015bci tkanin samochodowych, kt\u00f3re znajduj\u0105 zastosowanie w tapicerstwie, renowacji wn\u0119trz pojazd\u00f3w, produkcji oraz projektach indywidualnych. Nasze materia\u0142y \u0142\u0105cz\u0105 trwa\u0142o\u015b\u0107, estetyk\u0119 oraz szerok\u0105 gam\u0119 wzor\u00f3w i kolor\u00f3w, odpowiadaj\u0105c zar\u00f3wno na potrzeby standardowych realizacji, jak i bardziej wymagaj\u0105cych projekt\u00f3w. Do wsp\u00f3\u0142pracy&#8230;<\/p>","protected":false},"author":1938,"featured_media":0,"parent":0,"menu_order":0,"comment_status":"closed","ping_status":"closed","template":"","meta":{"_acf_changed":false,"_kad_blocks_custom_css":"","_kad_blocks_head_custom_js":"","_kad_blocks_body_custom_js":"","_kad_blocks_footer_custom_js":"","_kad_post_transparent":"","_kad_post_title":"","_kad_post_layout":"","_kad_post_sidebar_id":"","_kad_post_content_style":"","_kad_post_vertical_padding":"","_kad_post_feature":"","_kad_post_feature_position":"","_kad_post_header":false,"_kad_post_footer":false,"_kad_post_classname":"","footnotes":""},"class_list":["post-7804","page","type-page","status-publish","hentry"],"acf":[],"taxonomy_info":[],"featured_image_src_large":false,"author_info":{"display_name":"Maciej Borkowski","author_link":"https:\/\/modeco-sklep.pl\/de\/author\/maciek\/"},"comment_info":0,"_links":{"self":[{"href":"https:\/\/modeco-sklep.pl\/de\/wp-json\/wp\/v2\/pages\/7804","targetHints":{"allow":["GET"]}}],"collection":[{"href":"https:\/\/modeco-sklep.pl\/de\/wp-json\/wp\/v2\/pages"}],"about":[{"href":"https:\/\/modeco-sklep.pl\/de\/wp-json\/wp\/v2\/types\/page"}],"author":[{"embeddable":true,"href":"https:\/\/modeco-sklep.pl\/de\/wp-json\/wp\/v2\/users\/1938"}],"replies":[{"embeddable":true,"href":"https:\/\/modeco-sklep.pl\/de\/wp-json\/wp\/v2\/comments?post=7804"}],"version-history":[{"count":0,"href":"https:\/\/modeco-sklep.pl\/de\/wp-json\/wp\/v2\/pages\/7804\/revisions"}],"wp:attachment":[{"href":"https:\/\/modeco-sklep.pl\/de\/wp-json\/wp\/v2\/media?parent=7804"}],"curies":[{"name":"wp","href":"https:\/\/api.w.org\/{rel}","templated":true}]}}