{"id":1524,"date":"2025-06-13T06:06:07","date_gmt":"2025-06-13T06:06:07","guid":{"rendered":"https:\/\/modeco.mywebwork.net\/?page_id=1524"},"modified":"2026-04-16T22:01:53","modified_gmt":"2026-04-16T20:01:53","slug":"kontakt","status":"publish","type":"page","link":"https:\/\/modeco-sklep.pl\/de\/kontakt\/","title":{"rendered":"Kontakt"},"content":{"rendered":"<style>.kb-row-layout-id1524_14c040-1a > .kt-row-column-wrap{align-content:start;}:where(.kb-row-layout-id1524_14c040-1a > .kt-row-column-wrap) > .wp-block-kadence-column{justify-content:start;}.kb-row-layout-id1524_14c040-1a > .kt-row-column-wrap{column-gap:var(--global-kb-gap-md, 2rem);row-gap:var(--global-kb-gap-md, 2rem);padding-top:var(--global-kb-spacing-sm, 1.5rem);padding-bottom:var(--global-kb-spacing-sm, 1.5rem);grid-template-columns:minmax(0, 1fr) minmax(0, 2fr);}.kb-row-layout-id1524_14c040-1a > .kt-row-layout-overlay{opacity:0.30;}@media all and (max-width: 1024px){.kb-row-layout-id1524_14c040-1a > .kt-row-column-wrap{grid-template-columns:minmax(0, 1fr) minmax(0, 2fr);}}@media all and (max-width: 767px){.kb-row-layout-id1524_14c040-1a > .kt-row-column-wrap{grid-template-columns:minmax(0, 1fr);}}<\/style><div class=\"kb-row-layout-wrap kb-row-layout-id1524_14c040-1a alignnone wp-block-kadence-rowlayout\"><div class=\"kt-row-column-wrap kt-has-2-columns kt-row-layout-right-golden kt-tab-layout-inherit kt-mobile-layout-row kt-row-valign-top\">\n<style>.kadence-column1524_591d51-b4 > .kt-inside-inner-col,.kadence-column1524_591d51-b4 > .kt-inside-inner-col:before{border-top-left-radius:0px;border-top-right-radius:0px;border-bottom-right-radius:0px;border-bottom-left-radius:0px;}.kadence-column1524_591d51-b4 > .kt-inside-inner-col{column-gap:var(--global-kb-gap-sm, 1rem);}.kadence-column1524_591d51-b4 > .kt-inside-inner-col{flex-direction:column;}.kadence-column1524_591d51-b4 > .kt-inside-inner-col > .aligncenter{width:100%;}.kadence-column1524_591d51-b4 > .kt-inside-inner-col:before{opacity:0.3;}.kadence-column1524_591d51-b4{position:relative;}@media all and (max-width: 1024px){.kadence-column1524_591d51-b4 > .kt-inside-inner-col{flex-direction:column;justify-content:center;}}@media all and (max-width: 767px){.kadence-column1524_591d51-b4 > .kt-inside-inner-col{flex-direction:column;justify-content:center;}}<\/style>\n<div class=\"wp-block-kadence-column kadence-column1524_591d51-b4\"><div class=\"kt-inside-inner-col\">\n<h3 class=\"wp-block-heading\"><strong>MODECO<\/strong> GROUP SP Z.O.O.<\/h3>\n\n\n\n<ul class=\"wp-block-list\">\n<li>15-585 Bia\u0142ystok ul. Zab\u0142udowska 41<\/li>\n\n\n\n<li>e-mail: <a href=\"mailto:kontakt@modeco-sklep.pl\">kontakt@modeco-sklep.pl<\/a><\/li>\n\n\n\n<li>NIP: 9662215201<\/li>\n<\/ul>\n\n\n<style>.wp-block-kadence-advancedheading.kt-adv-heading1524_60505e-c2, .wp-block-kadence-advancedheading.kt-adv-heading1524_60505e-c2[data-kb-block=\"kb-adv-heading1524_60505e-c2\"]{font-size:var(--global-kb-font-size-md, 1.25rem);font-style:normal;}.wp-block-kadence-advancedheading.kt-adv-heading1524_60505e-c2 mark.kt-highlight, .wp-block-kadence-advancedheading.kt-adv-heading1524_60505e-c2[data-kb-block=\"kb-adv-heading1524_60505e-c2\"] mark.kt-highlight{font-style:normal;color:#f76a0c;-webkit-box-decoration-break:clone;box-decoration-break:clone;padding-top:0px;padding-right:0px;padding-bottom:0px;padding-left:0px;}.wp-block-kadence-advancedheading.kt-adv-heading1524_60505e-c2 img.kb-inline-image, .wp-block-kadence-advancedheading.kt-adv-heading1524_60505e-c2[data-kb-block=\"kb-adv-heading1524_60505e-c2\"] img.kb-inline-image{width:150px;vertical-align:baseline;}<\/style>\n<h3 class=\"kt-adv-heading1524_60505e-c2 wp-block-kadence-advancedheading\" data-kb-block=\"kb-adv-heading1524_60505e-c2\"><strong>Zam\u00f3wienie, informacje i doradztwo techniczne:<\/strong><\/h3>\n\n\n\n<ul class=\"wp-block-list\">\n<li>+48 690 520 221<\/li>\n\n\n\n<li>+48 515 594 002<\/li>\n<\/ul>\n\n\n<style>.wp-block-kadence-advancedheading.kt-adv-heading1524_d44fad-74, .wp-block-kadence-advancedheading.kt-adv-heading1524_d44fad-74[data-kb-block=\"kb-adv-heading1524_d44fad-74\"]{font-size:var(--global-kb-font-size-md, 1.25rem);font-style:normal;}.wp-block-kadence-advancedheading.kt-adv-heading1524_d44fad-74 mark.kt-highlight, .wp-block-kadence-advancedheading.kt-adv-heading1524_d44fad-74[data-kb-block=\"kb-adv-heading1524_d44fad-74\"] mark.kt-highlight{font-style:normal;color:#f76a0c;-webkit-box-decoration-break:clone;box-decoration-break:clone;padding-top:0px;padding-right:0px;padding-bottom:0px;padding-left:0px;}.wp-block-kadence-advancedheading.kt-adv-heading1524_d44fad-74 img.kb-inline-image, .wp-block-kadence-advancedheading.kt-adv-heading1524_d44fad-74[data-kb-block=\"kb-adv-heading1524_d44fad-74\"] img.kb-inline-image{width:150px;vertical-align:baseline;}<\/style>\n<h3 class=\"kt-adv-heading1524_d44fad-74 wp-block-kadence-advancedheading\" data-kb-block=\"kb-adv-heading1524_d44fad-74\"><strong>Godziny otwarcia sklepu:<\/strong><\/h3>\n\n\n\n<ul class=\"wp-block-list\">\n<li>PN-PT: 9.00 \u2013 16.00<\/li>\n\n\n\n<li>SOBOTA-NIEDZIELA: Nieczynne<\/li>\n<\/ul>\n<\/div><\/div>\n\n\n<style>.kadence-column1524_ff1fca-a8 > .kt-inside-inner-col,.kadence-column1524_ff1fca-a8 > .kt-inside-inner-col:before{border-top-left-radius:0px;border-top-right-radius:0px;border-bottom-right-radius:0px;border-bottom-left-radius:0px;}.kadence-column1524_ff1fca-a8 > .kt-inside-inner-col{column-gap:var(--global-kb-gap-sm, 1rem);}.kadence-column1524_ff1fca-a8 > .kt-inside-inner-col{flex-direction:column;}.kadence-column1524_ff1fca-a8 > .kt-inside-inner-col > .aligncenter{width:100%;}.kadence-column1524_ff1fca-a8 > .kt-inside-inner-col:before{opacity:0.3;}.kadence-column1524_ff1fca-a8{position:relative;}@media all and (max-width: 1024px){.kadence-column1524_ff1fca-a8 > .kt-inside-inner-col{flex-direction:column;justify-content:center;}}@media all and (max-width: 767px){.kadence-column1524_ff1fca-a8 > .kt-inside-inner-col{flex-direction:column;justify-content:center;}}<\/style>\n<div class=\"wp-block-kadence-column kadence-column1524_ff1fca-a8\"><div class=\"kt-inside-inner-col\"><style id=\"wpforms-css-vars-1604-block-6866a09e-b991-493a-ac31-b949e0e5c036\">\n\t\t\t\t#wpforms-1604.wpforms-block-6866a09e-b991-493a-ac31-b949e0e5c036 {\n\t\t\t\t--wpforms-button-background-color: var(--theme-palette-color-1, #D79F04);\n--wpforms-field-size-input-height: 43px;\n--wpforms-field-size-input-spacing: 15px;\n--wpforms-field-size-font-size: 16px;\n--wpforms-field-size-line-height: 19px;\n--wpforms-field-size-padding-h: 14px;\n--wpforms-field-size-checkbox-size: 16px;\n--wpforms-field-size-sublabel-spacing: 5px;\n--wpforms-field-size-icon-size: 1;\n--wpforms-label-size-font-size: 16px;\n--wpforms-label-size-line-height: 19px;\n--wpforms-label-size-sublabel-font-size: 14px;\n--wpforms-label-size-sublabel-line-height: 17px;\n--wpforms-button-size-font-size: 17px;\n--wpforms-button-size-height: 41px;\n--wpforms-button-size-padding-h: 15px;\n--wpforms-button-size-margin-top: 10px;\n--wpforms-container-shadow-size-box-shadow: none;\n\t\t\t}\n\t\t\t<\/style><div class=\"wpforms-container wpforms-container-full wpforms-block wpforms-block-6866a09e-b991-493a-ac31-b949e0e5c036 wpforms-render-modern\" id=\"wpforms-1604\"><form id=\"wpforms-form-1604\" class=\"wpforms-validate wpforms-form wpforms-ajax-form\" data-formid=\"1604\" method=\"post\" enctype=\"multipart\/form-data\" action=\"\/de\/wp-json\/wp\/v2\/pages\/1524\" data-token=\"c9e971f993ac8f39396a9e203fe00d34\" data-token-time=\"1777304537\"><noscript class=\"wpforms-error-noscript\">Please enable JavaScript in your browser to complete this form.<\/noscript><div id=\"wpforms-error-noscript\" style=\"display: none;\">Please enable JavaScript in your browser to complete this form.<\/div><div class=\"wpforms-field-container\">\t\t<div id=\"wpforms-1604-field_1-container\"\n\t\t\tclass=\"wpforms-field wpforms-field-text\"\n\t\t\tdata-field-type=\"text\"\n\t\t\tdata-field-id=\"1\"\n\t\t\t>\n\t\t\t<label class=\"wpforms-field-label\" for=\"wpforms-1604-field_1\" >Zgoda Uk\u0142ad e-mail<\/label>\n\t\t\t<input type=\"text\" id=\"wpforms-1604-field_1\" class=\"wpforms-field-medium\" name=\"wpforms[fields][1]\" >\n\t\t<\/div>\n\t\t<div id=\"wpforms-1604-field_3-container\" class=\"wpforms-field wpforms-field-text\" data-field-id=\"3\"><label class=\"wpforms-field-label wpforms-label-hide\" for=\"wpforms-1604-field_3\" aria-hidden=\"false\">Imi\u0119 i nazwisko <span class=\"wpforms-required-label\" aria-hidden=\"true\">*<\/span><\/label><input type=\"text\" id=\"wpforms-1604-field_3\" class=\"wpforms-field-large wpforms-field-required\" name=\"wpforms[fields][3]\" placeholder=\"Imi\u0119 i nazwisko\" aria-errormessage=\"wpforms-1604-field_3-error\" required><\/div><div id=\"wpforms-1604-field_8-container\" class=\"wpforms-field wpforms-field-layout\" data-field-id=\"8\"><div class=\"wpforms-field-layout-rows wpforms-field-large\"><div class=\"wpforms-layout-row\"><div class=\"wpforms-layout-column wpforms-layout-column-50\"><div id=\"wpforms-1604-field_2-container\" class=\"wpforms-field wpforms-field-email\" data-field-id=\"2\"><label class=\"wpforms-field-label wpforms-label-hide\" for=\"wpforms-1604-field_2\" aria-hidden=\"false\">Adres e-mail <span class=\"wpforms-required-label\" aria-hidden=\"true\">*<\/span><\/label><input type=\"email\" id=\"wpforms-1604-field_2\" class=\"wpforms-field-large wpforms-field-required\" name=\"wpforms[fields][2]\" placeholder=\"Adres e-mail\" spellcheck=\"false\" aria-errormessage=\"wpforms-1604-field_2-error\" required><\/div><\/div><div class=\"wpforms-layout-column wpforms-layout-column-50\"><div id=\"wpforms-1604-field_4-container\" class=\"wpforms-field wpforms-field-text\" data-field-id=\"4\"><label class=\"wpforms-field-label wpforms-label-hide\" for=\"wpforms-1604-field_4\" aria-hidden=\"false\">Nr telefonu<\/label><input type=\"text\" id=\"wpforms-1604-field_4\" class=\"wpforms-field-large\" name=\"wpforms[fields][4]\" placeholder=\"Nr telefonu\" aria-errormessage=\"wpforms-1604-field_4-error\" ><\/div><\/div><\/div><\/div><\/div><div id=\"wpforms-1604-field_5-container\" class=\"wpforms-field wpforms-field-textarea\" data-field-id=\"5\"><label class=\"wpforms-field-label wpforms-label-hide\" for=\"wpforms-1604-field_5\" aria-hidden=\"false\">Wiadomo\u015b\u0107<\/label><textarea id=\"wpforms-1604-field_5\" class=\"wpforms-field-medium\" name=\"wpforms[fields][5]\" placeholder=\"Wiadomo\u015b\u0107\" aria-errormessage=\"wpforms-1604-field_5-error\" ><\/textarea><\/div><div id=\"wpforms-1604-field_6-container\" class=\"wpforms-field wpforms-field-gdpr-checkbox\" data-field-id=\"6\"><label class=\"wpforms-field-label\">Zgoda RODO <span class=\"wpforms-required-label\" aria-hidden=\"true\">*<\/span><\/label><ul id=\"wpforms-1604-field_6\" class=\"wpforms-field-required\"><li class=\"choice-1\"><input type=\"checkbox\" id=\"wpforms-1604-field_6_1\" name=\"wpforms[fields][6][]\" value=\"Zgadzam si\u0119 na przechowywanie przes\u0142anych przeze mnie informacji w tej witrynie internetowej do cel\u00f3w udzielenia odpowiedzi na moje zapytanie.\" aria-errormessage=\"wpforms-1604-field_6_1-error\" required ><label class=\"wpforms-field-label-inline\" for=\"wpforms-1604-field_6_1\">Zgadzam si\u0119 na przechowywanie przes\u0142anych przeze mnie informacji w tej witrynie internetowej do cel\u00f3w udzielenia odpowiedzi na moje zapytanie.<\/label><\/li><\/ul><\/div><script>\n\t\t\t\t( function() {\n\t\t\t\t\tconst style = document.createElement( 'style' );\n\t\t\t\t\tstyle.appendChild( document.createTextNode( '#wpforms-1604-field_1-container { position: absolute !important; overflow: hidden !important; display: inline !important; height: 1px !important; width: 1px !important; z-index: -1000 !important; padding: 0 !important; } #wpforms-1604-field_1-container input { visibility: hidden; } #wpforms-conversational-form-page #wpforms-1604-field_1-container label { counter-increment: none; }' ) );\n\t\t\t\t\tdocument.head.appendChild( style );\n\t\t\t\t\tdocument.currentScript?.remove();\n\t\t\t\t} )();\n\t\t\t<\/script><\/div><!-- .wpforms-field-container --><div class=\"wpforms-submit-container\" ><input type=\"hidden\" name=\"wpforms[id]\" value=\"1604\"><input type=\"hidden\" name=\"page_title\" value=\"\"><input type=\"hidden\" name=\"page_url\" value=\"https:\/\/modeco-sklep.pl\/de\/wp-json\/wp\/v2\/pages\/1524\"><input type=\"hidden\" name=\"url_referer\" value=\"\"><button type=\"submit\" name=\"wpforms[submit]\" id=\"wpforms-submit-1604\" class=\"wpforms-submit\" data-alt-text=\"Wysy\u0142anie...\" data-submit-text=\"Prze\u015blij\" aria-live=\"assertive\" value=\"wpforms-submit\">Prze\u015blij<\/button><img loading=\"lazy\" decoding=\"async\" src=\"https:\/\/modeco-sklep.pl\/wp-content\/plugins\/wpforms\/assets\/images\/submit-spin.svg\" class=\"wpforms-submit-spinner\" style=\"display: none;\" width=\"26\" height=\"26\" alt=\"Loading\"><\/div><\/form><\/div>  <!-- .wpforms-container --><\/div><\/div>\n\n<\/div><\/div>","protected":false},"excerpt":{"rendered":"<p>MODECO GROUP SP Z.O.O. Zam\u00f3wienie, informacje i doradztwo techniczne: Godziny otwarcia sklepu:<\/p>","protected":false},"author":1940,"featured_media":0,"parent":0,"menu_order":0,"comment_status":"closed","ping_status":"closed","template":"","meta":{"_acf_changed":false,"_kad_blocks_custom_css":"","_kad_blocks_head_custom_js":"","_kad_blocks_body_custom_js":"","_kad_blocks_footer_custom_js":"","_kad_post_transparent":"","_kad_post_title":"","_kad_post_layout":"","_kad_post_sidebar_id":"","_kad_post_content_style":"","_kad_post_vertical_padding":"","_kad_post_feature":"","_kad_post_feature_position":"","_kad_post_header":false,"_kad_post_footer":false,"_kad_post_classname":"","footnotes":""},"class_list":["post-1524","page","type-page","status-publish","hentry"],"acf":[],"taxonomy_info":[],"featured_image_src_large":false,"author_info":{"display_name":"Modeco Sklep","author_link":"https:\/\/modeco-sklep.pl\/de\/author\/modeco\/"},"comment_info":0,"_links":{"self":[{"href":"https:\/\/modeco-sklep.pl\/de\/wp-json\/wp\/v2\/pages\/1524","targetHints":{"allow":["GET"]}}],"collection":[{"href":"https:\/\/modeco-sklep.pl\/de\/wp-json\/wp\/v2\/pages"}],"about":[{"href":"https:\/\/modeco-sklep.pl\/de\/wp-json\/wp\/v2\/types\/page"}],"author":[{"embeddable":true,"href":"https:\/\/modeco-sklep.pl\/de\/wp-json\/wp\/v2\/users\/1940"}],"replies":[{"embeddable":true,"href":"https:\/\/modeco-sklep.pl\/de\/wp-json\/wp\/v2\/comments?post=1524"}],"version-history":[{"count":0,"href":"https:\/\/modeco-sklep.pl\/de\/wp-json\/wp\/v2\/pages\/1524\/revisions"}],"wp:attachment":[{"href":"https:\/\/modeco-sklep.pl\/de\/wp-json\/wp\/v2\/media?parent=1524"}],"curies":[{"name":"wp","href":"https:\/\/api.w.org\/{rel}","templated":true}]}}